{"id":6452,"date":"2025-10-10T21:38:17","date_gmt":"2025-10-11T00:38:17","guid":{"rendered":"https:\/\/atividademapa.com\/?post_type=product&#038;p=6452"},"modified":"2025-10-10T21:38:18","modified_gmt":"2025-10-11T00:38:18","slug":"mapa-atividades-de-academia-54-2025","status":"publish","type":"product","link":"https:\/\/atividademapa.com\/?product=mapa-atividades-de-academia-54-2025","title":{"rendered":"Mapa Atividades de Academia 54\/2025"},"content":{"rendered":"<div class=\"enunciado\">\n<div class=\"panel-body p-t-20 b-t b-grey\">\n<div class=\"painel-questao\">\n<div class=\"painel-questao-titulo cursor\">QUEST\u00c3O 1<\/div>\n<\/div>\n<\/div>\n<\/div>\n<div>Nas academias, a gin\u00e1stica de condicionamento se consolidou enquanto modalidade de exerc\u00edcio f\u00edsico como um meio de aprimorar os componentes da aptid\u00e3o f\u00edsica, como resist\u00eancia, for\u00e7a e flexibilidade, por meio de aulas coletivas, coreografadas e orientadas por diferentes estilos musicais. No cen\u00e1rio atual, existe uma grande variedade de modalidades de gin\u00e1stica que podem ser ofertadas nas academias. Estas modalidades podem ou n\u00e3o fazer uso de diferentes equipamentos e tecnologias, e foram\/s\u00e3o desenvolvidas para atender os diversos p\u00fablicos que frequentam este local de treinamento.<\/div>\n<p>&nbsp;<\/p>\n<div>Fonte: MATSUO, A. R.; IBA, F.L.\u00a0<strong>Atividades de academia.<\/strong>\u00a0Maring\u00e1: Unicesumar, 2020 (adaptado).<\/div>\n<p>&nbsp;<\/p>\n<div>\n<p>Diante do contexto apresentado acima, suponha que voc\u00ea est\u00e1 estagiando em uma academia e o coordenador lhe d\u00e1 novas atribui\u00e7\u00f5es, agora no setor da gin\u00e1stica de academia. Antes de iniciar suas tarefas neste novo setor, para testar seus conhecimentos sobre a \u00e1rea, o coordenador lhe aplicou 4 atividades. Estas atividades est\u00e3o descritas no MODELO DE MAPA \u2013 ATIVIDADES DE ACADEMIA.<\/p>\n<p>Sendo assim, siga as orienta\u00e7\u00f5es abaixo.<\/p>\n<p><strong>Orienta\u00e7\u00f5es para a realiza\u00e7\u00e3o da atividade<\/strong><\/p>\n<p>&#8211; Fa\u00e7a o download do arquivo MODELO DE MAPA \u2013 ATIVIDADES DE ACADEMIA, que se encontra no Material da Disciplina;<\/p>\n<p>&#8211; Leia atentamente as informa\u00e7\u00f5es e tire suas d\u00favidas com o professor mediador antes de entregar sua atividade;<\/p>\n<p>&#8211; Utilize o livro (PDF) da disciplina como principal fonte de apoio;<\/p>\n<p>&#8211; Antes de entregar a atividade, confira se o arquivo est\u00e1 correto (poder\u00e1 ser entregue o arquivo em formato Word ou PDF).<\/p>\n<p>&#8211; Todas as atividades do curso s\u00e3o avaliadas conforme o que est\u00e1 sendo solicitado e as instru\u00e7\u00f5es fornecidas. Sendo assim, o descumprimento dessas orienta\u00e7\u00f5es sempre acarreta algum desconto na nota.<\/p>\n<p><em>ATEN\u00c7\u00c3O: Todas as atividades abaixo est\u00e3o descritas no MODELO DE MAPA.<\/em><\/p>\n<p><strong>ATIVIDADE 1<\/strong><\/p>\n<p>No campo da Educa\u00e7\u00e3o F\u00edsica, o planejamento \u00e9 uma ferramenta essencial para garantir a organiza\u00e7\u00e3o, a coer\u00eancia e a efic\u00e1cia do processo de treinamento. Ele permite estruturar de forma l\u00f3gica a progress\u00e3o das atividades, definindo objetivos claros para cada sess\u00e3o. No contexto das gin\u00e1sticas de academia, as sess\u00f5es s\u00e3o denominadas \u201caulas\u201d e estas s\u00e3o organizadas, basicamente, em quatro partes: Introdu\u00e7\u00e3o, Aquecimento, Parte principal e Volta \u00e0 calma. Desta forma, descreva qual a finalidade (objetivo) e o que acontece em cada uma dessas partes.<\/p>\n<p><strong>ATIVIDADE 2<\/strong><\/p>\n<p>A gin\u00e1stica localizada \u00e9 reconhecida como uma das modalidades mais tradicionais no ambiente das academias, caracterizando-se por integrar exerc\u00edcios resistidos ao formato de aulas coletivas e coreografadas. Essa pr\u00e1tica tem como principal objetivo o fortalecimento muscular localizado, utilizando o peso do pr\u00f3prio corpo ou alguns acess\u00f3rios\/equipamentos. Os movimentos propostos guardam semelhan\u00e7as com os exerc\u00edcios realizados na muscula\u00e7\u00e3o, por\u00e9m s\u00e3o adaptados para a din\u00e2mica de grupo e com maior \u00eanfase na repeti\u00e7\u00e3o e na coordena\u00e7\u00e3o motora.<\/p>\n<p>Nesse contexto, considerando as discuss\u00f5es e o material da disciplina, voc\u00ea deve responder as duas quest\u00f5es que se seguem.<\/p>\n<p><strong>1.<\/strong>\u00a0Os exerc\u00edcios que comp\u00f5em uma aula de Gin\u00e1stica localizada podem fazer ou n\u00e3o o uso de materiais (equipamentos) para a sua execu\u00e7\u00e3o. Sendo assim, cite quais s\u00e3o os principais materiais que podem ser utilizados nesse tipo de aula.<\/p>\n<p><strong>2.<\/strong>\u00a0Independente do exerc\u00edcio f\u00edsico, alguns cuidados devem ser tomados para que ele tenha qualidade e ofere\u00e7a riscos m\u00ednimos aos praticantes. Desta forma, quais s\u00e3o as recomenda\u00e7\u00f5es de seguran\u00e7a para a pr\u00e1tica da Gin\u00e1stica localizada?<\/p>\n<p><strong>ATIVIDADE 3<\/strong><\/p>\n<p>Nesse momento voc\u00ea ir\u00e1 planejar e organizar, de modo geral, uma aula de Gin\u00e1stica localizada. Para isso preencha o quadro abaixo com as informa\u00e7\u00f5es necess\u00e1rias, de acordo com as seguintes orienta\u00e7\u00f5es:<\/p>\n<p>&#8211; Esta aula dever\u00e1 ser composta por 6 m\u00fasicas ao todo;<\/p>\n<p>&#8211; Voc\u00ea dever\u00e1 escolher entre 2 e 4 grupos musculares que ser\u00e3o estimulados (trabalhados) ao longo de toda a aula;<\/p>\n<p>&#8211; No campo \u201cNome da m\u00fasica, insira o nome da m\u00fasica e do artista. Por exemplo,\u00a0<em>Jovem Dionisio &#8211; Acorda Pedrinho (Lamic Remix)<\/em>. Voc\u00ea deve inserir 6 m\u00fasicas diferentes.<\/p>\n<p>&#8211; No campo \u201cDura\u00e7\u00e3o\u201d dever\u00e1 ser informada a dura\u00e7\u00e3o de cada m\u00fasica. Exemplo, suponha que a dura\u00e7\u00e3o seja de tr\u00eas minutos e onze segundos, ent\u00e3o dever\u00e1 ser preenchido como\u00a0<em>3:11<\/em>.<\/p>\n<p>&#8211; Cada m\u00fasica dever\u00e1 ter um objetivo espec\u00edfico e este dever\u00e1 ser indicado no campo \u201cObjetivo da m\u00fasica\u201d. Um exemplo: \u201c<em>Estimular os m\u00fasculos abdominais<\/em>,<em>\u00a0em espec\u00edfico os obl\u00edquos\u201d<\/em>.<\/p>\n<p>&#8211; Em cada m\u00fasica dever\u00e3o ser listados os exerc\u00edcios que ser\u00e3o executados. Isto deve ser feito no campo \u201cExerc\u00edcios programados\u201d. Por exemplo:\u00a0<em>Abdominal reto, abdominal infra, Abdominal Twist, prancha<\/em>. Procure listar entre 4 e 6 exerc\u00edcios por m\u00fasica.<\/div>\n<p>&nbsp;<\/p>\n<table border=\"1\" cellspacing=\"0\" cellpadding=\"0\">\n<tbody>\n<tr>\n<td rowspan=\"2\"><strong>Etapa<\/strong><\/td>\n<td colspan=\"2\"><strong>M\u00fasica<\/strong><\/td>\n<td rowspan=\"2\"><strong>Dura\u00e7\u00e3o<\/strong><\/td>\n<td rowspan=\"2\"><strong>Objetivo da m\u00fasica<\/strong><\/td>\n<td rowspan=\"2\"><strong>Exerc\u00edcios programados<\/strong><\/td>\n<\/tr>\n<tr>\n<td><strong>n.<\/strong><\/td>\n<td><strong>Nome da m\u00fasica<\/strong><\/td>\n<\/tr>\n<tr>\n<td><strong>Aquecimento<\/strong><\/td>\n<td>1<\/td>\n<td><\/td>\n<td><\/td>\n<td><\/td>\n<td><\/td>\n<\/tr>\n<tr>\n<td rowspan=\"4\"><strong>Parte principal<\/strong><\/td>\n<td>2<\/td>\n<td><\/td>\n<td><\/td>\n<td><\/td>\n<td><\/td>\n<\/tr>\n<tr>\n<td>3<\/td>\n<td><\/td>\n<td><\/td>\n<td><\/td>\n<td><\/td>\n<\/tr>\n<tr>\n<td>4<\/td>\n<td><\/td>\n<td><\/td>\n<td><\/td>\n<td><\/td>\n<\/tr>\n<tr>\n<td>5<\/td>\n<td><\/td>\n<td><\/td>\n<td><\/td>\n<td><\/td>\n<\/tr>\n<tr>\n<td><strong>Volta \u00e0 calma<\/strong><\/td>\n<td>6<\/td>\n<td><\/td>\n<td><\/td>\n<td><\/td>\n<td><\/td>\n<\/tr>\n<\/tbody>\n<\/table>\n<p>&nbsp;<\/p>\n<div><strong>ATIVIDADE 4<\/strong><\/p>\n<p>No contexto da gin\u00e1stica de academia, a coreografia se refere ao planejamento estruturado da movimenta\u00e7\u00e3o em sincronia com a m\u00fasica, sendo essencial para organizar as aulas coletivas de forma din\u00e2mica e funcional. Ela \u00e9 a combina\u00e7\u00e3o harm\u00f4nica entre ritmo, tempo musical e movimentos espec\u00edficos de cada modalidade. Uma ferramenta pedag\u00f3gica amplamente utilizada nesse processo \u00e9 a nota de coreografia, que permite registrar, esquematizar e visualizar a sequ\u00eancia de movimentos, facilitando tanto a elabora\u00e7\u00e3o quanto a reprodu\u00e7\u00e3o das aulas por parte do profissional de Educa\u00e7\u00e3o F\u00edsica.<\/p>\n<p>Um exemplo de coreografia pode ser observado acessando o\u00a0<em>Link<\/em>:\u00a0<strong>https:\/\/youtu.be\/TlC2yrtD0eU<\/strong><\/p>\n<p>A quadro abaixo representa a nota da coreografia apresentada. Observe que est\u00e3o faltando informa\u00e7\u00f5es nas colunas \u201cMovimento\u201d e \u201cRepeti\u00e7\u00e3o\u201d em exerc\u00edcio f\u00edsico. Desta forma, assista novamente o v\u00eddeo da coreografia e complete as informa\u00e7\u00f5es pendentes. Importante! No final do v\u00eddeo da coreografia s\u00e3o apresentados os nomes dos movimentos realizados, utilize a nomenclatura apresentada para preencher o quadro corretamente.<\/p><\/div>\n<p>&nbsp;<\/p>\n<table border=\"1\" cellspacing=\"0\" cellpadding=\"0\">\n<tbody>\n<tr>\n<td colspan=\"3\"><strong>M\u00fasica<\/strong><\/td>\n<td colspan=\"3\"><strong>Exerc\u00edcio F\u00edsico<\/strong><\/td>\n<\/tr>\n<tr>\n<td><strong>Mapeamento<\/strong><\/td>\n<td><strong>Instrumento\/efeito\/letra<\/strong><\/td>\n<td><strong>Contagem<\/strong><\/td>\n<td><strong>Movimento<\/strong><\/td>\n<td><strong>Tempo<\/strong><\/td>\n<td><strong>Repeti\u00e7\u00e3o<\/strong><\/td>\n<\/tr>\n<tr>\n<td rowspan=\"3\">Introdu\u00e7\u00e3o<\/td>\n<td>Bumbo, prato e palma<\/td>\n<td>2&#215;8<\/td>\n<td>Prepara\u00e7\u00e3o<\/td>\n<td>16t<\/td>\n<td>&#8212;<\/td>\n<\/tr>\n<tr>\n<td>Letra: \u201c<strong>Longa<\/strong>\u00a0&#8230;\u201d<\/td>\n<td>2&#215;8<\/td>\n<td>Agachamento<\/td>\n<td>8t<\/td>\n<td>2x<\/td>\n<\/tr>\n<tr>\n<td>Letra: \u201c<strong>Don<\/strong>, don, dig &#8230;\u201d<\/td>\n<td>4&#215;8<\/td>\n<td>Agachamento<\/td>\n<td>4t<\/td>\n<td>8x<\/td>\n<\/tr>\n<tr>\n<td>Refr\u00e3o 1<\/td>\n<td>Acapela<\/p>\n<p>Letra: \u201c<strong>N\u00e3o<\/strong>\u00a0sei mais &#8230;\u201d<\/td>\n<td>2&#215;8<\/td>\n<td>Transi\u00e7\u00e3o<\/td>\n<td>16t<\/td>\n<td>&#8212;<\/td>\n<\/tr>\n<tr>\n<td>Verso 1<\/td>\n<td>Guitarra e palma<\/p>\n<p>Letra: \u201c<strong>A-corda<\/strong>\u00a0Pedrinho &#8230;\u201d<\/td>\n<td>4&#215;8<\/td>\n<td><\/td>\n<td>8t<\/td>\n<td><\/td>\n<\/tr>\n<tr>\n<td>Verso 2<\/td>\n<td>Guitarra e palma<\/p>\n<p>Letra: \u201c<strong>Sexta-feir-a-dianta<\/strong>\u00a0treinar &#8230;\u201d<\/td>\n<td>2&#215;8<\/td>\n<td><\/td>\n<td>4t<\/td>\n<td><\/td>\n<\/tr>\n<tr>\n<td rowspan=\"4\">Refr\u00e3o 2<\/td>\n<td>Acapela<\/p>\n<p>Letra: \u201c<strong>N\u00e3o<\/strong>\u00a0sei mais &#8230;\u201d<\/td>\n<td>2&#215;8<\/td>\n<td>Transi\u00e7\u00e3o<\/td>\n<td>16t<\/td>\n<td>&#8212;<\/td>\n<\/tr>\n<tr>\n<td>Guitarra e palma<\/p>\n<p>Letra: \u201c<strong>N\u00e3o<\/strong>\u00a0sei mais &#8230;\u201d<\/td>\n<td>4&#215;8<\/td>\n<td><\/td>\n<td>8t<\/td>\n<td><\/td>\n<\/tr>\n<tr>\n<td>Bumbo, prato, baixo<\/p>\n<p>Letra: \u201cA noite foi\u00a0<strong>longa<\/strong>\u00a0&#8230;\u201d<\/td>\n<td>2&#215;8<\/td>\n<td><\/td>\n<td>4t<\/td>\n<td><\/td>\n<\/tr>\n<tr>\n<td>Efeito musical<\/p>\n<p>Letra: \u201cA noite foi\u00a0<strong>longa<\/strong>\u00a0&#8230;\u201d<\/td>\n<td>4&#215;8<\/td>\n<td><\/td>\n<td>4t<\/td>\n<td><\/td>\n<\/tr>\n<tr>\n<td>Refr\u00e3o 3<\/td>\n<td>Acapela<\/p>\n<p>Letra: \u201c<strong>N\u00e3o<\/strong>\u00a0sei mais &#8230;\u201d<\/td>\n<td>4&#215;8<\/td>\n<td>Transi\u00e7\u00e3o<\/td>\n<td>32t<\/td>\n<td>&#8212;<\/td>\n<\/tr>\n<tr>\n<td>Verso 3<\/td>\n<td>Bumbo e palma<\/p>\n<p>Letra: \u201c<strong>Don<\/strong>, don, dig &#8230;\u201d<\/td>\n<td>4&#215;8<\/td>\n<td><\/td>\n<td>32t<\/td>\n<td><\/td>\n<\/tr>\n<\/tbody>\n<\/table>\n<p>*Palavra em negrito indica a primeira batida da frase musical.<\/p>\n<p>Quadro \u2013 Nota de coreografia.<\/p>\n","protected":false},"excerpt":{"rendered":"<p>QUEST\u00c3O 1 Nas academias, a gin\u00e1stica de condicionamento se consolidou enquanto modalidade de exerc\u00edcio f\u00edsico como um meio de aprimorar<\/p>\n","protected":false},"featured_media":2326,"template":"","meta":{"_monsterinsights_skip_tracking":false,"_monsterinsights_sitenote_active":false,"_monsterinsights_sitenote_note":"","_monsterinsights_sitenote_category":0},"product_brand":[],"product_cat":[42],"product_tag":[],"class_list":{"0":"post-6452","1":"product","2":"type-product","3":"status-publish","4":"has-post-thumbnail","6":"product_cat-educacao-fisica","8":"first","9":"instock","10":"downloadable","11":"virtual","12":"purchasable","13":"product-type-simple"},"yoast_head":"<!-- This site is optimized with the Yoast SEO plugin v27.4 - https:\/\/yoast.com\/product\/yoast-seo-wordpress\/ -->\n<title>Mapa Atividades de Academia 54\/2025<\/title>\n<meta name=\"description\" content=\"Atividade Mapa Atividades de Academia 54\/2025 &#8902; Unicesumar. Baixe agora mesmo um Mapa Pronto resolvido!\" \/>\n<meta name=\"robots\" content=\"index, follow, max-snippet:-1, max-image-preview:large, max-video-preview:-1\" \/>\n<link rel=\"canonical\" href=\"https:\/\/atividademapa.com\/?product=mapa-atividades-de-academia-54-2025\" \/>\n<meta property=\"og:locale\" content=\"pt_BR\" \/>\n<meta property=\"og:type\" content=\"article\" \/>\n<meta property=\"og:title\" content=\"Mapa Atividades de Academia 54\/2025\" \/>\n<meta property=\"og:description\" content=\"Atividade Mapa Atividades de Academia 54\/2025 &#8902; Unicesumar. Baixe agora mesmo um Mapa Pronto resolvido!\" \/>\n<meta property=\"og:url\" content=\"https:\/\/atividademapa.com\/?product=mapa-atividades-de-academia-54-2025\" \/>\n<meta property=\"og:site_name\" content=\"Atividade Mapa\" \/>\n<meta property=\"article:modified_time\" content=\"2025-10-11T00:38:18+00:00\" \/>\n<meta property=\"og:image\" content=\"https:\/\/i0.wp.com\/atividademapa.com\/wp-content\/uploads\/2023\/03\/Atividade-M.A.P.A-3.png?fit=300%2C300&ssl=1\" \/>\n\t<meta property=\"og:image:width\" content=\"300\" \/>\n\t<meta property=\"og:image:height\" content=\"300\" \/>\n\t<meta property=\"og:image:type\" content=\"image\/png\" \/>\n<meta name=\"twitter:card\" content=\"summary_large_image\" \/>\n<meta name=\"twitter:label1\" content=\"Est. tempo de leitura\" \/>\n\t<meta name=\"twitter:data1\" content=\"6 minutos\" \/>\n<script type=\"application\/ld+json\" class=\"yoast-schema-graph\">{\"@context\":\"https:\\\/\\\/schema.org\",\"@graph\":[{\"@type\":\"WebPage\",\"@id\":\"https:\\\/\\\/atividademapa.com\\\/?product=mapa-atividades-de-academia-54-2025\",\"url\":\"https:\\\/\\\/atividademapa.com\\\/?product=mapa-atividades-de-academia-54-2025\",\"name\":\"Mapa Atividades de Academia 54\\\/2025\",\"isPartOf\":{\"@id\":\"https:\\\/\\\/atividademapa.com\\\/#website\"},\"primaryImageOfPage\":{\"@id\":\"https:\\\/\\\/atividademapa.com\\\/?product=mapa-atividades-de-academia-54-2025#primaryimage\"},\"image\":{\"@id\":\"https:\\\/\\\/atividademapa.com\\\/?product=mapa-atividades-de-academia-54-2025#primaryimage\"},\"thumbnailUrl\":\"https:\\\/\\\/i0.wp.com\\\/atividademapa.com\\\/wp-content\\\/uploads\\\/2023\\\/03\\\/Atividade-M.A.P.A-3.png?fit=300%2C300&ssl=1\",\"datePublished\":\"2025-10-11T00:38:17+00:00\",\"dateModified\":\"2025-10-11T00:38:18+00:00\",\"description\":\"Atividade Mapa Atividades de Academia 54\\\/2025 &#8902; Unicesumar. Baixe agora mesmo um Mapa Pronto resolvido!\",\"breadcrumb\":{\"@id\":\"https:\\\/\\\/atividademapa.com\\\/?product=mapa-atividades-de-academia-54-2025#breadcrumb\"},\"inLanguage\":\"pt-BR\",\"potentialAction\":[{\"@type\":\"ReadAction\",\"target\":[\"https:\\\/\\\/atividademapa.com\\\/?product=mapa-atividades-de-academia-54-2025\"]}]},{\"@type\":\"ImageObject\",\"inLanguage\":\"pt-BR\",\"@id\":\"https:\\\/\\\/atividademapa.com\\\/?product=mapa-atividades-de-academia-54-2025#primaryimage\",\"url\":\"https:\\\/\\\/i0.wp.com\\\/atividademapa.com\\\/wp-content\\\/uploads\\\/2023\\\/03\\\/Atividade-M.A.P.A-3.png?fit=300%2C300&ssl=1\",\"contentUrl\":\"https:\\\/\\\/i0.wp.com\\\/atividademapa.com\\\/wp-content\\\/uploads\\\/2023\\\/03\\\/Atividade-M.A.P.A-3.png?fit=300%2C300&ssl=1\",\"width\":300,\"height\":300,\"caption\":\"Mapa Unicesumar Atividade\"},{\"@type\":\"BreadcrumbList\",\"@id\":\"https:\\\/\\\/atividademapa.com\\\/?product=mapa-atividades-de-academia-54-2025#breadcrumb\",\"itemListElement\":[{\"@type\":\"ListItem\",\"position\":1,\"name\":\"In\u00edcio\",\"item\":\"https:\\\/\\\/atividademapa.com\\\/\"},{\"@type\":\"ListItem\",\"position\":2,\"name\":\"MAPAS\",\"item\":\"https:\\\/\\\/atividademapa.com\\\/?page_id=5\"},{\"@type\":\"ListItem\",\"position\":3,\"name\":\"Mapa Atividades de Academia 54\\\/2025\"}]},{\"@type\":\"WebSite\",\"@id\":\"https:\\\/\\\/atividademapa.com\\\/#website\",\"url\":\"https:\\\/\\\/atividademapa.com\\\/\",\"name\":\"Atividade Mapa\",\"description\":\"StudeO | Unicesumar\",\"publisher\":{\"@id\":\"https:\\\/\\\/atividademapa.com\\\/#organization\"},\"potentialAction\":[{\"@type\":\"SearchAction\",\"target\":{\"@type\":\"EntryPoint\",\"urlTemplate\":\"https:\\\/\\\/atividademapa.com\\\/?s={search_term_string}\"},\"query-input\":{\"@type\":\"PropertyValueSpecification\",\"valueRequired\":true,\"valueName\":\"search_term_string\"}}],\"inLanguage\":\"pt-BR\"},{\"@type\":\"Organization\",\"@id\":\"https:\\\/\\\/atividademapa.com\\\/#organization\",\"name\":\"Atividade MAPA\",\"url\":\"https:\\\/\\\/atividademapa.com\\\/\",\"logo\":{\"@type\":\"ImageObject\",\"inLanguage\":\"pt-BR\",\"@id\":\"https:\\\/\\\/atividademapa.com\\\/#\\\/schema\\\/logo\\\/image\\\/\",\"url\":\"https:\\\/\\\/i0.wp.com\\\/atividademapa.com\\\/wp-content\\\/uploads\\\/2023\\\/02\\\/ATIVIDADE.png?fit=600%2C300&ssl=1\",\"contentUrl\":\"https:\\\/\\\/i0.wp.com\\\/atividademapa.com\\\/wp-content\\\/uploads\\\/2023\\\/02\\\/ATIVIDADE.png?fit=600%2C300&ssl=1\",\"width\":600,\"height\":300,\"caption\":\"Atividade MAPA\"},\"image\":{\"@id\":\"https:\\\/\\\/atividademapa.com\\\/#\\\/schema\\\/logo\\\/image\\\/\"}}]}<\/script>\n<!-- \/ Yoast SEO plugin. -->","yoast_head_json":{"title":"Mapa Atividades de Academia 54\/2025","description":"Atividade Mapa Atividades de Academia 54\/2025 &#8902; Unicesumar. Baixe agora mesmo um Mapa Pronto resolvido!","robots":{"index":"index","follow":"follow","max-snippet":"max-snippet:-1","max-image-preview":"max-image-preview:large","max-video-preview":"max-video-preview:-1"},"canonical":"https:\/\/atividademapa.com\/?product=mapa-atividades-de-academia-54-2025","og_locale":"pt_BR","og_type":"article","og_title":"Mapa Atividades de Academia 54\/2025","og_description":"Atividade Mapa Atividades de Academia 54\/2025 &#8902; Unicesumar. Baixe agora mesmo um Mapa Pronto resolvido!","og_url":"https:\/\/atividademapa.com\/?product=mapa-atividades-de-academia-54-2025","og_site_name":"Atividade Mapa","article_modified_time":"2025-10-11T00:38:18+00:00","og_image":[{"width":300,"height":300,"url":"https:\/\/i0.wp.com\/atividademapa.com\/wp-content\/uploads\/2023\/03\/Atividade-M.A.P.A-3.png?fit=300%2C300&ssl=1","type":"image\/png"}],"twitter_card":"summary_large_image","twitter_misc":{"Est. tempo de leitura":"6 minutos"},"schema":{"@context":"https:\/\/schema.org","@graph":[{"@type":"WebPage","@id":"https:\/\/atividademapa.com\/?product=mapa-atividades-de-academia-54-2025","url":"https:\/\/atividademapa.com\/?product=mapa-atividades-de-academia-54-2025","name":"Mapa Atividades de Academia 54\/2025","isPartOf":{"@id":"https:\/\/atividademapa.com\/#website"},"primaryImageOfPage":{"@id":"https:\/\/atividademapa.com\/?product=mapa-atividades-de-academia-54-2025#primaryimage"},"image":{"@id":"https:\/\/atividademapa.com\/?product=mapa-atividades-de-academia-54-2025#primaryimage"},"thumbnailUrl":"https:\/\/i0.wp.com\/atividademapa.com\/wp-content\/uploads\/2023\/03\/Atividade-M.A.P.A-3.png?fit=300%2C300&ssl=1","datePublished":"2025-10-11T00:38:17+00:00","dateModified":"2025-10-11T00:38:18+00:00","description":"Atividade Mapa Atividades de Academia 54\/2025 &#8902; Unicesumar. Baixe agora mesmo um Mapa Pronto resolvido!","breadcrumb":{"@id":"https:\/\/atividademapa.com\/?product=mapa-atividades-de-academia-54-2025#breadcrumb"},"inLanguage":"pt-BR","potentialAction":[{"@type":"ReadAction","target":["https:\/\/atividademapa.com\/?product=mapa-atividades-de-academia-54-2025"]}]},{"@type":"ImageObject","inLanguage":"pt-BR","@id":"https:\/\/atividademapa.com\/?product=mapa-atividades-de-academia-54-2025#primaryimage","url":"https:\/\/i0.wp.com\/atividademapa.com\/wp-content\/uploads\/2023\/03\/Atividade-M.A.P.A-3.png?fit=300%2C300&ssl=1","contentUrl":"https:\/\/i0.wp.com\/atividademapa.com\/wp-content\/uploads\/2023\/03\/Atividade-M.A.P.A-3.png?fit=300%2C300&ssl=1","width":300,"height":300,"caption":"Mapa Unicesumar Atividade"},{"@type":"BreadcrumbList","@id":"https:\/\/atividademapa.com\/?product=mapa-atividades-de-academia-54-2025#breadcrumb","itemListElement":[{"@type":"ListItem","position":1,"name":"In\u00edcio","item":"https:\/\/atividademapa.com\/"},{"@type":"ListItem","position":2,"name":"MAPAS","item":"https:\/\/atividademapa.com\/?page_id=5"},{"@type":"ListItem","position":3,"name":"Mapa Atividades de Academia 54\/2025"}]},{"@type":"WebSite","@id":"https:\/\/atividademapa.com\/#website","url":"https:\/\/atividademapa.com\/","name":"Atividade Mapa","description":"StudeO | Unicesumar","publisher":{"@id":"https:\/\/atividademapa.com\/#organization"},"potentialAction":[{"@type":"SearchAction","target":{"@type":"EntryPoint","urlTemplate":"https:\/\/atividademapa.com\/?s={search_term_string}"},"query-input":{"@type":"PropertyValueSpecification","valueRequired":true,"valueName":"search_term_string"}}],"inLanguage":"pt-BR"},{"@type":"Organization","@id":"https:\/\/atividademapa.com\/#organization","name":"Atividade MAPA","url":"https:\/\/atividademapa.com\/","logo":{"@type":"ImageObject","inLanguage":"pt-BR","@id":"https:\/\/atividademapa.com\/#\/schema\/logo\/image\/","url":"https:\/\/i0.wp.com\/atividademapa.com\/wp-content\/uploads\/2023\/02\/ATIVIDADE.png?fit=600%2C300&ssl=1","contentUrl":"https:\/\/i0.wp.com\/atividademapa.com\/wp-content\/uploads\/2023\/02\/ATIVIDADE.png?fit=600%2C300&ssl=1","width":600,"height":300,"caption":"Atividade MAPA"},"image":{"@id":"https:\/\/atividademapa.com\/#\/schema\/logo\/image\/"}}]}},"_links":{"self":[{"href":"https:\/\/atividademapa.com\/index.php?rest_route=\/wp\/v2\/product\/6452","targetHints":{"allow":["GET"]}}],"collection":[{"href":"https:\/\/atividademapa.com\/index.php?rest_route=\/wp\/v2\/product"}],"about":[{"href":"https:\/\/atividademapa.com\/index.php?rest_route=\/wp\/v2\/types\/product"}],"version-history":[{"count":1,"href":"https:\/\/atividademapa.com\/index.php?rest_route=\/wp\/v2\/product\/6452\/revisions"}],"predecessor-version":[{"id":6454,"href":"https:\/\/atividademapa.com\/index.php?rest_route=\/wp\/v2\/product\/6452\/revisions\/6454"}],"wp:featuredmedia":[{"embeddable":true,"href":"https:\/\/atividademapa.com\/index.php?rest_route=\/wp\/v2\/media\/2326"}],"wp:attachment":[{"href":"https:\/\/atividademapa.com\/index.php?rest_route=%2Fwp%2Fv2%2Fmedia&parent=6452"}],"wp:term":[{"taxonomy":"product_brand","embeddable":true,"href":"https:\/\/atividademapa.com\/index.php?rest_route=%2Fwp%2Fv2%2Fproduct_brand&post=6452"},{"taxonomy":"product_cat","embeddable":true,"href":"https:\/\/atividademapa.com\/index.php?rest_route=%2Fwp%2Fv2%2Fproduct_cat&post=6452"},{"taxonomy":"product_tag","embeddable":true,"href":"https:\/\/atividademapa.com\/index.php?rest_route=%2Fwp%2Fv2%2Fproduct_tag&post=6452"}],"curies":[{"name":"wp","href":"https:\/\/api.w.org\/{rel}","templated":true}]}}