{"id":6513,"date":"2025-11-17T19:30:54","date_gmt":"2025-11-17T22:30:54","guid":{"rendered":"https:\/\/atividademapa.com\/?post_type=product&#038;p=6513"},"modified":"2025-11-17T19:30:55","modified_gmt":"2025-11-17T22:30:55","slug":"mapa-eprod-projeto-de-instalacoes-industriais-54_2025","status":"publish","type":"product","link":"https:\/\/atividademapa.com\/?product=mapa-eprod-projeto-de-instalacoes-industriais-54_2025","title":{"rendered":"MAPA &#8211; EPROD &#8211; PROJETO DE INSTALA\u00c7\u00d5ES INDUSTRIAIS &#8211; 54_2025"},"content":{"rendered":"<p><strong class=\"ng-scope\">MAPA \u2013 Material de Avalia\u00e7\u00e3o Pr\u00e1tica da Aprendizagem<\/strong><br class=\"ng-scope\" \/>\u00a0<br class=\"ng-scope\" \/><strong class=\"ng-scope\">Instru\u00e7\u00f5es para realiza\u00e7\u00e3o e entrega da atividade<\/strong><br class=\"ng-scope\" \/>\u00a0<br class=\"ng-scope\" \/>Todos os campos dever\u00e3o ser devidamente preenchidos.<br class=\"ng-scope\" \/>\u00c9 obrigat\u00f3ria a utiliza\u00e7\u00e3o deste formul\u00e1rio para a realiza\u00e7\u00e3o do MAPA (<em class=\"ng-scope\">template<\/em>).<br class=\"ng-scope\" \/>Esta \u00e9 uma atividade individual, visto que trabalhos copiados da internet ou de outros estudantes ser\u00e3o zerados.<br class=\"ng-scope\" \/>O trabalho pode ter quantas p\u00e1ginas voc\u00ea precisar para respond\u00ea-lo, desde que siga a sua estrutura. Preferencialmente, utilizar a formata\u00e7\u00e3o: fonte Arial 12, espa\u00e7amento entre linhas 1,5 linhas e texto justificado.<br class=\"ng-scope\" \/>Ao utilizar quaisquer materiais de pesquisa apresente as refer\u00eancias no final do trabalho em ordem alfab\u00e9tica e conforme as normas da ABNT NBR 6023:2018. Voc\u00ea pode utilizar este site para orienta\u00e7\u00e3o: https:\/\/usp.br\/sddarquivos\/aulasmetodologia\/abnt6023.pdf<br class=\"ng-scope\" \/>Ap\u00f3s inteiramente respondido, coloque um nome simples no seu arquivo para n\u00e3o haver confus\u00e3o no momento do envio. Se o\u00a0nome\u00a0tiver\u00a0caracteres\u00a0estranhos, principalmente pontos ou for\u00a0muito grande, \u00e9 poss\u00edvel que a equipe de corre\u00e7\u00e3o n\u00e3o consiga abrir o seu trabalho e ele seja zerado.<br class=\"ng-scope\" \/>Voc\u00ea entregar\u00e1 apenas UM ARQUIVO com suas respostas, o trabalho deve ser enviado para corre\u00e7\u00e3o pelo seu Studeo em formato de arquivo doc\/docx ou PDF, na forma de anexo no campo de resposta da atividade MAPA. Caso voc\u00ea utilize OPEN OFFICE ou MAC, transforme o arquivo em PDF para evitar incompatibilidade.<br class=\"ng-scope\" \/>Ao final do enunciado desta atividade, aqui, no Studeo, h\u00e1 uma caixa de envio de arquivo. Basta clicar e selecionar sua atividade ou arrastar o arquivo at\u00e9 ela.<br class=\"ng-scope\" \/>Antes de clicar em\u00a0FINALIZAR, certifique-se de que est\u00e1 tudo certo,\u00a0pois uma vez\u00a0finalizado voc\u00ea n\u00e3o poder\u00e1 mais modificar o arquivo. Sugerimos que voc\u00ea fa\u00e7a o download para conferir se est\u00e1 de acordo com o arquivo entregue.<br class=\"ng-scope\" \/>\u00a0<br class=\"ng-scope\" \/><strong class=\"ng-scope\">Em caso de d\u00favidas, entre em contato com seu Professor Mediador.<\/strong><br class=\"ng-scope\" \/><strong class=\"ng-scope\">Desejamos<\/strong><strong class=\"ng-scope\">\u00a0a voc\u00ea um excelente trabalho!<\/strong><br class=\"ng-scope\" \/>\u200b<br class=\"ng-scope\" \/><br class=\"ng-scope\" \/>A TecnoComponentes Ltda., uma tradicional fabricante de m\u00f3dulos eletr\u00f4nicos para a ind\u00fastria de automa\u00e7\u00e3o, enfrenta uma crise. Nos \u00faltimos dois anos, a lucratividade caiu 30%, e a empresa perdeu dois grandes clientes devido a atrasos na entrega e problemas de qualidade.<br class=\"ng-scope\" \/><br class=\"ng-scope\" \/><strong class=\"ng-scope\">Proposta Estrat\u00e9gica (Desenvolvimento da Solu\u00e7\u00e3o Geral)<\/strong><br class=\"ng-scope\" \/>Voc\u00ea recebeu uma s\u00e9rie de relat\u00f3rios, dados e queixas dos departamentos. A partir disso, voc\u00ea diagnosticou as causas-raiz, e o pr\u00f3ximo passo \u00e9 construir uma solu\u00e7\u00e3o estrat\u00e9gica.<br class=\"ng-scope\" \/>Ap\u00f3s sua an\u00e1lise, voc\u00ea concluiu que a planta atual \u00e9 o problema fundamental: mal localizada para a log\u00edstica moderna, sem espa\u00e7o para expans\u00e3o e com sistemas de utilidades obsoletos. A solu\u00e7\u00e3o n\u00e3o \u00e9 remendar o sistema atual, mas projetar uma nova instala\u00e7\u00e3o.<br class=\"ng-scope\" \/><br class=\"ng-scope\" \/>Sendo assim, desenvolva um plano que ser\u00e1 apresentado \u00e0 diretoria e precisa, no m\u00ednimo, abordar os seguintes pontos, transformando os problemas espec\u00edficos em uma solu\u00e7\u00e3o geral e integrada:<br class=\"ng-scope\" \/>\u00a0<br class=\"ng-scope\" \/>a) Utilizando o M\u00e9todo da Pondera\u00e7\u00e3o Qualitativa, escolha entre o Local A e o Local B para a constru\u00e7\u00e3o da nova planta da TecnoComponentes, justificando qual dos dois locais \u00e9 o mais estrat\u00e9gico. A seguir segue a descri\u00e7\u00e3o dos dois locais:\u200b<br class=\"ng-scope\" \/><br class=\"ng-scope\" \/><strong class=\"ng-scope\">Local A: Cidade Portu\u00e1ria de Grande Porte.<\/strong><br class=\"ng-scope\" \/>Este local consiste em um terreno em um novo distrito industrial pr\u00f3ximo a um porto movimentado e conectado diretamente a uma rodovia federal.<br class=\"ng-scope\" \/><strong class=\"ng-scope\">Log\u00edstica de Distribui\u00e7\u00e3o:<\/strong>\u00a0considerada excelente. A proximidade com o porto facilita a exporta\u00e7\u00e3o e o acesso \u00e0 rodovia federal permite que os produtos cheguem rapidamente aos principais centros consumidores do pa\u00eds.<br class=\"ng-scope\" \/><strong class=\"ng-scope\">Proximidade de Fornecedores:<\/strong>\u00a0considerada ruim. Os principais fornecedores de insumos qu\u00edmicos e componentes eletr\u00f4nicos especializados da TecnoComponentes est\u00e3o localizados no interior do estado, a mais de 300 km de dist\u00e2ncia, o que aumentaria os custos e o tempo de recebimento de mat\u00e9ria-prima.<br class=\"ng-scope\" \/><strong class=\"ng-scope\">Custos:<\/strong>\u00a0o custo do metro quadrado do terreno \u00e9 alto, t\u00edpico de uma \u00e1rea de grande desenvolvimento. A prefeitura local oferece poucos incentivos fiscais, pois j\u00e1 possui uma base industrial consolidada.<br class=\"ng-scope\" \/><strong class=\"ng-scope\">Infraestrutura Local:<\/strong>\u00a0excelente. O distrito oferece acesso a uma subesta\u00e7\u00e3o de energia de alta capacidade com redund\u00e2ncia, e a rede de abastecimento de \u00e1gua e tratamento de esgoto \u00e9 robusta e projetada para ind\u00fastrias de grande porte.<br class=\"ng-scope\" \/><strong class=\"ng-scope\">M\u00e3o de Obra:<\/strong>\u00a0boa. A cidade possui universidades e escolas t\u00e9cnicas, mas h\u00e1 uma forte concorr\u00eancia por profissionais qualificados com as outras grandes ind\u00fastrias j\u00e1 instaladas, o que tende a elevar os sal\u00e1rios.<br class=\"ng-scope\" \/><br class=\"ng-scope\" \/><strong class=\"ng-scope\">Local B: Polo Tecnol\u00f3gico no Interior.<\/strong><br class=\"ng-scope\" \/>Este terreno est\u00e1 localizado em uma cidade de m\u00e9dio porte no interior, reconhecida como um polo de tecnologia e inova\u00e7\u00e3o.<br class=\"ng-scope\" \/><strong class=\"ng-scope\">Log\u00edstica de Distribui\u00e7\u00e3o:<\/strong>\u00a0boa. Embora n\u00e3o esteja em uma rota principal, a cidade \u00e9 conectada por rodovias estaduais bem conservadas que d\u00e3o acesso \u00e0 principal rodovia federal em menos de 100 km.<br class=\"ng-scope\" \/><strong class=\"ng-scope\">Proximidade de Fornecedores:<\/strong>\u00a0excelente. A cidade est\u00e1 no epicentro da regi\u00e3o onde se concentram os principais fornecedores de mat\u00e9ria-prima da empresa, permitindo a implementa\u00e7\u00e3o de uma log\u00edstica de suprimentos\u00a0<em class=\"ng-scope\">Just-In-Time<\/em>\u00a0(JIT).<br class=\"ng-scope\" \/><strong class=\"ng-scope\">Custos:<\/strong>\u00a0excelentes. Como parte de uma pol\u00edtica agressiva para atrair novas tecnologias, a prefeitura oferece o terreno a um custo subsidiado e isen\u00e7\u00e3o total de impostos municipais pelos primeiros 10 anos de opera\u00e7\u00e3o.<br class=\"ng-scope\" \/><strong class=\"ng-scope\">Infraestrutura Local:<\/strong>\u00a0razo\u00e1vel. A rede el\u00e9trica \u00e9 est\u00e1vel, mas n\u00e3o possui sistemas de redund\u00e2ncia, tornando a planta mais vulner\u00e1vel a apag\u00f5es regionais. O fornecimento de \u00e1gua depende de po\u00e7os artesianos e atende \u00e0 demanda atual, mas uma futura expans\u00e3o da f\u00e1brica poderia exigir novos investimentos em capta\u00e7\u00e3o.<br class=\"ng-scope\" \/><strong class=\"ng-scope\">M\u00e3o de Obra:<\/strong>\u00a0excelente. A cidade abriga uma universidade federal com forte foco em engenharias e cursos t\u00e9cnicos de alta qualidade, garantindo um fluxo constante de m\u00e3o de obra qualificada e com custos salariais mais competitivos que na capital.<br class=\"ng-scope\" \/>\u00a0<br class=\"ng-scope\" \/><\/p>\n<div class=\"ng-scope\">Quadro 1. Pontua\u00e7\u00e3o para os crit\u00e9rios de avalia\u00e7\u00e3o da localiza\u00e7\u00e3o.<\/div>\n<p><img data-recalc-dims=\"1\" decoding=\"async\" class=\"ng-scope\" src=\"https:\/\/i0.wp.com\/sistemasead.unicesumar.edu.br\/flex\/amfphp\/services\/Portal\/ImagemQuestionario2\/QUE_284456_676966_1.jpg?ssl=1\" alt=\"\" \/><br class=\"ng-scope\" \/>\u00a0<br class=\"ng-scope\" \/>Com base nestas descri\u00e7\u00f5es, calcule a pontua\u00e7\u00e3o total para recomendar, de forma justificada, a melhor localidade para o investimento.<br class=\"ng-scope\" \/><br class=\"ng-scope\" \/>b) A nova planta adotar\u00e1 um layout celular, em que cada c\u00e9lula ser\u00e1 respons\u00e1vel por uma fam\u00edlia de produtos. A seguir, est\u00e3o os dados para o balanceamento da linha de montagem do principal m\u00f3dulo eletr\u00f4nico, que formar\u00e1 a &#8220;C\u00e9lula A&#8221;.<br class=\"ng-scope\" \/>\u00a0<br class=\"ng-scope\" \/><strong class=\"ng-scope\">Cen\u00e1rio de Produ\u00e7\u00e3o para a Nova Planta.<\/strong><br class=\"ng-scope\" \/>Nova Meta de Produ\u00e7\u00e3o: 480 unidades por turno.<br class=\"ng-scope\" \/>Jornada de Trabalho: um turno de 8 horas (480 minutos).<br class=\"ng-scope\" \/>Paradas Planejadas: 45 minutos por turno (para refei\u00e7\u00e3o e pausas).<br class=\"ng-scope\" \/><strong class=\"ng-scope\">Dados do Processo de Montagem:\u00a0<\/strong>as tarefas, seus respectivos tempos e a sequ\u00eancia de preced\u00eancia s\u00e3o baseadas em um processo j\u00e1 existente na empresa:<br class=\"ng-scope\" \/>Opera\u00e7\u00e3o 1: 1,20 min.<br class=\"ng-scope\" \/>Opera\u00e7\u00e3o 2: 1,50 min.<br class=\"ng-scope\" \/>Opera\u00e7\u00e3o 3: 0,80 min.<br class=\"ng-scope\" \/>Opera\u00e7\u00e3o 4:\u00a0 0,65 min.<br class=\"ng-scope\" \/>Opera\u00e7\u00e3o 5: 1,60 min.<br class=\"ng-scope\" \/>Opera\u00e7\u00e3o 6: 1,00 min.<br class=\"ng-scope\" \/>Opera\u00e7\u00e3o 7: 0,55 min.<br class=\"ng-scope\" \/>Opera\u00e7\u00e3o 8: 1,34 min.<br class=\"ng-scope\" \/>Opera\u00e7\u00e3o 9: 0,40 min.<br class=\"ng-scope\" \/>Opera\u00e7\u00e3o 10: 1,10 min.<br class=\"ng-scope\" \/>Diagrama de Preced\u00eancia:<br class=\"ng-scope\" \/>1 \u2192 2 \u2192 (3 e 4) \u2192 5 \u2192 (6 e 7) \u2192 8 \u2192 9 \u2192 10\u00a0<br class=\"ng-scope\" \/><em class=\"ng-scope\">(Isso significa que as tarefas 3 e 4 podem ocorrer ao mesmo tempo, ap\u00f3s a 2. O mesmo se aplica \u00e0s tarefas 6 e 7, que ocorrem ap\u00f3s a 5).<\/em><br class=\"ng-scope\" \/>\u00a0<br class=\"ng-scope\" \/>Com base nas informa\u00e7\u00f5es fornecidas, calcule o Takt Time (Tempo de Ciclo) necess\u00e1rio para a nova meta de produ\u00e7\u00e3o, o n\u00famero m\u00ednimo de esta\u00e7\u00f5es de trabalho (Nmin) e a efici\u00eancia do balanceamento (Ef) para a nova linha.<br class=\"ng-scope\" \/>\u00a0<br class=\"ng-scope\" \/>c) Realize uma an\u00e1lise t\u00e9cnica e financeira completa para decidir sobre a implementa\u00e7\u00e3o de um novo sistema de tratamento de ar comprimido para resolver os problemas cr\u00f4nicos de qualidade que afetam a produ\u00e7\u00e3o da TecnoComponentes. Para garantir a qualidade do ar, ideal para aplica\u00e7\u00f5es em eletr\u00f4nica e automa\u00e7\u00e3o, a diretoria de engenharia prop\u00f4s um novo sistema com secadores por refrigera\u00e7\u00e3o e um conjunto de filtros coalescentes. A implementa\u00e7\u00e3o deste projeto resultar\u00e1 em ganhos financeiros pela elimina\u00e7\u00e3o de perdas e custos, conforme o cen\u00e1rio descrito a seguir:<br class=\"ng-scope\" \/>&#8211; Custo com Refugo de Produtos: a empresa descarta, em m\u00e9dia, 2.500 m\u00f3dulos por ano devido \u00e0 oxida\u00e7\u00e3o. O custo de produ\u00e7\u00e3o de cada m\u00f3dulo refugado \u00e9 de R$ 80,00.<br class=\"ng-scope\" \/>&#8211; Custo com Retrabalho: uma m\u00e9dia de 4.000 m\u00f3dulos por ano n\u00e3o s\u00e3o refugados, mas exigem um processo de limpeza e retrabalho manual, com um custo m\u00e9dio de R$ 25,00 por unidade.<br class=\"ng-scope\" \/>&#8211; Custo com Paradas de Produ\u00e7\u00e3o: a umidade e o \u00f3leo no ar causam falhas em v\u00e1lvulas pneum\u00e1ticas e atuadores, gerando cerca de 80 horas de parada da linha principal por ano. O custo da hora parada para a empresa \u00e9 estimado em R$ 500,00.<br class=\"ng-scope\" \/>&#8211; Investimento do Novo Sistema de Tratamento de Ar:<br class=\"ng-scope\" \/>&#8211; Custo dos equipamentos e instala\u00e7\u00e3o: R$ 400.000,00.<br class=\"ng-scope\" \/>&#8211; Custo adicional de energia el\u00e9trica e manuten\u00e7\u00e3o: R$ 45.000,00 por ano.<br class=\"ng-scope\" \/>&#8211; Par\u00e2metros Financeiros para An\u00e1lise:\u00a0Horizonte de An\u00e1lise do Projeto \u00e9 de 5 anos,\u00a0Taxa M\u00ednima de Atratividade (TMA): 15% ao ano.<br class=\"ng-scope\" \/><br class=\"ng-scope\" \/>Com base nas informa\u00e7\u00f5es t\u00e9cnicas e financeiras fornecidas, descreva qual \u00e9 a recomenda\u00e7\u00e3o final (aprova\u00e7\u00e3o ou rejei\u00e7\u00e3o do investimento) a partir dos Indicadores de Viabilidade Valor Presente L\u00edquido (VPL) e Payback Descontado. \u00a0<br class=\"ng-scope\" \/><\/p>\n","protected":false},"excerpt":{"rendered":"<p>MAPA \u2013 Material de Avalia\u00e7\u00e3o Pr\u00e1tica da Aprendizagem\u00a0Instru\u00e7\u00f5es para realiza\u00e7\u00e3o e entrega da atividade\u00a0Todos os campos dever\u00e3o ser devidamente preenchidos.\u00c9<\/p>\n","protected":false},"featured_media":2326,"template":"","meta":{"_monsterinsights_skip_tracking":false,"_monsterinsights_sitenote_active":false,"_monsterinsights_sitenote_note":"","_monsterinsights_sitenote_category":0},"product_brand":[],"product_cat":[15],"product_tag":[],"class_list":{"0":"post-6513","1":"product","2":"type-product","3":"status-publish","4":"has-post-thumbnail","6":"product_cat-uncategorized","8":"first","9":"instock","10":"downloadable","11":"virtual","12":"purchasable","13":"product-type-simple"},"yoast_head":"<!-- This site is optimized with the Yoast SEO plugin v27.4 - https:\/\/yoast.com\/product\/yoast-seo-wordpress\/ -->\n<title>MAPA - EPROD - PROJETO DE INSTALA\u00c7\u00d5ES INDUSTRIAIS - 54_2025<\/title>\n<meta name=\"description\" content=\"Atividade MAPA - EPROD - PROJETO DE INSTALA\u00c7\u00d5ES INDUSTRIAIS - 54_2025 &#8902; Unicesumar. Baixe agora mesmo um Mapa Pronto resolvido!\" \/>\n<meta name=\"robots\" content=\"index, follow, max-snippet:-1, max-image-preview:large, max-video-preview:-1\" \/>\n<link rel=\"canonical\" href=\"https:\/\/atividademapa.com\/?product=mapa-eprod-projeto-de-instalacoes-industriais-54_2025\" \/>\n<meta property=\"og:locale\" content=\"pt_BR\" \/>\n<meta property=\"og:type\" content=\"article\" \/>\n<meta property=\"og:title\" content=\"MAPA - EPROD - PROJETO DE INSTALA\u00c7\u00d5ES INDUSTRIAIS - 54_2025\" \/>\n<meta property=\"og:description\" content=\"Atividade MAPA - EPROD - PROJETO DE INSTALA\u00c7\u00d5ES INDUSTRIAIS - 54_2025 &#8902; Unicesumar. Baixe agora mesmo um Mapa Pronto resolvido!\" \/>\n<meta property=\"og:url\" content=\"https:\/\/atividademapa.com\/?product=mapa-eprod-projeto-de-instalacoes-industriais-54_2025\" \/>\n<meta property=\"og:site_name\" content=\"Atividade Mapa\" \/>\n<meta property=\"article:modified_time\" content=\"2025-11-17T22:30:55+00:00\" \/>\n<meta property=\"og:image\" content=\"https:\/\/i0.wp.com\/atividademapa.com\/wp-content\/uploads\/2023\/03\/Atividade-M.A.P.A-3.png?fit=300%2C300&ssl=1\" \/>\n\t<meta property=\"og:image:width\" content=\"300\" \/>\n\t<meta property=\"og:image:height\" content=\"300\" \/>\n\t<meta property=\"og:image:type\" content=\"image\/png\" \/>\n<meta name=\"twitter:card\" content=\"summary_large_image\" \/>\n<meta name=\"twitter:label1\" content=\"Est. tempo de leitura\" \/>\n\t<meta name=\"twitter:data1\" content=\"8 minutos\" \/>\n<script type=\"application\/ld+json\" class=\"yoast-schema-graph\">{\"@context\":\"https:\\\/\\\/schema.org\",\"@graph\":[{\"@type\":\"WebPage\",\"@id\":\"https:\\\/\\\/atividademapa.com\\\/?product=mapa-eprod-projeto-de-instalacoes-industriais-54_2025\",\"url\":\"https:\\\/\\\/atividademapa.com\\\/?product=mapa-eprod-projeto-de-instalacoes-industriais-54_2025\",\"name\":\"MAPA - EPROD - PROJETO DE INSTALA\u00c7\u00d5ES INDUSTRIAIS - 54_2025\",\"isPartOf\":{\"@id\":\"https:\\\/\\\/atividademapa.com\\\/#website\"},\"primaryImageOfPage\":{\"@id\":\"https:\\\/\\\/atividademapa.com\\\/?product=mapa-eprod-projeto-de-instalacoes-industriais-54_2025#primaryimage\"},\"image\":{\"@id\":\"https:\\\/\\\/atividademapa.com\\\/?product=mapa-eprod-projeto-de-instalacoes-industriais-54_2025#primaryimage\"},\"thumbnailUrl\":\"https:\\\/\\\/i0.wp.com\\\/atividademapa.com\\\/wp-content\\\/uploads\\\/2023\\\/03\\\/Atividade-M.A.P.A-3.png?fit=300%2C300&ssl=1\",\"datePublished\":\"2025-11-17T22:30:54+00:00\",\"dateModified\":\"2025-11-17T22:30:55+00:00\",\"description\":\"Atividade MAPA - EPROD - PROJETO DE INSTALA\u00c7\u00d5ES INDUSTRIAIS - 54_2025 &#8902; Unicesumar. Baixe agora mesmo um Mapa Pronto resolvido!\",\"breadcrumb\":{\"@id\":\"https:\\\/\\\/atividademapa.com\\\/?product=mapa-eprod-projeto-de-instalacoes-industriais-54_2025#breadcrumb\"},\"inLanguage\":\"pt-BR\",\"potentialAction\":[{\"@type\":\"ReadAction\",\"target\":[\"https:\\\/\\\/atividademapa.com\\\/?product=mapa-eprod-projeto-de-instalacoes-industriais-54_2025\"]}]},{\"@type\":\"ImageObject\",\"inLanguage\":\"pt-BR\",\"@id\":\"https:\\\/\\\/atividademapa.com\\\/?product=mapa-eprod-projeto-de-instalacoes-industriais-54_2025#primaryimage\",\"url\":\"https:\\\/\\\/i0.wp.com\\\/atividademapa.com\\\/wp-content\\\/uploads\\\/2023\\\/03\\\/Atividade-M.A.P.A-3.png?fit=300%2C300&ssl=1\",\"contentUrl\":\"https:\\\/\\\/i0.wp.com\\\/atividademapa.com\\\/wp-content\\\/uploads\\\/2023\\\/03\\\/Atividade-M.A.P.A-3.png?fit=300%2C300&ssl=1\",\"width\":300,\"height\":300,\"caption\":\"Mapa Unicesumar Atividade\"},{\"@type\":\"BreadcrumbList\",\"@id\":\"https:\\\/\\\/atividademapa.com\\\/?product=mapa-eprod-projeto-de-instalacoes-industriais-54_2025#breadcrumb\",\"itemListElement\":[{\"@type\":\"ListItem\",\"position\":1,\"name\":\"In\u00edcio\",\"item\":\"https:\\\/\\\/atividademapa.com\\\/\"},{\"@type\":\"ListItem\",\"position\":2,\"name\":\"MAPAS\",\"item\":\"https:\\\/\\\/atividademapa.com\\\/?page_id=5\"},{\"@type\":\"ListItem\",\"position\":3,\"name\":\"MAPA &#8211; EPROD &#8211; PROJETO DE INSTALA\u00c7\u00d5ES INDUSTRIAIS &#8211; 54_2025\"}]},{\"@type\":\"WebSite\",\"@id\":\"https:\\\/\\\/atividademapa.com\\\/#website\",\"url\":\"https:\\\/\\\/atividademapa.com\\\/\",\"name\":\"Atividade Mapa\",\"description\":\"StudeO | Unicesumar\",\"publisher\":{\"@id\":\"https:\\\/\\\/atividademapa.com\\\/#organization\"},\"potentialAction\":[{\"@type\":\"SearchAction\",\"target\":{\"@type\":\"EntryPoint\",\"urlTemplate\":\"https:\\\/\\\/atividademapa.com\\\/?s={search_term_string}\"},\"query-input\":{\"@type\":\"PropertyValueSpecification\",\"valueRequired\":true,\"valueName\":\"search_term_string\"}}],\"inLanguage\":\"pt-BR\"},{\"@type\":\"Organization\",\"@id\":\"https:\\\/\\\/atividademapa.com\\\/#organization\",\"name\":\"Atividade MAPA\",\"url\":\"https:\\\/\\\/atividademapa.com\\\/\",\"logo\":{\"@type\":\"ImageObject\",\"inLanguage\":\"pt-BR\",\"@id\":\"https:\\\/\\\/atividademapa.com\\\/#\\\/schema\\\/logo\\\/image\\\/\",\"url\":\"https:\\\/\\\/i0.wp.com\\\/atividademapa.com\\\/wp-content\\\/uploads\\\/2023\\\/02\\\/ATIVIDADE.png?fit=600%2C300&ssl=1\",\"contentUrl\":\"https:\\\/\\\/i0.wp.com\\\/atividademapa.com\\\/wp-content\\\/uploads\\\/2023\\\/02\\\/ATIVIDADE.png?fit=600%2C300&ssl=1\",\"width\":600,\"height\":300,\"caption\":\"Atividade MAPA\"},\"image\":{\"@id\":\"https:\\\/\\\/atividademapa.com\\\/#\\\/schema\\\/logo\\\/image\\\/\"}}]}<\/script>\n<!-- \/ Yoast SEO plugin. -->","yoast_head_json":{"title":"MAPA - EPROD - PROJETO DE INSTALA\u00c7\u00d5ES INDUSTRIAIS - 54_2025","description":"Atividade MAPA - EPROD - PROJETO DE INSTALA\u00c7\u00d5ES INDUSTRIAIS - 54_2025 &#8902; Unicesumar. Baixe agora mesmo um Mapa Pronto resolvido!","robots":{"index":"index","follow":"follow","max-snippet":"max-snippet:-1","max-image-preview":"max-image-preview:large","max-video-preview":"max-video-preview:-1"},"canonical":"https:\/\/atividademapa.com\/?product=mapa-eprod-projeto-de-instalacoes-industriais-54_2025","og_locale":"pt_BR","og_type":"article","og_title":"MAPA - EPROD - PROJETO DE INSTALA\u00c7\u00d5ES INDUSTRIAIS - 54_2025","og_description":"Atividade MAPA - EPROD - PROJETO DE INSTALA\u00c7\u00d5ES INDUSTRIAIS - 54_2025 &#8902; Unicesumar. Baixe agora mesmo um Mapa Pronto resolvido!","og_url":"https:\/\/atividademapa.com\/?product=mapa-eprod-projeto-de-instalacoes-industriais-54_2025","og_site_name":"Atividade Mapa","article_modified_time":"2025-11-17T22:30:55+00:00","og_image":[{"width":300,"height":300,"url":"https:\/\/i0.wp.com\/atividademapa.com\/wp-content\/uploads\/2023\/03\/Atividade-M.A.P.A-3.png?fit=300%2C300&ssl=1","type":"image\/png"}],"twitter_card":"summary_large_image","twitter_misc":{"Est. tempo de leitura":"8 minutos"},"schema":{"@context":"https:\/\/schema.org","@graph":[{"@type":"WebPage","@id":"https:\/\/atividademapa.com\/?product=mapa-eprod-projeto-de-instalacoes-industriais-54_2025","url":"https:\/\/atividademapa.com\/?product=mapa-eprod-projeto-de-instalacoes-industriais-54_2025","name":"MAPA - EPROD - PROJETO DE INSTALA\u00c7\u00d5ES INDUSTRIAIS - 54_2025","isPartOf":{"@id":"https:\/\/atividademapa.com\/#website"},"primaryImageOfPage":{"@id":"https:\/\/atividademapa.com\/?product=mapa-eprod-projeto-de-instalacoes-industriais-54_2025#primaryimage"},"image":{"@id":"https:\/\/atividademapa.com\/?product=mapa-eprod-projeto-de-instalacoes-industriais-54_2025#primaryimage"},"thumbnailUrl":"https:\/\/i0.wp.com\/atividademapa.com\/wp-content\/uploads\/2023\/03\/Atividade-M.A.P.A-3.png?fit=300%2C300&ssl=1","datePublished":"2025-11-17T22:30:54+00:00","dateModified":"2025-11-17T22:30:55+00:00","description":"Atividade MAPA - EPROD - PROJETO DE INSTALA\u00c7\u00d5ES INDUSTRIAIS - 54_2025 &#8902; Unicesumar. Baixe agora mesmo um Mapa Pronto resolvido!","breadcrumb":{"@id":"https:\/\/atividademapa.com\/?product=mapa-eprod-projeto-de-instalacoes-industriais-54_2025#breadcrumb"},"inLanguage":"pt-BR","potentialAction":[{"@type":"ReadAction","target":["https:\/\/atividademapa.com\/?product=mapa-eprod-projeto-de-instalacoes-industriais-54_2025"]}]},{"@type":"ImageObject","inLanguage":"pt-BR","@id":"https:\/\/atividademapa.com\/?product=mapa-eprod-projeto-de-instalacoes-industriais-54_2025#primaryimage","url":"https:\/\/i0.wp.com\/atividademapa.com\/wp-content\/uploads\/2023\/03\/Atividade-M.A.P.A-3.png?fit=300%2C300&ssl=1","contentUrl":"https:\/\/i0.wp.com\/atividademapa.com\/wp-content\/uploads\/2023\/03\/Atividade-M.A.P.A-3.png?fit=300%2C300&ssl=1","width":300,"height":300,"caption":"Mapa Unicesumar Atividade"},{"@type":"BreadcrumbList","@id":"https:\/\/atividademapa.com\/?product=mapa-eprod-projeto-de-instalacoes-industriais-54_2025#breadcrumb","itemListElement":[{"@type":"ListItem","position":1,"name":"In\u00edcio","item":"https:\/\/atividademapa.com\/"},{"@type":"ListItem","position":2,"name":"MAPAS","item":"https:\/\/atividademapa.com\/?page_id=5"},{"@type":"ListItem","position":3,"name":"MAPA &#8211; EPROD &#8211; PROJETO DE INSTALA\u00c7\u00d5ES INDUSTRIAIS &#8211; 54_2025"}]},{"@type":"WebSite","@id":"https:\/\/atividademapa.com\/#website","url":"https:\/\/atividademapa.com\/","name":"Atividade Mapa","description":"StudeO | Unicesumar","publisher":{"@id":"https:\/\/atividademapa.com\/#organization"},"potentialAction":[{"@type":"SearchAction","target":{"@type":"EntryPoint","urlTemplate":"https:\/\/atividademapa.com\/?s={search_term_string}"},"query-input":{"@type":"PropertyValueSpecification","valueRequired":true,"valueName":"search_term_string"}}],"inLanguage":"pt-BR"},{"@type":"Organization","@id":"https:\/\/atividademapa.com\/#organization","name":"Atividade MAPA","url":"https:\/\/atividademapa.com\/","logo":{"@type":"ImageObject","inLanguage":"pt-BR","@id":"https:\/\/atividademapa.com\/#\/schema\/logo\/image\/","url":"https:\/\/i0.wp.com\/atividademapa.com\/wp-content\/uploads\/2023\/02\/ATIVIDADE.png?fit=600%2C300&ssl=1","contentUrl":"https:\/\/i0.wp.com\/atividademapa.com\/wp-content\/uploads\/2023\/02\/ATIVIDADE.png?fit=600%2C300&ssl=1","width":600,"height":300,"caption":"Atividade MAPA"},"image":{"@id":"https:\/\/atividademapa.com\/#\/schema\/logo\/image\/"}}]}},"_links":{"self":[{"href":"https:\/\/atividademapa.com\/index.php?rest_route=\/wp\/v2\/product\/6513","targetHints":{"allow":["GET"]}}],"collection":[{"href":"https:\/\/atividademapa.com\/index.php?rest_route=\/wp\/v2\/product"}],"about":[{"href":"https:\/\/atividademapa.com\/index.php?rest_route=\/wp\/v2\/types\/product"}],"version-history":[{"count":1,"href":"https:\/\/atividademapa.com\/index.php?rest_route=\/wp\/v2\/product\/6513\/revisions"}],"predecessor-version":[{"id":6515,"href":"https:\/\/atividademapa.com\/index.php?rest_route=\/wp\/v2\/product\/6513\/revisions\/6515"}],"wp:featuredmedia":[{"embeddable":true,"href":"https:\/\/atividademapa.com\/index.php?rest_route=\/wp\/v2\/media\/2326"}],"wp:attachment":[{"href":"https:\/\/atividademapa.com\/index.php?rest_route=%2Fwp%2Fv2%2Fmedia&parent=6513"}],"wp:term":[{"taxonomy":"product_brand","embeddable":true,"href":"https:\/\/atividademapa.com\/index.php?rest_route=%2Fwp%2Fv2%2Fproduct_brand&post=6513"},{"taxonomy":"product_cat","embeddable":true,"href":"https:\/\/atividademapa.com\/index.php?rest_route=%2Fwp%2Fv2%2Fproduct_cat&post=6513"},{"taxonomy":"product_tag","embeddable":true,"href":"https:\/\/atividademapa.com\/index.php?rest_route=%2Fwp%2Fv2%2Fproduct_tag&post=6513"}],"curies":[{"name":"wp","href":"https:\/\/api.w.org\/{rel}","templated":true}]}}