{"id":6565,"date":"2026-01-13T20:45:59","date_gmt":"2026-01-13T23:45:59","guid":{"rendered":"https:\/\/atividademapa.com\/?post_type=product&#038;p=6565"},"modified":"2026-02-28T14:33:10","modified_gmt":"2026-02-28T17:33:10","slug":"mapa-nutricao-aplicada-a-enfermagem-51-2026","status":"publish","type":"product","link":"https:\/\/atividademapa.com\/?product=mapa-nutricao-aplicada-a-enfermagem-51-2026","title":{"rendered":"MAPA &#8211; NUTRI\u00c7\u00c3O APLICADA A ENFERMAGEM &#8211; 51\/2026"},"content":{"rendered":"<p class=\"ng-scope\">O processo de envelhecimento traz mudan\u00e7as importantes na composi\u00e7\u00e3o corporal, no metabolismo e no funcionamento do sistema digest\u00f3rio, o que aumenta o risco de sobrepeso, desnutri\u00e7\u00e3o, defici\u00eancias de micronutrientes e pior controle de Doen\u00e7as Cr\u00f4nicas N\u00e3o Transmiss\u00edveis (DCNT).\u00a0Entre os fatores que interferem na sa\u00fade digestiva do idoso, est\u00e3o a redu\u00e7\u00e3o gradual da produ\u00e7\u00e3o de \u00e1cido clor\u00eddrico no est\u00f4mago (hipocloridria), a presen\u00e7a de infec\u00e7\u00f5es como\u00a0<em>Helicobacter pylori<\/em>\u00a0e o uso prolongado de medicamentos que reduzem a acidez g\u00e1strica, como os inibidores de bomba de pr\u00f3tons (IBP, os \u201cpraz\u00f3is\u201d).<\/p>\n<p class=\"ng-scope\">A hipocloridria prejudica a digest\u00e3o de prote\u00ednas, a absor\u00e7\u00e3o de minerais (como ferro, c\u00e1lcio, zinco) e vitaminas, e pode favorecer sintomas como distens\u00e3o abdominal, gases, refluxo, constipa\u00e7\u00e3o e sensa\u00e7\u00e3o de \u201cempachamento\u201d ap\u00f3s as refei\u00e7\u00f5es. Al\u00e9m disso, o uso cr\u00f4nico de IBP tem sido associado a defici\u00eancia de vitamina B12, que por sua vez pode causar anemia megalobl\u00e1stica e sintomas associados.<\/p>\n<p class=\"ng-scope\">No contexto da Aten\u00e7\u00e3o Prim\u00e1ria \u00e0 Sa\u00fade, o enfermeiro ocupa posi\u00e7\u00e3o estrat\u00e9gica na identifica\u00e7\u00e3o de riscos nutricionais em idosos, na orienta\u00e7\u00e3o sobre escolhas alimentares mais saud\u00e1veis, na promo\u00e7\u00e3o de redu\u00e7\u00e3o de ultraprocessados e no reconhecimento precoce de sinais e sintomas de poss\u00edveis defici\u00eancias nutricionais relacionadas a h\u00e1bitos alimentares inadequados e uso prolongado de medicamentos.<\/p>\n<p>&nbsp;<\/p>\n<p class=\"ng-scope\">Considere que voc\u00ea \u00e9 o enfermeiro da UBS P\u00f4r do Sol, no interior do Paran\u00e1. L\u00e1, voc\u00ea recebe diferentes pacientes todos os dias, com os mais diferentes sinais e sintomas poss\u00edveis. Dentre estes pacientes, esta a encantadora Dona Idalina, 89 anos, a qual\u00a0possui hist\u00f3rico de Doen\u00e7as Cr\u00f4nicas N\u00e3o Transmiss\u00edveis. Ela mede 1,56 m de altura e pesa 79 kg.<\/p>\n<p>Relata sensa\u00e7\u00e3o de digest\u00e3o lenta,\u00a0refluxo, distens\u00e3o abdominal, muitos gases e constipa\u00e7\u00e3o a alguns anos. Al\u00e9m disso, diz ser muito ansiosa, referindo que \u201ccome para aliviar a ansiedade\u201d, com prefer\u00eancia por\u00a0alimentos ultraprocessados, mais palat\u00e1veis (salgadinhos, biscoitos recheados, doces prontos, fast-food).<\/p>\n<p>Quando questionada sobre o consumo de frutas, ela diz que consome frutas em todas as refei\u00e7\u00f5es, no suco de saquinho. Baixa ingest\u00e3o de prote\u00ednas, especialmente de\u00a0carnes vermelhas, por queixa de \u201cn\u00e3o cair bem\u201d e dificuldade de mastiga\u00e7\u00e3o\u00a0j\u00e1 que a pr\u00f3tese esta frouxa.<\/p>\n<p>Faz uso\u00a0cr\u00f4nico de f\u00e1rmacos da classe dos praz\u00f3is, iniciados ap\u00f3s diagn\u00f3stico de infec\u00e7\u00e3o por\u00a0<em>H. pylori<\/em>, sem reavalia\u00e7\u00e3o recente da necessidade de manuten\u00e7\u00e3o.<\/p>\n<p>Nos \u00faltimos meses, Dona Maria passou a perceber:\u00a0Formigamento em m\u00e3os e p\u00e9s, fraqueza muscular, sintomas\u00a0depressivos\u00a0e des\u00e2nimo, dificuldade de concentra\u00e7\u00e3o e racioc\u00ednio mais lento. Ela relaciona tudo \u00e0 \u201cidade\u201d e n\u00e3o associa esses sintomas a qualquer outro fator.<\/p>\n<p>Observando o caso cl\u00ednico de dona Idalina e entendendo tratar-se de uma senhora com baixa escolaridade e acesso a informa\u00e7\u00e3o, \u00e9 sua hora de buscar informa\u00e7\u00e3o para assertividade na conduta para com dona Idalina. Desta forma, responda:<\/p>\n<p>1) Calcule e calssifique o \u00cdndice de Massa Corporal (IMC) de Dona Idalina<\/p>\n<p>2.a) Explique, de forma breve, por que Dona Idalina tem maior probabilidade de apresentar\u00a0hipocloridria.<\/p>\n<p>2.b)\u00a0Em seguida, comente\u00a0como a redu\u00e7\u00e3o do \u00e1cido clor\u00eddrico interfere na digest\u00e3o\u00a0de prote\u00ednas<\/p>\n<p>3)\u00a0Explique\u00a0como a ansiedade de Dona Idalina pode estar relacionada a uma das fases do processo digestivo e aponte qual \u00e9 esta fase.<\/p>\n<p>\u200b4)\u00a0Liste<strong>\u00a0<\/strong>as principais enzimas envolvidas no processo de\u00a0digest\u00e3o, desde a boca at\u00e9 o intestino delgado, destacando: na boca, est\u00f4mago e\u00a0intestino delgado (enzimas pancre\u00e1ticas e enzimas da borda em escova).<\/p>\n<p>\u200b5)\u00a0Considerando o quadro cl\u00ednico de Dona Idalina:<br \/>\na) Aponte qual vitamina Dona Idalina pode estar com defici\u00eancia<br \/>\nb) Cite os sintomas relacionados a tal defici\u00eancia<br \/>\nc) Explique como o caso cl\u00ednico de Dona Idalina esta relacionado a esta difici\u00eancia.<\/p>\n","protected":false},"excerpt":{"rendered":"<p>O processo de envelhecimento traz mudan\u00e7as importantes na composi\u00e7\u00e3o corporal, no metabolismo e no funcionamento do sistema digest\u00f3rio, o que<\/p>\n","protected":false},"featured_media":2326,"template":"","meta":{"_monsterinsights_skip_tracking":false,"_monsterinsights_sitenote_active":false,"_monsterinsights_sitenote_note":"","_monsterinsights_sitenote_category":0},"product_brand":[],"product_cat":[168,35],"product_tag":[],"class_list":{"0":"post-6565","1":"product","2":"type-product","3":"status-publish","4":"has-post-thumbnail","6":"product_cat-51-2026","7":"product_cat-enfermagem","9":"first","10":"instock","11":"downloadable","12":"virtual","13":"purchasable","14":"product-type-simple"},"yoast_head":"<!-- This site is optimized with the Yoast SEO plugin v27.4 - https:\/\/yoast.com\/product\/yoast-seo-wordpress\/ -->\n<title>MAPA - NUTRI\u00c7\u00c3O APLICADA A ENFERMAGEM - 51\/2026<\/title>\n<meta name=\"description\" content=\"Atividade MAPA - NUTRI\u00c7\u00c3O APLICADA A ENFERMAGEM - 51\/2026 &#8902; Unicesumar. Baixe agora mesmo um Mapa Pronto resolvido!\" \/>\n<meta name=\"robots\" content=\"index, follow, max-snippet:-1, max-image-preview:large, max-video-preview:-1\" \/>\n<link rel=\"canonical\" href=\"https:\/\/atividademapa.com\/?product=mapa-nutricao-aplicada-a-enfermagem-51-2026\" \/>\n<meta property=\"og:locale\" content=\"pt_BR\" \/>\n<meta property=\"og:type\" content=\"article\" \/>\n<meta property=\"og:title\" content=\"MAPA - NUTRI\u00c7\u00c3O APLICADA A ENFERMAGEM - 51\/2026\" \/>\n<meta property=\"og:description\" content=\"Atividade MAPA - NUTRI\u00c7\u00c3O APLICADA A ENFERMAGEM - 51\/2026 &#8902; Unicesumar. Baixe agora mesmo um Mapa Pronto resolvido!\" \/>\n<meta property=\"og:url\" content=\"https:\/\/atividademapa.com\/?product=mapa-nutricao-aplicada-a-enfermagem-51-2026\" \/>\n<meta property=\"og:site_name\" content=\"Atividade Mapa\" \/>\n<meta property=\"article:modified_time\" content=\"2026-02-28T17:33:10+00:00\" \/>\n<meta property=\"og:image\" content=\"https:\/\/atividademapa.com\/wp-content\/uploads\/2023\/03\/Atividade-M.A.P.A-3.png\" \/>\n\t<meta property=\"og:image:width\" content=\"300\" \/>\n\t<meta property=\"og:image:height\" content=\"300\" \/>\n\t<meta property=\"og:image:type\" content=\"image\/png\" \/>\n<meta name=\"twitter:card\" content=\"summary_large_image\" \/>\n<meta name=\"twitter:label1\" content=\"Est. tempo de leitura\" \/>\n\t<meta name=\"twitter:data1\" content=\"3 minutos\" \/>\n<script type=\"application\/ld+json\" class=\"yoast-schema-graph\">{\"@context\":\"https:\\\/\\\/schema.org\",\"@graph\":[{\"@type\":\"WebPage\",\"@id\":\"https:\\\/\\\/atividademapa.com\\\/?product=mapa-nutricao-aplicada-a-enfermagem-51-2026\",\"url\":\"https:\\\/\\\/atividademapa.com\\\/?product=mapa-nutricao-aplicada-a-enfermagem-51-2026\",\"name\":\"MAPA - NUTRI\u00c7\u00c3O APLICADA A ENFERMAGEM - 51\\\/2026\",\"isPartOf\":{\"@id\":\"https:\\\/\\\/atividademapa.com\\\/#website\"},\"primaryImageOfPage\":{\"@id\":\"https:\\\/\\\/atividademapa.com\\\/?product=mapa-nutricao-aplicada-a-enfermagem-51-2026#primaryimage\"},\"image\":{\"@id\":\"https:\\\/\\\/atividademapa.com\\\/?product=mapa-nutricao-aplicada-a-enfermagem-51-2026#primaryimage\"},\"thumbnailUrl\":\"https:\\\/\\\/i0.wp.com\\\/atividademapa.com\\\/wp-content\\\/uploads\\\/2023\\\/03\\\/Atividade-M.A.P.A-3.png?fit=300%2C300&ssl=1\",\"datePublished\":\"2026-01-13T23:45:59+00:00\",\"dateModified\":\"2026-02-28T17:33:10+00:00\",\"description\":\"Atividade MAPA - NUTRI\u00c7\u00c3O APLICADA A ENFERMAGEM - 51\\\/2026 &#8902; Unicesumar. Baixe agora mesmo um Mapa Pronto resolvido!\",\"breadcrumb\":{\"@id\":\"https:\\\/\\\/atividademapa.com\\\/?product=mapa-nutricao-aplicada-a-enfermagem-51-2026#breadcrumb\"},\"inLanguage\":\"pt-BR\",\"potentialAction\":[{\"@type\":\"ReadAction\",\"target\":[\"https:\\\/\\\/atividademapa.com\\\/?product=mapa-nutricao-aplicada-a-enfermagem-51-2026\"]}]},{\"@type\":\"ImageObject\",\"inLanguage\":\"pt-BR\",\"@id\":\"https:\\\/\\\/atividademapa.com\\\/?product=mapa-nutricao-aplicada-a-enfermagem-51-2026#primaryimage\",\"url\":\"https:\\\/\\\/i0.wp.com\\\/atividademapa.com\\\/wp-content\\\/uploads\\\/2023\\\/03\\\/Atividade-M.A.P.A-3.png?fit=300%2C300&ssl=1\",\"contentUrl\":\"https:\\\/\\\/i0.wp.com\\\/atividademapa.com\\\/wp-content\\\/uploads\\\/2023\\\/03\\\/Atividade-M.A.P.A-3.png?fit=300%2C300&ssl=1\",\"width\":300,\"height\":300,\"caption\":\"Mapa Unicesumar Atividade\"},{\"@type\":\"BreadcrumbList\",\"@id\":\"https:\\\/\\\/atividademapa.com\\\/?product=mapa-nutricao-aplicada-a-enfermagem-51-2026#breadcrumb\",\"itemListElement\":[{\"@type\":\"ListItem\",\"position\":1,\"name\":\"In\u00edcio\",\"item\":\"https:\\\/\\\/atividademapa.com\\\/\"},{\"@type\":\"ListItem\",\"position\":2,\"name\":\"MAPAS\",\"item\":\"https:\\\/\\\/atividademapa.com\\\/?page_id=5\"},{\"@type\":\"ListItem\",\"position\":3,\"name\":\"MAPA &#8211; NUTRI\u00c7\u00c3O APLICADA A ENFERMAGEM &#8211; 51\\\/2026\"}]},{\"@type\":\"WebSite\",\"@id\":\"https:\\\/\\\/atividademapa.com\\\/#website\",\"url\":\"https:\\\/\\\/atividademapa.com\\\/\",\"name\":\"Atividade Mapa\",\"description\":\"StudeO | Unicesumar\",\"publisher\":{\"@id\":\"https:\\\/\\\/atividademapa.com\\\/#organization\"},\"potentialAction\":[{\"@type\":\"SearchAction\",\"target\":{\"@type\":\"EntryPoint\",\"urlTemplate\":\"https:\\\/\\\/atividademapa.com\\\/?s={search_term_string}\"},\"query-input\":{\"@type\":\"PropertyValueSpecification\",\"valueRequired\":true,\"valueName\":\"search_term_string\"}}],\"inLanguage\":\"pt-BR\"},{\"@type\":\"Organization\",\"@id\":\"https:\\\/\\\/atividademapa.com\\\/#organization\",\"name\":\"Atividade MAPA\",\"url\":\"https:\\\/\\\/atividademapa.com\\\/\",\"logo\":{\"@type\":\"ImageObject\",\"inLanguage\":\"pt-BR\",\"@id\":\"https:\\\/\\\/atividademapa.com\\\/#\\\/schema\\\/logo\\\/image\\\/\",\"url\":\"https:\\\/\\\/i0.wp.com\\\/atividademapa.com\\\/wp-content\\\/uploads\\\/2023\\\/02\\\/ATIVIDADE.png?fit=600%2C300&ssl=1\",\"contentUrl\":\"https:\\\/\\\/i0.wp.com\\\/atividademapa.com\\\/wp-content\\\/uploads\\\/2023\\\/02\\\/ATIVIDADE.png?fit=600%2C300&ssl=1\",\"width\":600,\"height\":300,\"caption\":\"Atividade MAPA\"},\"image\":{\"@id\":\"https:\\\/\\\/atividademapa.com\\\/#\\\/schema\\\/logo\\\/image\\\/\"}}]}<\/script>\n<!-- \/ Yoast SEO plugin. -->","yoast_head_json":{"title":"MAPA - NUTRI\u00c7\u00c3O APLICADA A ENFERMAGEM - 51\/2026","description":"Atividade MAPA - NUTRI\u00c7\u00c3O APLICADA A ENFERMAGEM - 51\/2026 &#8902; Unicesumar. Baixe agora mesmo um Mapa Pronto resolvido!","robots":{"index":"index","follow":"follow","max-snippet":"max-snippet:-1","max-image-preview":"max-image-preview:large","max-video-preview":"max-video-preview:-1"},"canonical":"https:\/\/atividademapa.com\/?product=mapa-nutricao-aplicada-a-enfermagem-51-2026","og_locale":"pt_BR","og_type":"article","og_title":"MAPA - NUTRI\u00c7\u00c3O APLICADA A ENFERMAGEM - 51\/2026","og_description":"Atividade MAPA - NUTRI\u00c7\u00c3O APLICADA A ENFERMAGEM - 51\/2026 &#8902; Unicesumar. Baixe agora mesmo um Mapa Pronto resolvido!","og_url":"https:\/\/atividademapa.com\/?product=mapa-nutricao-aplicada-a-enfermagem-51-2026","og_site_name":"Atividade Mapa","article_modified_time":"2026-02-28T17:33:10+00:00","og_image":[{"width":300,"height":300,"url":"https:\/\/atividademapa.com\/wp-content\/uploads\/2023\/03\/Atividade-M.A.P.A-3.png","type":"image\/png"}],"twitter_card":"summary_large_image","twitter_misc":{"Est. tempo de leitura":"3 minutos"},"schema":{"@context":"https:\/\/schema.org","@graph":[{"@type":"WebPage","@id":"https:\/\/atividademapa.com\/?product=mapa-nutricao-aplicada-a-enfermagem-51-2026","url":"https:\/\/atividademapa.com\/?product=mapa-nutricao-aplicada-a-enfermagem-51-2026","name":"MAPA - NUTRI\u00c7\u00c3O APLICADA A ENFERMAGEM - 51\/2026","isPartOf":{"@id":"https:\/\/atividademapa.com\/#website"},"primaryImageOfPage":{"@id":"https:\/\/atividademapa.com\/?product=mapa-nutricao-aplicada-a-enfermagem-51-2026#primaryimage"},"image":{"@id":"https:\/\/atividademapa.com\/?product=mapa-nutricao-aplicada-a-enfermagem-51-2026#primaryimage"},"thumbnailUrl":"https:\/\/i0.wp.com\/atividademapa.com\/wp-content\/uploads\/2023\/03\/Atividade-M.A.P.A-3.png?fit=300%2C300&ssl=1","datePublished":"2026-01-13T23:45:59+00:00","dateModified":"2026-02-28T17:33:10+00:00","description":"Atividade MAPA - NUTRI\u00c7\u00c3O APLICADA A ENFERMAGEM - 51\/2026 &#8902; Unicesumar. Baixe agora mesmo um Mapa Pronto resolvido!","breadcrumb":{"@id":"https:\/\/atividademapa.com\/?product=mapa-nutricao-aplicada-a-enfermagem-51-2026#breadcrumb"},"inLanguage":"pt-BR","potentialAction":[{"@type":"ReadAction","target":["https:\/\/atividademapa.com\/?product=mapa-nutricao-aplicada-a-enfermagem-51-2026"]}]},{"@type":"ImageObject","inLanguage":"pt-BR","@id":"https:\/\/atividademapa.com\/?product=mapa-nutricao-aplicada-a-enfermagem-51-2026#primaryimage","url":"https:\/\/i0.wp.com\/atividademapa.com\/wp-content\/uploads\/2023\/03\/Atividade-M.A.P.A-3.png?fit=300%2C300&ssl=1","contentUrl":"https:\/\/i0.wp.com\/atividademapa.com\/wp-content\/uploads\/2023\/03\/Atividade-M.A.P.A-3.png?fit=300%2C300&ssl=1","width":300,"height":300,"caption":"Mapa Unicesumar Atividade"},{"@type":"BreadcrumbList","@id":"https:\/\/atividademapa.com\/?product=mapa-nutricao-aplicada-a-enfermagem-51-2026#breadcrumb","itemListElement":[{"@type":"ListItem","position":1,"name":"In\u00edcio","item":"https:\/\/atividademapa.com\/"},{"@type":"ListItem","position":2,"name":"MAPAS","item":"https:\/\/atividademapa.com\/?page_id=5"},{"@type":"ListItem","position":3,"name":"MAPA &#8211; NUTRI\u00c7\u00c3O APLICADA A ENFERMAGEM &#8211; 51\/2026"}]},{"@type":"WebSite","@id":"https:\/\/atividademapa.com\/#website","url":"https:\/\/atividademapa.com\/","name":"Atividade Mapa","description":"StudeO | Unicesumar","publisher":{"@id":"https:\/\/atividademapa.com\/#organization"},"potentialAction":[{"@type":"SearchAction","target":{"@type":"EntryPoint","urlTemplate":"https:\/\/atividademapa.com\/?s={search_term_string}"},"query-input":{"@type":"PropertyValueSpecification","valueRequired":true,"valueName":"search_term_string"}}],"inLanguage":"pt-BR"},{"@type":"Organization","@id":"https:\/\/atividademapa.com\/#organization","name":"Atividade MAPA","url":"https:\/\/atividademapa.com\/","logo":{"@type":"ImageObject","inLanguage":"pt-BR","@id":"https:\/\/atividademapa.com\/#\/schema\/logo\/image\/","url":"https:\/\/i0.wp.com\/atividademapa.com\/wp-content\/uploads\/2023\/02\/ATIVIDADE.png?fit=600%2C300&ssl=1","contentUrl":"https:\/\/i0.wp.com\/atividademapa.com\/wp-content\/uploads\/2023\/02\/ATIVIDADE.png?fit=600%2C300&ssl=1","width":600,"height":300,"caption":"Atividade MAPA"},"image":{"@id":"https:\/\/atividademapa.com\/#\/schema\/logo\/image\/"}}]}},"_links":{"self":[{"href":"https:\/\/atividademapa.com\/index.php?rest_route=\/wp\/v2\/product\/6565","targetHints":{"allow":["GET"]}}],"collection":[{"href":"https:\/\/atividademapa.com\/index.php?rest_route=\/wp\/v2\/product"}],"about":[{"href":"https:\/\/atividademapa.com\/index.php?rest_route=\/wp\/v2\/types\/product"}],"version-history":[{"count":3,"href":"https:\/\/atividademapa.com\/index.php?rest_route=\/wp\/v2\/product\/6565\/revisions"}],"predecessor-version":[{"id":6665,"href":"https:\/\/atividademapa.com\/index.php?rest_route=\/wp\/v2\/product\/6565\/revisions\/6665"}],"wp:featuredmedia":[{"embeddable":true,"href":"https:\/\/atividademapa.com\/index.php?rest_route=\/wp\/v2\/media\/2326"}],"wp:attachment":[{"href":"https:\/\/atividademapa.com\/index.php?rest_route=%2Fwp%2Fv2%2Fmedia&parent=6565"}],"wp:term":[{"taxonomy":"product_brand","embeddable":true,"href":"https:\/\/atividademapa.com\/index.php?rest_route=%2Fwp%2Fv2%2Fproduct_brand&post=6565"},{"taxonomy":"product_cat","embeddable":true,"href":"https:\/\/atividademapa.com\/index.php?rest_route=%2Fwp%2Fv2%2Fproduct_cat&post=6565"},{"taxonomy":"product_tag","embeddable":true,"href":"https:\/\/atividademapa.com\/index.php?rest_route=%2Fwp%2Fv2%2Fproduct_tag&post=6565"}],"curies":[{"name":"wp","href":"https:\/\/api.w.org\/{rel}","templated":true}]}}