{"id":6582,"date":"2026-01-13T21:29:29","date_gmt":"2026-01-14T00:29:29","guid":{"rendered":"https:\/\/atividademapa.com\/?post_type=product&#038;p=6582"},"modified":"2026-02-28T14:04:05","modified_gmt":"2026-02-28T17:04:05","slug":"mapa-metodologia-do-ensino-da-arte-e-da-musica-51-2026","status":"publish","type":"product","link":"https:\/\/atividademapa.com\/?product=mapa-metodologia-do-ensino-da-arte-e-da-musica-51-2026","title":{"rendered":"MAPA &#8211; METODOLOGIA DO ENSINO DA ARTE E DA M\u00daSICA &#8211; 51\/2026"},"content":{"rendered":"<p class=\"ng-scope\">A exposi\u00e7\u00e3o \u201cAntes: hist\u00f3rias da pr\u00e9-hist\u00f3ria\u201d, apresentada e realizada pelo Centro Cultural Banco do Brasil, foi montada do dia 23 de julho a 25 de setembro de 2005. Ela foi inspirada no investigar imersivo do patrim\u00f4nio e da forma\u00e7\u00e3o da cultura do Brasil. No acervo constaram artefatos e representa\u00e7\u00f5es dos prim\u00f3rdios da ocupa\u00e7\u00e3o brasileira. A curadoria das 150 pe\u00e7as foi magistralmente de Ni\u00e9de Guidon e de Anne-Marie Pessis, resgatando a arte e a cultura de dezenas de milhares de anos, classificadas em manifesta\u00e7\u00f5es art\u00edsticas do litoral, da Amaz\u00f4nia e dos planaltos (interior brasileiro). Nesses per\u00edodos pret\u00e9ritos, a diversidade de fatores como o clima, a geografia e a popula\u00e7\u00e3o inspiravam as manifesta\u00e7\u00f5es art\u00edsticas, orientava a vida e a comunica\u00e7\u00e3o bem antes da escrita. Na exposi\u00e7\u00e3o, tivemos a presen\u00e7a de artefatos, desenhos, gravuras, representa\u00e7\u00f5es, esculturas, cer\u00e2micas, estatuetas de dois a trinta mil anos que as primeiras popula\u00e7\u00f5es deixaram como suas marcas eternizadas para os brasileiros.<\/p>\n<p><img data-recalc-dims=\"1\" decoding=\"async\" src=\"https:\/\/i0.wp.com\/sistemasead.unicesumar.edu.br\/flex\/amfphp\/services\/Portal\/ImagemQuestionario2\/QUE_301532_704772_1.jpg?ssl=1\" alt=\"\" \/><\/p>\n<p>\u200bVaso cari\u00e1tides<br \/>\nSantar\u00e9m (PA)| 10x15x18cm. Acervo da Cole\u00e7\u00e3o do Museu Paraense Em\u00edlio Goldi.<br \/>\nFonte: https:\/\/commons.wikipedia.org\/wiki\/File:Cultura_Santar%C3%A9m_-_Vaso_de_cari%C3%A1tides_MN_01.jpg. Acesso em: 3 fev. 2026.<\/p>\n<p><img data-recalc-dims=\"1\" decoding=\"async\" src=\"https:\/\/i0.wp.com\/sistemasead.unicesumar.edu.br\/flex\/amfphp\/services\/Portal\/ImagemQuestionario2\/QUE_301532_704772_2.jpg\" alt=\"\" \/><\/p>\n<p>\u200bTanga cer\u00e2mica<br \/>\nCultura Marajoara |Ilha de Maraj\u00f3 (PA) | Altura entre 11 a 12 cm. Acervo da Cole\u00e7\u00e3o do Museu Paraense Em\u00edlio Goldi.<br \/>\nFonte: \u200bhttps:\/\/www.museunacional.ufrj.br\/dir\/exposicoes\/arqueologia\/arqueologia-brasileira\/arqbra008.html. Acesso em: 3 fev. 2026.<\/p>\n<p><img data-recalc-dims=\"1\" decoding=\"async\" src=\"https:\/\/i0.wp.com\/sistemasead.unicesumar.edu.br\/flex\/amfphp\/services\/Portal\/ImagemQuestionario2\/QUE_301532_704772_3.jpg\" alt=\"\" \/><\/p>\n<p>Est\u00e1tua antropom\u00f3rfica<br \/>\nSantar\u00e9m (PA) | 30x22x18 cm. Acervo do Museu Nacional \u2013 UFRJ.<br \/>\n\u200bFonte: https:\/\/pt.wikipedia.org\/wiki\/Ficheiro:Cultura_Santar%C3%A9m_-_Vaso_antropomorfo_representando_um_homem_sentado_01.jpg. Acesso em: 3 fev. 2026.<\/p>\n<p>\u200bAp\u00f3s a leitura desse trecho do f\u00f4lder da exposi\u00e7\u00e3o, pense que esse material ainda continua pertinente para a reflex\u00e3o sobre a arte entrela\u00e7ada com a cultura humana.\u00a0Em cada per\u00edodo da hist\u00f3ria da arte, observamos o di\u00e1logo entre humanos-natureza-cultura.<\/p>\n<p class=\"ng-scope\">Chegou a hora de colocar\u00a0a m\u00e3o na massa!<\/p>\n<p class=\"ng-scope\">Em uma situa\u00e7\u00e3o hipot\u00e9tica, voc\u00ea \u00e9 o professor designado para montar a parte pr\u00e1tica da aula, ap\u00f3s a apresenta\u00e7\u00e3o do f\u00f4lder dessa exposi\u00e7\u00e3o. Realize essa pe\u00e7a! Produza\u00a0uma obra art\u00edstica com inspira\u00e7\u00e3o no que foi apresentado como texto da quest\u00e3o, combinado? Ou seja, fa\u00e7a algo que remeta e tenha inspira\u00e7\u00e3o na pr\u00e9-hist\u00f3ria da arte brasileira.<\/p>\n<p class=\"ng-scope\">Vamos l\u00e1:<\/p>\n<p class=\"ng-scope\">1\u00b0 &#8211; Indique o nome da sua cria\u00e7\u00e3o, as dimens\u00f5es (Comprimento x Altura x Largura) e o material utilizado para a confec\u00e7\u00e3o desse artefato art\u00edstico.<br \/>\n2\u00b0 &#8211; Tire uma foto dos materiais que ser\u00e3o utilizados para a confec\u00e7\u00e3o dessa pe\u00e7a.<br \/>\n3\u00b0 &#8211; Tire uma foto do processo de confec\u00e7\u00e3o dessa pe\u00e7a\u00a0(pe\u00e7a em andamento).<br \/>\n4\u00b0 &#8211; Tire uma foto da pe\u00e7a finalizada.<br \/>\n5\u00b0 &#8211; Elabore um texto comentando sobre a dificuldade de fazer pe\u00e7as que, aparentemente, pareciam simples obras de povos considerados \u201cprimitivos\u201d<strong>(m\u00ednimo 5 m\u00e1ximo 10 linhas)<\/strong>.<br \/>\n6\u00b0 &#8211; Elabore um texto analisando criticamente a contribui\u00e7\u00e3o da arte da pr\u00e9-hist\u00f3ria brasileira para a forma\u00e7\u00e3o da valoriza\u00e7\u00e3o cultural de artefatos\/pe\u00e7as produzidos pelos primeiros habitantes do que, hoje, chamamos de Brasil\u00a0<strong>(m\u00ednimo 7 m\u00e1ximo 15 linhas)<\/strong>.<\/p>\n<p class=\"ng-scope\">\n<strong>Orienta\u00e7\u00f5es gerais:<\/strong><br \/>\n1. O\u00a0v\u00eddeo explicativo sobre a atividade MAPA est\u00e1 dispon\u00edvel no ambiente da disciplina, para auxili\u00e1-lo no processo de cria\u00e7\u00e3o e desenvolvimento.<br \/>\n2. A atividade MAPA deve ser realizada no\u00a0<em>Template<\/em>\u00a0(Formul\u00e1rio Padr\u00e3o), dispon\u00edvel no ambiente da disciplina.<br \/>\n3. Ap\u00f3s o envio da atividade, n\u00e3o ser\u00e3o permitidas altera\u00e7\u00f5es ou reenvios. Portanto, revise atentamente seu arquivo antes de enviar, pois voc\u00ea ter\u00e1 apenas uma tentativa.<br \/>\n4. Aten\u00e7\u00e3o: c\u00f3pias de materiais sem as devidas refer\u00eancias e c\u00f3pias de outros estudantes\u00a0ser\u00e3o automaticamente zeradas. Toda cita\u00e7\u00e3o ou refer\u00eancia, mesmo que proveniente do livro da disciplina, deve seguir as normas da ABNT.<br \/>\n5. Procure esclarecer suas d\u00favidas com anteced\u00eancia, entrando em contato com a media\u00e7\u00e3o, para garantir que conseguir\u00e1 realizar a atividade conforme o conte\u00fado exigido.<br \/>\n6. Fique atento ao prazo de entrega! Evite deixar para enviar a atividade na \u00faltima hora, pois problemas com internet, computador ou software n\u00e3o ser\u00e3o aceitos como justificativa.<br \/>\nEm caso de d\u00favidas, encaminhe uma mensagem ao\u00a0Professor\u00a0Mediador\u00a0pelo Fale com o Mediador.<\/p>\n<p>Bons estudos!<\/p>\n<p>\u200b<\/p>\n","protected":false},"excerpt":{"rendered":"<p>A exposi\u00e7\u00e3o \u201cAntes: hist\u00f3rias da pr\u00e9-hist\u00f3ria\u201d, apresentada e realizada pelo Centro Cultural Banco do Brasil, foi montada do dia 23<\/p>\n","protected":false},"featured_media":2326,"template":"","meta":{"_monsterinsights_skip_tracking":false,"_monsterinsights_sitenote_active":false,"_monsterinsights_sitenote_note":"","_monsterinsights_sitenote_category":0},"product_brand":[],"product_cat":[168,30],"product_tag":[],"class_list":{"0":"post-6582","1":"product","2":"type-product","3":"status-publish","4":"has-post-thumbnail","6":"product_cat-51-2026","7":"product_cat-pedagogia","9":"first","10":"instock","11":"downloadable","12":"virtual","13":"purchasable","14":"product-type-simple"},"yoast_head":"<!-- This site is optimized with the Yoast SEO plugin v26.9 - https:\/\/yoast.com\/product\/yoast-seo-wordpress\/ -->\n<title>MAPA - METODOLOGIA DO ENSINO DA ARTE E DA M\u00daSICA - 51\/2026<\/title>\n<meta name=\"description\" content=\"Atividade MAPA - METODOLOGIA DO ENSINO DA ARTE E DA M\u00daSICA - 51\/2026 &#8902; Unicesumar. Baixe agora mesmo um Mapa Pronto resolvido!\" \/>\n<meta name=\"robots\" content=\"index, follow, max-snippet:-1, max-image-preview:large, max-video-preview:-1\" \/>\n<link rel=\"canonical\" href=\"https:\/\/atividademapa.com\/?product=mapa-metodologia-do-ensino-da-arte-e-da-musica-51-2026\" \/>\n<meta property=\"og:locale\" content=\"pt_BR\" \/>\n<meta property=\"og:type\" content=\"article\" \/>\n<meta property=\"og:title\" content=\"MAPA - METODOLOGIA DO ENSINO DA ARTE E DA M\u00daSICA - 51\/2026\" \/>\n<meta property=\"og:description\" content=\"Atividade MAPA - METODOLOGIA DO ENSINO DA ARTE E DA M\u00daSICA - 51\/2026 &#8902; Unicesumar. Baixe agora mesmo um Mapa Pronto resolvido!\" \/>\n<meta property=\"og:url\" content=\"https:\/\/atividademapa.com\/?product=mapa-metodologia-do-ensino-da-arte-e-da-musica-51-2026\" \/>\n<meta property=\"og:site_name\" content=\"Atividade Mapa\" \/>\n<meta property=\"article:modified_time\" content=\"2026-02-28T17:04:05+00:00\" \/>\n<meta property=\"og:image\" content=\"https:\/\/atividademapa.com\/wp-content\/uploads\/2023\/03\/Atividade-M.A.P.A-3.png\" \/>\n\t<meta property=\"og:image:width\" content=\"300\" \/>\n\t<meta property=\"og:image:height\" content=\"300\" \/>\n\t<meta property=\"og:image:type\" content=\"image\/png\" \/>\n<meta name=\"twitter:card\" content=\"summary_large_image\" \/>\n<meta name=\"twitter:label1\" content=\"Est. tempo de leitura\" \/>\n\t<meta name=\"twitter:data1\" content=\"4 minutos\" \/>\n<script type=\"application\/ld+json\" class=\"yoast-schema-graph\">{\"@context\":\"https:\/\/schema.org\",\"@graph\":[{\"@type\":\"WebPage\",\"@id\":\"https:\/\/atividademapa.com\/?product=mapa-metodologia-do-ensino-da-arte-e-da-musica-51-2026\",\"url\":\"https:\/\/atividademapa.com\/?product=mapa-metodologia-do-ensino-da-arte-e-da-musica-51-2026\",\"name\":\"MAPA - METODOLOGIA DO ENSINO DA ARTE E DA M\u00daSICA - 51\/2026\",\"isPartOf\":{\"@id\":\"https:\/\/atividademapa.com\/#website\"},\"primaryImageOfPage\":{\"@id\":\"https:\/\/atividademapa.com\/?product=mapa-metodologia-do-ensino-da-arte-e-da-musica-51-2026#primaryimage\"},\"image\":{\"@id\":\"https:\/\/atividademapa.com\/?product=mapa-metodologia-do-ensino-da-arte-e-da-musica-51-2026#primaryimage\"},\"thumbnailUrl\":\"https:\/\/i0.wp.com\/atividademapa.com\/wp-content\/uploads\/2023\/03\/Atividade-M.A.P.A-3.png?fit=300%2C300&ssl=1\",\"datePublished\":\"2026-01-14T00:29:29+00:00\",\"dateModified\":\"2026-02-28T17:04:05+00:00\",\"description\":\"Atividade MAPA - METODOLOGIA DO ENSINO DA ARTE E DA M\u00daSICA - 51\/2026 &#8902; Unicesumar. Baixe agora mesmo um Mapa Pronto resolvido!\",\"breadcrumb\":{\"@id\":\"https:\/\/atividademapa.com\/?product=mapa-metodologia-do-ensino-da-arte-e-da-musica-51-2026#breadcrumb\"},\"inLanguage\":\"pt-BR\",\"potentialAction\":[{\"@type\":\"ReadAction\",\"target\":[\"https:\/\/atividademapa.com\/?product=mapa-metodologia-do-ensino-da-arte-e-da-musica-51-2026\"]}]},{\"@type\":\"ImageObject\",\"inLanguage\":\"pt-BR\",\"@id\":\"https:\/\/atividademapa.com\/?product=mapa-metodologia-do-ensino-da-arte-e-da-musica-51-2026#primaryimage\",\"url\":\"https:\/\/i0.wp.com\/atividademapa.com\/wp-content\/uploads\/2023\/03\/Atividade-M.A.P.A-3.png?fit=300%2C300&ssl=1\",\"contentUrl\":\"https:\/\/i0.wp.com\/atividademapa.com\/wp-content\/uploads\/2023\/03\/Atividade-M.A.P.A-3.png?fit=300%2C300&ssl=1\",\"width\":300,\"height\":300,\"caption\":\"Mapa Unicesumar Atividade\"},{\"@type\":\"BreadcrumbList\",\"@id\":\"https:\/\/atividademapa.com\/?product=mapa-metodologia-do-ensino-da-arte-e-da-musica-51-2026#breadcrumb\",\"itemListElement\":[{\"@type\":\"ListItem\",\"position\":1,\"name\":\"In\u00edcio\",\"item\":\"https:\/\/atividademapa.com\/\"},{\"@type\":\"ListItem\",\"position\":2,\"name\":\"MAPAS\",\"item\":\"https:\/\/atividademapa.com\/?page_id=5\"},{\"@type\":\"ListItem\",\"position\":3,\"name\":\"MAPA &#8211; METODOLOGIA DO ENSINO DA ARTE E DA M\u00daSICA &#8211; 51\/2026\"}]},{\"@type\":\"WebSite\",\"@id\":\"https:\/\/atividademapa.com\/#website\",\"url\":\"https:\/\/atividademapa.com\/\",\"name\":\"Atividade Mapa\",\"description\":\"StudeO | Unicesumar\",\"publisher\":{\"@id\":\"https:\/\/atividademapa.com\/#organization\"},\"potentialAction\":[{\"@type\":\"SearchAction\",\"target\":{\"@type\":\"EntryPoint\",\"urlTemplate\":\"https:\/\/atividademapa.com\/?s={search_term_string}\"},\"query-input\":{\"@type\":\"PropertyValueSpecification\",\"valueRequired\":true,\"valueName\":\"search_term_string\"}}],\"inLanguage\":\"pt-BR\"},{\"@type\":\"Organization\",\"@id\":\"https:\/\/atividademapa.com\/#organization\",\"name\":\"Atividade MAPA\",\"url\":\"https:\/\/atividademapa.com\/\",\"logo\":{\"@type\":\"ImageObject\",\"inLanguage\":\"pt-BR\",\"@id\":\"https:\/\/atividademapa.com\/#\/schema\/logo\/image\/\",\"url\":\"https:\/\/i0.wp.com\/atividademapa.com\/wp-content\/uploads\/2023\/02\/ATIVIDADE.png?fit=600%2C300&ssl=1\",\"contentUrl\":\"https:\/\/i0.wp.com\/atividademapa.com\/wp-content\/uploads\/2023\/02\/ATIVIDADE.png?fit=600%2C300&ssl=1\",\"width\":600,\"height\":300,\"caption\":\"Atividade MAPA\"},\"image\":{\"@id\":\"https:\/\/atividademapa.com\/#\/schema\/logo\/image\/\"}}]}<\/script>\n<!-- \/ Yoast SEO plugin. -->","yoast_head_json":{"title":"MAPA - METODOLOGIA DO ENSINO DA ARTE E DA M\u00daSICA - 51\/2026","description":"Atividade MAPA - METODOLOGIA DO ENSINO DA ARTE E DA M\u00daSICA - 51\/2026 &#8902; Unicesumar. Baixe agora mesmo um Mapa Pronto resolvido!","robots":{"index":"index","follow":"follow","max-snippet":"max-snippet:-1","max-image-preview":"max-image-preview:large","max-video-preview":"max-video-preview:-1"},"canonical":"https:\/\/atividademapa.com\/?product=mapa-metodologia-do-ensino-da-arte-e-da-musica-51-2026","og_locale":"pt_BR","og_type":"article","og_title":"MAPA - METODOLOGIA DO ENSINO DA ARTE E DA M\u00daSICA - 51\/2026","og_description":"Atividade MAPA - METODOLOGIA DO ENSINO DA ARTE E DA M\u00daSICA - 51\/2026 &#8902; Unicesumar. Baixe agora mesmo um Mapa Pronto resolvido!","og_url":"https:\/\/atividademapa.com\/?product=mapa-metodologia-do-ensino-da-arte-e-da-musica-51-2026","og_site_name":"Atividade Mapa","article_modified_time":"2026-02-28T17:04:05+00:00","og_image":[{"width":300,"height":300,"url":"https:\/\/atividademapa.com\/wp-content\/uploads\/2023\/03\/Atividade-M.A.P.A-3.png","type":"image\/png"}],"twitter_card":"summary_large_image","twitter_misc":{"Est. tempo de leitura":"4 minutos"},"schema":{"@context":"https:\/\/schema.org","@graph":[{"@type":"WebPage","@id":"https:\/\/atividademapa.com\/?product=mapa-metodologia-do-ensino-da-arte-e-da-musica-51-2026","url":"https:\/\/atividademapa.com\/?product=mapa-metodologia-do-ensino-da-arte-e-da-musica-51-2026","name":"MAPA - METODOLOGIA DO ENSINO DA ARTE E DA M\u00daSICA - 51\/2026","isPartOf":{"@id":"https:\/\/atividademapa.com\/#website"},"primaryImageOfPage":{"@id":"https:\/\/atividademapa.com\/?product=mapa-metodologia-do-ensino-da-arte-e-da-musica-51-2026#primaryimage"},"image":{"@id":"https:\/\/atividademapa.com\/?product=mapa-metodologia-do-ensino-da-arte-e-da-musica-51-2026#primaryimage"},"thumbnailUrl":"https:\/\/i0.wp.com\/atividademapa.com\/wp-content\/uploads\/2023\/03\/Atividade-M.A.P.A-3.png?fit=300%2C300&ssl=1","datePublished":"2026-01-14T00:29:29+00:00","dateModified":"2026-02-28T17:04:05+00:00","description":"Atividade MAPA - METODOLOGIA DO ENSINO DA ARTE E DA M\u00daSICA - 51\/2026 &#8902; Unicesumar. Baixe agora mesmo um Mapa Pronto resolvido!","breadcrumb":{"@id":"https:\/\/atividademapa.com\/?product=mapa-metodologia-do-ensino-da-arte-e-da-musica-51-2026#breadcrumb"},"inLanguage":"pt-BR","potentialAction":[{"@type":"ReadAction","target":["https:\/\/atividademapa.com\/?product=mapa-metodologia-do-ensino-da-arte-e-da-musica-51-2026"]}]},{"@type":"ImageObject","inLanguage":"pt-BR","@id":"https:\/\/atividademapa.com\/?product=mapa-metodologia-do-ensino-da-arte-e-da-musica-51-2026#primaryimage","url":"https:\/\/i0.wp.com\/atividademapa.com\/wp-content\/uploads\/2023\/03\/Atividade-M.A.P.A-3.png?fit=300%2C300&ssl=1","contentUrl":"https:\/\/i0.wp.com\/atividademapa.com\/wp-content\/uploads\/2023\/03\/Atividade-M.A.P.A-3.png?fit=300%2C300&ssl=1","width":300,"height":300,"caption":"Mapa Unicesumar Atividade"},{"@type":"BreadcrumbList","@id":"https:\/\/atividademapa.com\/?product=mapa-metodologia-do-ensino-da-arte-e-da-musica-51-2026#breadcrumb","itemListElement":[{"@type":"ListItem","position":1,"name":"In\u00edcio","item":"https:\/\/atividademapa.com\/"},{"@type":"ListItem","position":2,"name":"MAPAS","item":"https:\/\/atividademapa.com\/?page_id=5"},{"@type":"ListItem","position":3,"name":"MAPA &#8211; METODOLOGIA DO ENSINO DA ARTE E DA M\u00daSICA &#8211; 51\/2026"}]},{"@type":"WebSite","@id":"https:\/\/atividademapa.com\/#website","url":"https:\/\/atividademapa.com\/","name":"Atividade Mapa","description":"StudeO | Unicesumar","publisher":{"@id":"https:\/\/atividademapa.com\/#organization"},"potentialAction":[{"@type":"SearchAction","target":{"@type":"EntryPoint","urlTemplate":"https:\/\/atividademapa.com\/?s={search_term_string}"},"query-input":{"@type":"PropertyValueSpecification","valueRequired":true,"valueName":"search_term_string"}}],"inLanguage":"pt-BR"},{"@type":"Organization","@id":"https:\/\/atividademapa.com\/#organization","name":"Atividade MAPA","url":"https:\/\/atividademapa.com\/","logo":{"@type":"ImageObject","inLanguage":"pt-BR","@id":"https:\/\/atividademapa.com\/#\/schema\/logo\/image\/","url":"https:\/\/i0.wp.com\/atividademapa.com\/wp-content\/uploads\/2023\/02\/ATIVIDADE.png?fit=600%2C300&ssl=1","contentUrl":"https:\/\/i0.wp.com\/atividademapa.com\/wp-content\/uploads\/2023\/02\/ATIVIDADE.png?fit=600%2C300&ssl=1","width":600,"height":300,"caption":"Atividade MAPA"},"image":{"@id":"https:\/\/atividademapa.com\/#\/schema\/logo\/image\/"}}]}},"_links":{"self":[{"href":"https:\/\/atividademapa.com\/index.php?rest_route=\/wp\/v2\/product\/6582","targetHints":{"allow":["GET"]}}],"collection":[{"href":"https:\/\/atividademapa.com\/index.php?rest_route=\/wp\/v2\/product"}],"about":[{"href":"https:\/\/atividademapa.com\/index.php?rest_route=\/wp\/v2\/types\/product"}],"version-history":[{"count":3,"href":"https:\/\/atividademapa.com\/index.php?rest_route=\/wp\/v2\/product\/6582\/revisions"}],"predecessor-version":[{"id":6662,"href":"https:\/\/atividademapa.com\/index.php?rest_route=\/wp\/v2\/product\/6582\/revisions\/6662"}],"wp:featuredmedia":[{"embeddable":true,"href":"https:\/\/atividademapa.com\/index.php?rest_route=\/wp\/v2\/media\/2326"}],"wp:attachment":[{"href":"https:\/\/atividademapa.com\/index.php?rest_route=%2Fwp%2Fv2%2Fmedia&parent=6582"}],"wp:term":[{"taxonomy":"product_brand","embeddable":true,"href":"https:\/\/atividademapa.com\/index.php?rest_route=%2Fwp%2Fv2%2Fproduct_brand&post=6582"},{"taxonomy":"product_cat","embeddable":true,"href":"https:\/\/atividademapa.com\/index.php?rest_route=%2Fwp%2Fv2%2Fproduct_cat&post=6582"},{"taxonomy":"product_tag","embeddable":true,"href":"https:\/\/atividademapa.com\/index.php?rest_route=%2Fwp%2Fv2%2Fproduct_tag&post=6582"}],"curies":[{"name":"wp","href":"https:\/\/api.w.org\/{rel}","templated":true}]}}