{"id":6608,"date":"2026-01-29T19:32:50","date_gmt":"2026-01-29T22:32:50","guid":{"rendered":"https:\/\/atividademapa.com\/?post_type=product&#038;p=6608"},"modified":"2026-02-28T13:28:08","modified_gmt":"2026-02-28T16:28:08","slug":"mapa-didatica-51-2026","status":"publish","type":"product","link":"https:\/\/atividademapa.com\/?product=mapa-didatica-51-2026","title":{"rendered":"MAPA &#8211; DID\u00c1TICA- 51\/2026"},"content":{"rendered":"<p>MAPA \u2013 Did\u00e1tica \u2013 51\/2025<\/p>\n<p>INSTRU\u00c7\u00d5ES PARA REALIZA\u00c7\u00c3O DA ATIVIDADE<\/p>\n<p>Todos os campos acima dever\u00e3o ser devidamente preenchidos;<br \/>\n\u00c9 obrigat\u00f3ria a utiliza\u00e7\u00e3o deste formul\u00e1rio para a realiza\u00e7\u00e3o do MAPA;<br \/>\nEsta \u00e9 uma atividade individual. Caso identificado c\u00f3pia de colegas, o trabalho de ambos sofrer\u00e1 decr\u00e9scimo de nota;<br \/>\nUtilizando este formul\u00e1rio, realize sua atividade, salve em seu computador, renomeie e envie em forma de anexo no campo de resposta da atividade MAPA;<br \/>\nFormata\u00e7\u00e3o exigida para esta atividade: documento Word, Fonte Arial ou Times New Roman tamanho 12, Espa\u00e7amento entre linhas 1,5, texto justificado;<br \/>\nAo utilizar quaisquer materiais de pesquisa referencie conforme as normas da ABNT (cita\u00e7\u00f5es e refer\u00eancias);<br \/>\nNo campo \u201cSala do Caf\u00e9\u201d, dentro do ambiente virtual da disciplina voc\u00ea encontrar\u00e1 orienta\u00e7\u00f5es importantes para elabora\u00e7\u00e3o desta atividade. Confira!<br \/>\nCrit\u00e9rios de avalia\u00e7\u00e3o: Utiliza\u00e7\u00e3o do template; Atendimento ao Tema; Constitui\u00e7\u00e3o dos argumentos e organiza\u00e7\u00e3o das Ideias; Corre\u00e7\u00e3o Gramatical e atendimento \u00e0s normas ABNT.<br \/>\nProcure argumentar de forma clara e objetiva, de acordo com o conte\u00fado da disciplina.<br \/>\nEsta atividade dever\u00e1 ser realizada individualmente. Caso identificado pl\u00e1gio de colegas, o trabalho de ambos ser\u00e1 zerado.<\/p>\n<p>Em caso de d\u00favidas, entre em contato com seu Professor Mediador.<\/p>\n<p>&nbsp;<\/p>\n<p>Ap\u00f3s ler a proposta da atividade MAPA na \u00edntegra dentro do ambiente da disciplina de DID\u00c1TICA, assistir ao v\u00eddeo explicativo do MAPA que se encontra da Sala do Caf\u00e9 desenvolva seu MAPA de acordo com que foi solicitado.<\/p>\n<p>&nbsp;<\/p>\n<p>Constru\u00e7\u00e3o de um mapa mental, com as principais caracter\u00edsticas de cada tend\u00eancia pedag\u00f3gica.<\/p>\n<p>&nbsp;<\/p>\n<p>O que \u00e9 preciso conter neste mapa mental?<\/p>\n<p>1 \u2013 Preenche cabe\u00e7alho do formul\u00e1rio padr\u00e3o;<\/p>\n<p>2 \u2013 Nome e RA;<\/p>\n<p>3 \u2013 O nome de cada uma das tend\u00eancias pedag\u00f3gicas;<\/p>\n<p>4 \u2013 Principais caracter\u00edsticas de cada tend\u00eancia pedag\u00f3gica: papel do professor, papel do aluno, conte\u00fado, papel da escola, aprendizagem e avalia\u00e7\u00e3o.<\/p>\n<p>&nbsp;<\/p>\n<p>TEND\u00caNCIAS PEDAG\u00d3GICAS<\/p>\n<p>Tend\u00eancia pedag\u00f3gica:Ano:<\/p>\n<p>Papel do professor:<\/p>\n<p>Papel do aluno:<br \/>\nConte\u00fado:<br \/>\nPapel da escola:<\/p>\n<p>Aprendizagem:<br \/>\nAvalia\u00e7\u00e3o:<\/p>\n<p>&nbsp;<\/p>\n<p>&nbsp;<\/p>\n<p>&nbsp;<\/p>\n<p>&nbsp;<\/p>\n<p>Tend\u00eancia pedag\u00f3gica:<\/p>\n<p>Ano:<\/p>\n<p>Papel do professor:<\/p>\n<p>Papel do aluno:<br \/>\nConte\u00fado:<br \/>\nPapel da escola:<\/p>\n<p>Aprendizagem:<br \/>\nAvalia\u00e7\u00e3o:<\/p>\n<p>&nbsp;<\/p>\n<p>&nbsp;<\/p>\n<p>&nbsp;<\/p>\n<p>&nbsp;<\/p>\n<p>&nbsp;<\/p>\n<p>&nbsp;<\/p>\n<p>&nbsp;<\/p>\n<p>&nbsp;<\/p>\n<p>Tend\u00eancia pedag\u00f3gica:<\/p>\n<p>Ano:<\/p>\n<p>Papel do professor:<\/p>\n<p>Papel do aluno:<br \/>\nConte\u00fado:<br \/>\nPapel da escola:<\/p>\n<p>Aprendizagem:<br \/>\nAvalia\u00e7\u00e3o:<\/p>\n<p>&nbsp;<\/p>\n<p>&nbsp;<\/p>\n<p>&nbsp;<\/p>\n<p>&nbsp;<\/p>\n<p>Tend\u00eancia pedag\u00f3gica:<\/p>\n<p>Ano:<\/p>\n<p>Papel do professor:<\/p>\n<p>Papel do aluno:<br \/>\nConte\u00fado:<br \/>\nPapel da escola:<\/p>\n<p>Aprendizagem:<br \/>\nAvalia\u00e7\u00e3o:<\/p>\n<p>&nbsp;<\/p>\n<p>&nbsp;<\/p>\n<p>&nbsp;<\/p>\n<p>&nbsp;<\/p>\n<p>Tend\u00eancia pedag\u00f3gica:Ano:<br \/>\nPapel do professor:<\/p>\n<p>Papel do aluno:<br \/>\nConte\u00fado:<br \/>\nPapel da escola:<br \/>\nAprendizagem:<br \/>\nAvalia\u00e7\u00e3o:<\/p>\n<p>Refer\u00eancias: Somente se fizer uso de cita\u00e7\u00f5es (consulte o material sobre ABNT \u2013 Cita\u00e7\u00f5es e Refer\u00eancias na Sala do Caf\u00e9).<\/p>\n","protected":false},"excerpt":{"rendered":"<p>MAPA \u2013 Did\u00e1tica \u2013 51\/2025 INSTRU\u00c7\u00d5ES PARA REALIZA\u00c7\u00c3O DA ATIVIDADE Todos os campos acima dever\u00e3o ser devidamente preenchidos; \u00c9 obrigat\u00f3ria<\/p>\n","protected":false},"featured_media":2326,"template":"","meta":{"_monsterinsights_skip_tracking":false,"_monsterinsights_sitenote_active":false,"_monsterinsights_sitenote_note":"","_monsterinsights_sitenote_category":0},"product_brand":[],"product_cat":[168,42,30],"product_tag":[],"class_list":{"0":"post-6608","1":"product","2":"type-product","3":"status-publish","4":"has-post-thumbnail","6":"product_cat-51-2026","7":"product_cat-educacao-fisica","8":"product_cat-pedagogia","10":"first","11":"instock","12":"downloadable","13":"virtual","14":"purchasable","15":"product-type-simple"},"yoast_head":"<!-- This site is optimized with the Yoast SEO plugin v27.4 - https:\/\/yoast.com\/product\/yoast-seo-wordpress\/ -->\n<title>MAPA - DID\u00c1TICA- 51\/2026<\/title>\n<meta name=\"description\" content=\"Atividade MAPA - DID\u00c1TICA- 51\/2026 &#8902; Unicesumar. Baixe agora mesmo um Mapa Pronto resolvido!\" \/>\n<meta name=\"robots\" content=\"index, follow, max-snippet:-1, max-image-preview:large, max-video-preview:-1\" \/>\n<link rel=\"canonical\" href=\"https:\/\/atividademapa.com\/?product=mapa-didatica-51-2026\" \/>\n<meta property=\"og:locale\" content=\"pt_BR\" \/>\n<meta property=\"og:type\" content=\"article\" \/>\n<meta property=\"og:title\" content=\"MAPA - DID\u00c1TICA- 51\/2026\" \/>\n<meta property=\"og:description\" content=\"Atividade MAPA - DID\u00c1TICA- 51\/2026 &#8902; Unicesumar. Baixe agora mesmo um Mapa Pronto resolvido!\" \/>\n<meta property=\"og:url\" content=\"https:\/\/atividademapa.com\/?product=mapa-didatica-51-2026\" \/>\n<meta property=\"og:site_name\" content=\"Atividade Mapa\" \/>\n<meta property=\"article:modified_time\" content=\"2026-02-28T16:28:08+00:00\" \/>\n<meta property=\"og:image\" content=\"https:\/\/atividademapa.com\/wp-content\/uploads\/2023\/03\/Atividade-M.A.P.A-3.png\" \/>\n\t<meta property=\"og:image:width\" content=\"300\" \/>\n\t<meta property=\"og:image:height\" content=\"300\" \/>\n\t<meta property=\"og:image:type\" content=\"image\/png\" \/>\n<meta name=\"twitter:card\" content=\"summary_large_image\" \/>\n<meta name=\"twitter:label1\" content=\"Est. tempo de leitura\" \/>\n\t<meta name=\"twitter:data1\" content=\"2 minutos\" \/>\n<script type=\"application\/ld+json\" class=\"yoast-schema-graph\">{\"@context\":\"https:\\\/\\\/schema.org\",\"@graph\":[{\"@type\":\"WebPage\",\"@id\":\"https:\\\/\\\/atividademapa.com\\\/?product=mapa-didatica-51-2026\",\"url\":\"https:\\\/\\\/atividademapa.com\\\/?product=mapa-didatica-51-2026\",\"name\":\"MAPA - DID\u00c1TICA- 51\\\/2026\",\"isPartOf\":{\"@id\":\"https:\\\/\\\/atividademapa.com\\\/#website\"},\"primaryImageOfPage\":{\"@id\":\"https:\\\/\\\/atividademapa.com\\\/?product=mapa-didatica-51-2026#primaryimage\"},\"image\":{\"@id\":\"https:\\\/\\\/atividademapa.com\\\/?product=mapa-didatica-51-2026#primaryimage\"},\"thumbnailUrl\":\"https:\\\/\\\/i0.wp.com\\\/atividademapa.com\\\/wp-content\\\/uploads\\\/2023\\\/03\\\/Atividade-M.A.P.A-3.png?fit=300%2C300&ssl=1\",\"datePublished\":\"2026-01-29T22:32:50+00:00\",\"dateModified\":\"2026-02-28T16:28:08+00:00\",\"description\":\"Atividade MAPA - DID\u00c1TICA- 51\\\/2026 &#8902; Unicesumar. Baixe agora mesmo um Mapa Pronto resolvido!\",\"breadcrumb\":{\"@id\":\"https:\\\/\\\/atividademapa.com\\\/?product=mapa-didatica-51-2026#breadcrumb\"},\"inLanguage\":\"pt-BR\",\"potentialAction\":[{\"@type\":\"ReadAction\",\"target\":[\"https:\\\/\\\/atividademapa.com\\\/?product=mapa-didatica-51-2026\"]}]},{\"@type\":\"ImageObject\",\"inLanguage\":\"pt-BR\",\"@id\":\"https:\\\/\\\/atividademapa.com\\\/?product=mapa-didatica-51-2026#primaryimage\",\"url\":\"https:\\\/\\\/i0.wp.com\\\/atividademapa.com\\\/wp-content\\\/uploads\\\/2023\\\/03\\\/Atividade-M.A.P.A-3.png?fit=300%2C300&ssl=1\",\"contentUrl\":\"https:\\\/\\\/i0.wp.com\\\/atividademapa.com\\\/wp-content\\\/uploads\\\/2023\\\/03\\\/Atividade-M.A.P.A-3.png?fit=300%2C300&ssl=1\",\"width\":300,\"height\":300,\"caption\":\"Mapa Unicesumar Atividade\"},{\"@type\":\"BreadcrumbList\",\"@id\":\"https:\\\/\\\/atividademapa.com\\\/?product=mapa-didatica-51-2026#breadcrumb\",\"itemListElement\":[{\"@type\":\"ListItem\",\"position\":1,\"name\":\"In\u00edcio\",\"item\":\"https:\\\/\\\/atividademapa.com\\\/\"},{\"@type\":\"ListItem\",\"position\":2,\"name\":\"MAPAS\",\"item\":\"https:\\\/\\\/atividademapa.com\\\/?page_id=5\"},{\"@type\":\"ListItem\",\"position\":3,\"name\":\"MAPA &#8211; DID\u00c1TICA- 51\\\/2026\"}]},{\"@type\":\"WebSite\",\"@id\":\"https:\\\/\\\/atividademapa.com\\\/#website\",\"url\":\"https:\\\/\\\/atividademapa.com\\\/\",\"name\":\"Atividade Mapa\",\"description\":\"StudeO | Unicesumar\",\"publisher\":{\"@id\":\"https:\\\/\\\/atividademapa.com\\\/#organization\"},\"potentialAction\":[{\"@type\":\"SearchAction\",\"target\":{\"@type\":\"EntryPoint\",\"urlTemplate\":\"https:\\\/\\\/atividademapa.com\\\/?s={search_term_string}\"},\"query-input\":{\"@type\":\"PropertyValueSpecification\",\"valueRequired\":true,\"valueName\":\"search_term_string\"}}],\"inLanguage\":\"pt-BR\"},{\"@type\":\"Organization\",\"@id\":\"https:\\\/\\\/atividademapa.com\\\/#organization\",\"name\":\"Atividade MAPA\",\"url\":\"https:\\\/\\\/atividademapa.com\\\/\",\"logo\":{\"@type\":\"ImageObject\",\"inLanguage\":\"pt-BR\",\"@id\":\"https:\\\/\\\/atividademapa.com\\\/#\\\/schema\\\/logo\\\/image\\\/\",\"url\":\"https:\\\/\\\/i0.wp.com\\\/atividademapa.com\\\/wp-content\\\/uploads\\\/2023\\\/02\\\/ATIVIDADE.png?fit=600%2C300&ssl=1\",\"contentUrl\":\"https:\\\/\\\/i0.wp.com\\\/atividademapa.com\\\/wp-content\\\/uploads\\\/2023\\\/02\\\/ATIVIDADE.png?fit=600%2C300&ssl=1\",\"width\":600,\"height\":300,\"caption\":\"Atividade MAPA\"},\"image\":{\"@id\":\"https:\\\/\\\/atividademapa.com\\\/#\\\/schema\\\/logo\\\/image\\\/\"}}]}<\/script>\n<!-- \/ Yoast SEO plugin. -->","yoast_head_json":{"title":"MAPA - DID\u00c1TICA- 51\/2026","description":"Atividade MAPA - DID\u00c1TICA- 51\/2026 &#8902; Unicesumar. Baixe agora mesmo um Mapa Pronto resolvido!","robots":{"index":"index","follow":"follow","max-snippet":"max-snippet:-1","max-image-preview":"max-image-preview:large","max-video-preview":"max-video-preview:-1"},"canonical":"https:\/\/atividademapa.com\/?product=mapa-didatica-51-2026","og_locale":"pt_BR","og_type":"article","og_title":"MAPA - DID\u00c1TICA- 51\/2026","og_description":"Atividade MAPA - DID\u00c1TICA- 51\/2026 &#8902; Unicesumar. Baixe agora mesmo um Mapa Pronto resolvido!","og_url":"https:\/\/atividademapa.com\/?product=mapa-didatica-51-2026","og_site_name":"Atividade Mapa","article_modified_time":"2026-02-28T16:28:08+00:00","og_image":[{"width":300,"height":300,"url":"https:\/\/atividademapa.com\/wp-content\/uploads\/2023\/03\/Atividade-M.A.P.A-3.png","type":"image\/png"}],"twitter_card":"summary_large_image","twitter_misc":{"Est. tempo de leitura":"2 minutos"},"schema":{"@context":"https:\/\/schema.org","@graph":[{"@type":"WebPage","@id":"https:\/\/atividademapa.com\/?product=mapa-didatica-51-2026","url":"https:\/\/atividademapa.com\/?product=mapa-didatica-51-2026","name":"MAPA - DID\u00c1TICA- 51\/2026","isPartOf":{"@id":"https:\/\/atividademapa.com\/#website"},"primaryImageOfPage":{"@id":"https:\/\/atividademapa.com\/?product=mapa-didatica-51-2026#primaryimage"},"image":{"@id":"https:\/\/atividademapa.com\/?product=mapa-didatica-51-2026#primaryimage"},"thumbnailUrl":"https:\/\/i0.wp.com\/atividademapa.com\/wp-content\/uploads\/2023\/03\/Atividade-M.A.P.A-3.png?fit=300%2C300&ssl=1","datePublished":"2026-01-29T22:32:50+00:00","dateModified":"2026-02-28T16:28:08+00:00","description":"Atividade MAPA - DID\u00c1TICA- 51\/2026 &#8902; Unicesumar. Baixe agora mesmo um Mapa Pronto resolvido!","breadcrumb":{"@id":"https:\/\/atividademapa.com\/?product=mapa-didatica-51-2026#breadcrumb"},"inLanguage":"pt-BR","potentialAction":[{"@type":"ReadAction","target":["https:\/\/atividademapa.com\/?product=mapa-didatica-51-2026"]}]},{"@type":"ImageObject","inLanguage":"pt-BR","@id":"https:\/\/atividademapa.com\/?product=mapa-didatica-51-2026#primaryimage","url":"https:\/\/i0.wp.com\/atividademapa.com\/wp-content\/uploads\/2023\/03\/Atividade-M.A.P.A-3.png?fit=300%2C300&ssl=1","contentUrl":"https:\/\/i0.wp.com\/atividademapa.com\/wp-content\/uploads\/2023\/03\/Atividade-M.A.P.A-3.png?fit=300%2C300&ssl=1","width":300,"height":300,"caption":"Mapa Unicesumar Atividade"},{"@type":"BreadcrumbList","@id":"https:\/\/atividademapa.com\/?product=mapa-didatica-51-2026#breadcrumb","itemListElement":[{"@type":"ListItem","position":1,"name":"In\u00edcio","item":"https:\/\/atividademapa.com\/"},{"@type":"ListItem","position":2,"name":"MAPAS","item":"https:\/\/atividademapa.com\/?page_id=5"},{"@type":"ListItem","position":3,"name":"MAPA &#8211; DID\u00c1TICA- 51\/2026"}]},{"@type":"WebSite","@id":"https:\/\/atividademapa.com\/#website","url":"https:\/\/atividademapa.com\/","name":"Atividade Mapa","description":"StudeO | Unicesumar","publisher":{"@id":"https:\/\/atividademapa.com\/#organization"},"potentialAction":[{"@type":"SearchAction","target":{"@type":"EntryPoint","urlTemplate":"https:\/\/atividademapa.com\/?s={search_term_string}"},"query-input":{"@type":"PropertyValueSpecification","valueRequired":true,"valueName":"search_term_string"}}],"inLanguage":"pt-BR"},{"@type":"Organization","@id":"https:\/\/atividademapa.com\/#organization","name":"Atividade MAPA","url":"https:\/\/atividademapa.com\/","logo":{"@type":"ImageObject","inLanguage":"pt-BR","@id":"https:\/\/atividademapa.com\/#\/schema\/logo\/image\/","url":"https:\/\/i0.wp.com\/atividademapa.com\/wp-content\/uploads\/2023\/02\/ATIVIDADE.png?fit=600%2C300&ssl=1","contentUrl":"https:\/\/i0.wp.com\/atividademapa.com\/wp-content\/uploads\/2023\/02\/ATIVIDADE.png?fit=600%2C300&ssl=1","width":600,"height":300,"caption":"Atividade MAPA"},"image":{"@id":"https:\/\/atividademapa.com\/#\/schema\/logo\/image\/"}}]}},"_links":{"self":[{"href":"https:\/\/atividademapa.com\/index.php?rest_route=\/wp\/v2\/product\/6608","targetHints":{"allow":["GET"]}}],"collection":[{"href":"https:\/\/atividademapa.com\/index.php?rest_route=\/wp\/v2\/product"}],"about":[{"href":"https:\/\/atividademapa.com\/index.php?rest_route=\/wp\/v2\/types\/product"}],"version-history":[{"count":3,"href":"https:\/\/atividademapa.com\/index.php?rest_route=\/wp\/v2\/product\/6608\/revisions"}],"predecessor-version":[{"id":6652,"href":"https:\/\/atividademapa.com\/index.php?rest_route=\/wp\/v2\/product\/6608\/revisions\/6652"}],"wp:featuredmedia":[{"embeddable":true,"href":"https:\/\/atividademapa.com\/index.php?rest_route=\/wp\/v2\/media\/2326"}],"wp:attachment":[{"href":"https:\/\/atividademapa.com\/index.php?rest_route=%2Fwp%2Fv2%2Fmedia&parent=6608"}],"wp:term":[{"taxonomy":"product_brand","embeddable":true,"href":"https:\/\/atividademapa.com\/index.php?rest_route=%2Fwp%2Fv2%2Fproduct_brand&post=6608"},{"taxonomy":"product_cat","embeddable":true,"href":"https:\/\/atividademapa.com\/index.php?rest_route=%2Fwp%2Fv2%2Fproduct_cat&post=6608"},{"taxonomy":"product_tag","embeddable":true,"href":"https:\/\/atividademapa.com\/index.php?rest_route=%2Fwp%2Fv2%2Fproduct_tag&post=6608"}],"curies":[{"name":"wp","href":"https:\/\/api.w.org\/{rel}","templated":true}]}}