{"id":6637,"date":"2026-02-27T21:00:45","date_gmt":"2026-02-28T00:00:45","guid":{"rendered":"https:\/\/atividademapa.com\/?post_type=product&#038;p=6637"},"modified":"2026-02-27T21:00:46","modified_gmt":"2026-02-28T00:00:46","slug":"mapa-ccont-contabilidade-avancada-51_2026","status":"publish","type":"product","link":"https:\/\/atividademapa.com\/?product=mapa-ccont-contabilidade-avancada-51_2026","title":{"rendered":"MAPA &#8211; CCONT &#8211; CONTABILIDADE AVAN\u00c7ADA &#8211; 51_2026"},"content":{"rendered":"<div class=\"ng-scope\">\n<p>Na atividade MAPA<strong>\u00a0<\/strong>da disciplina de Contabilidade Avan\u00e7ada, aplicaremos os conhecimentos relativos \u00e0 Combina\u00e7\u00e3o de Neg\u00f3cios, conforme tratado na Unidade II do livro da disciplina (Camelo, 2019), no CPC 15 (R1) e na legisla\u00e7\u00e3o societ\u00e1ria brasileira (Lei n\u00ba 6.404\/76).<\/p>\n<p>As combina\u00e7\u00f5es de neg\u00f3cios representam opera\u00e7\u00f5es que modificam a estrutura jur\u00eddica ou patrimonial de uma, ou mais empresas (Almeida, 2018). Dentre elas, destaca-se a incorpora\u00e7\u00e3o, na qual uma ou mais sociedades s\u00e3o absorvidas por outra, com transfer\u00eancia de patrim\u00f4nio e extin\u00e7\u00e3o da empresa incorporada. Do ponto de vista cont\u00e1bil, essas opera\u00e7\u00f5es exigem aten\u00e7\u00e3o quanto \u00e0 forma de reconhecimento e mensura\u00e7\u00e3o dos ativos, passivos e do patrim\u00f4nio l\u00edquido transferido.<br \/>\nA contabiliza\u00e7\u00e3o das combina\u00e7\u00f5es de neg\u00f3cios visa refletir, de maneira fiel e tempestiva, os efeitos econ\u00f4micos da reestrutura\u00e7\u00e3o societ\u00e1ria, exigindo conhecimento t\u00e9cnico sobre mensura\u00e7\u00e3o a valor justo, \u00e1gio, des\u00e1gio e elimina\u00e7\u00e3o de saldos.<\/p>\n<\/div>\n<div class=\"ng-scope\">Fontes:<br \/>\nCAMELO, A. C. O.\u00a0<strong>Contabilidade avan\u00e7ada<\/strong>. Maring\u00e1: Unicesumar, 2019.<br \/>\nALMEIDA, M. C.\u00a0<strong>Contabilidade societ\u00e1ria<\/strong>. 3. ed. S\u00e3o Paulo: Atlas, 2018.<\/div>\n<div class=\"ng-scope\"><strong>CASO PR\u00c1TICO<\/strong><\/div>\n<div class=\"ng-scope\">A empresa Comercial Uni\u00e3o S.A., atuante no ramo de atacado e distribui\u00e7\u00e3o, decidiu incorporar sua principal distribuidora, a Distribuidora Central Ltda., visando simplificar a estrutura administrativa e reduzir custos. A incorpora\u00e7\u00e3o foi efetivada em 01\/01\/2025. Na data da opera\u00e7\u00e3o, os balan\u00e7os patrimoniais individuais eram os seguintes:<\/div>\n<div class=\"ng-scope\"><\/div>\n<div class=\"table-responsive no-border ng-scope\">\n<table border=\"0\" cellspacing=\"0\" cellpadding=\"0\" align=\"center\">\n<tbody>\n<tr>\n<td colspan=\"2\"><strong>BALAN\u00c7O\u00a0 PATRIMONIAL<\/strong><\/td>\n<\/tr>\n<tr>\n<td colspan=\"2\"><strong>COMERCIAL UNI\u00c3O S.A.<\/strong><\/td>\n<\/tr>\n<tr>\n<td colspan=\"2\"><strong>Em 31\/12\/2024 &#8211; Em R$<\/strong><\/td>\n<\/tr>\n<tr>\n<td><strong>Conta<\/strong><\/td>\n<td><strong>Valor (R$)<\/strong><\/td>\n<\/tr>\n<tr>\n<td><strong><u>ATIVO<\/u><\/strong><\/td>\n<td><strong><u>\u00a0\u00a0 3.500.000,00<\/u><\/strong><\/td>\n<\/tr>\n<tr>\n<td><strong>\u00a0 Ativo Circulante<\/strong><\/td>\n<td><\/td>\n<\/tr>\n<tr>\n<td>\u00a0\u00a0\u00a0 Caixa<\/td>\n<td>\u00a0\u00a0\u00a0\u00a0\u00a0\u00a0\u00a0 300.000,00<\/td>\n<\/tr>\n<tr>\n<td>\u00a0\u00a0\u00a0 Estoques<\/td>\n<td>\u00a0\u00a0 1.000.000,00<\/td>\n<\/tr>\n<tr>\n<td><strong>\u00a0 Ativo N\u00e3o Circulante<\/strong><\/td>\n<td><\/td>\n<\/tr>\n<tr>\n<td>\u00a0\u00a0\u00a0 Imobilizado<\/td>\n<td>\u00a0\u00a0 2.200.000,00<\/td>\n<\/tr>\n<tr>\n<td><strong><u>PASSIVO<\/u><\/strong><\/td>\n<td><strong><u>\u00a0 1.200.000,00<\/u><\/strong><\/td>\n<\/tr>\n<tr>\n<td><strong>\u00a0 Passivo Circulante<\/strong><\/td>\n<td><\/td>\n<\/tr>\n<tr>\n<td>\u00a0\u00a0\u00a0 Fornecedores<\/td>\n<td>\u00a0\u00a0\u00a0\u00a0\u00a0\u00a0\u00a0 800.000,00<\/td>\n<\/tr>\n<tr>\n<td><strong>\u00a0 Passivo N\u00e3o Circulante<\/strong><\/td>\n<td><\/td>\n<\/tr>\n<tr>\n<td>\u00a0\u00a0\u00a0 Obriga\u00e7\u00f5es a Longo Prazo<\/td>\n<td>\u00a0\u00a0\u00a0\u00a0\u00a0\u00a0\u00a0 400.000,00<\/td>\n<\/tr>\n<tr>\n<td><\/td>\n<td><\/td>\n<\/tr>\n<tr>\n<td><strong><u>PATRIM\u00d4NIO L\u00cdQUIDO<\/u><\/strong><\/td>\n<td><strong><u>\u00a0 2.300.000,00<\/u><\/strong><\/td>\n<\/tr>\n<tr>\n<td>\u00a0\u00a0\u00a0 Capital Social<\/td>\n<td>\u00a0\u00a0 2.300.000,00<\/td>\n<\/tr>\n<\/tbody>\n<\/table>\n<\/div>\n<div class=\"ng-scope\"><\/div>\n<div class=\"ng-scope\">\n<div class=\"table-responsive no-border\">\n<table border=\"0\" cellspacing=\"0\" cellpadding=\"0\" align=\"center\">\n<tbody>\n<tr>\n<td colspan=\"2\"><strong>BALAN\u00c7O\u00a0 PATRIMONIAL<\/strong><\/td>\n<\/tr>\n<tr>\n<td colspan=\"2\"><strong>DISTRIBUIDORA CENTRAL LTDA<\/strong><\/td>\n<\/tr>\n<tr>\n<td colspan=\"2\"><strong>Em 31\/12\/2024 &#8211; Em R$<\/strong><\/td>\n<\/tr>\n<tr>\n<td><strong>Conta<\/strong><\/td>\n<td><strong>Valor (R$)<\/strong><\/td>\n<\/tr>\n<tr>\n<td><strong><u>ATIVO<\/u><\/strong><\/td>\n<td><strong><u>\u00a0\u00a0 1.100.000,00<\/u><\/strong><\/td>\n<\/tr>\n<tr>\n<td><strong>\u00a0 Ativo Circulante<\/strong><\/td>\n<td><\/td>\n<\/tr>\n<tr>\n<td>\u00a0\u00a0\u00a0 Caixa<\/td>\n<td>\u00a0\u00a0\u00a0\u00a0\u00a0\u00a0\u00a0 150.000,00<\/td>\n<\/tr>\n<tr>\n<td>\u00a0\u00a0\u00a0 Estoques<\/td>\n<td>\u00a0\u00a0\u00a0\u00a0\u00a0\u00a0\u00a0 350.000,00<\/td>\n<\/tr>\n<tr>\n<td><strong>\u00a0 Ativo N\u00e3o Circulante<\/strong><\/td>\n<td><\/td>\n<\/tr>\n<tr>\n<td>\u00a0\u00a0\u00a0 Imobilizado<\/td>\n<td>\u00a0\u00a0\u00a0\u00a0\u00a0\u00a0\u00a0 600.000,00<\/td>\n<\/tr>\n<tr>\n<td><strong><u>PASSIVO<\/u><\/strong><\/td>\n<td><strong><u>\u00a0\u00a0\u00a0\u00a0 400.000,00<\/u><\/strong><\/td>\n<\/tr>\n<tr>\n<td><strong>\u00a0 Passivo Circulante<\/strong><\/td>\n<td><\/td>\n<\/tr>\n<tr>\n<td>\u00a0\u00a0\u00a0 Fornecedores<\/td>\n<td>\u00a0\u00a0\u00a0\u00a0\u00a0\u00a0\u00a0 250.000,00<\/td>\n<\/tr>\n<tr>\n<td><strong>\u00a0 Passivo N\u00e3o Circulante<\/strong><\/td>\n<td><\/td>\n<\/tr>\n<tr>\n<td>\u00a0\u00a0\u00a0 Obriga\u00e7\u00f5es a Longo Prazo<\/td>\n<td>\u00a0\u00a0\u00a0\u00a0\u00a0\u00a0\u00a0 150.000,00<\/td>\n<\/tr>\n<tr>\n<td><\/td>\n<td><\/td>\n<\/tr>\n<tr>\n<td><strong><u>PATRIM\u00d4NIO L\u00cdQUIDO<\/u><\/strong><\/td>\n<td><strong><u>\u00a0\u00a0\u00a0\u00a0 700.000,00<\/u><\/strong><\/td>\n<\/tr>\n<tr>\n<td>\u00a0\u00a0\u00a0 Capital Social<\/td>\n<td>\u00a0\u00a0\u00a0\u00a0\u00a0\u00a0\u00a0 700.000,00<\/td>\n<\/tr>\n<\/tbody>\n<\/table>\n<\/div>\n<div><\/div>\n<\/div>\n<p class=\"ng-scope\"><strong>Observa\u00e7\u00f5es:<\/strong><br \/>\nA incorpora\u00e7\u00e3o foi realizada sem \u00e1gio ou des\u00e1gio.<br \/>\nA Distribuidora Central Ltda. ser\u00e1 extinta, com transfer\u00eancia completa do seu patrim\u00f4nio para a Comercial Uni\u00e3o S.A.<\/p>\n<p><strong>ATIVIDADE PROPOSTA<\/strong><br \/>\nCom base no caso apresentado e no conte\u00fado estudado:<br \/>\nA)\u00a0<strong>Elabore<\/strong>\u00a0os lan\u00e7amentos cont\u00e1beis da incorpora\u00e7\u00e3o na empresa incorporada e na incorporadora (\u00e9 necess\u00e1rio fazer os lan\u00e7amentos de d\u00e9bito e cr\u00e9dito e hist\u00f3rico).<br \/>\nB)\u00a0<strong>Elabore<\/strong>\u00a0o Balan\u00e7o Patrimonial final da empresa incorporadora (Comercial Uni\u00e3o S.A.) ap\u00f3s a opera\u00e7\u00e3o, considerando os saldos absorvidos.<br \/>\nC)\u00a0<strong>Explique<\/strong>, em at\u00e9 5 linhas, o que \u00e9 uma opera\u00e7\u00e3o de incorpora\u00e7\u00e3o e como a contabiliza\u00e7\u00e3o da incorpora\u00e7\u00e3o contribui para a transpar\u00eancia e fidedignidade das demonstra\u00e7\u00f5es cont\u00e1beis.<\/p>\n<div class=\"ng-scope\">\u200b<strong>ORIENTA\u00c7\u00d5ES PARA REALIZA\u00c7\u00c3O DA ATIVIDADE:<\/strong><br \/>\n1. Assista ao v\u00eddeo explicativo da Atividade M.A.P.A. para ajud\u00e1-lo no processo de cria\u00e7\u00e3o e desenvolvimento. O acesso se d\u00e1 pelo item &#8220;V\u00cdDEOS EXPLICATIVOS&#8221;.<br \/>\n2. Baixe o arquivo\u00a0<em>&#8220;Formul\u00e1rio MAPA \u2013 Contabilidade Avan\u00e7ada&#8221;<\/em>, dispon\u00edvel no material da disciplina, e preencha os campos solicitados, respondendo \u00e0s quest\u00f5es elencadas.<br \/>\n3. Antes de enviar sua atividade, fa\u00e7a uma revis\u00e3o e certifique-se de que respondeu a todos os comandos solicitados.<br \/>\n4. Ap\u00f3s revisar, salve o arquivo preenchido em seu computador, anexe-o no campo indicado \u201cSua resposta\u201d, clique em \u201cResponder\u201d e, posteriormente, em \u201cFinalizar o question\u00e1rio\u201d.<br \/>\n5. Ap\u00f3s o envio, n\u00e3o s\u00e3o permitidas altera\u00e7\u00f5es ou modifica\u00e7\u00f5es; voc\u00ea ter\u00e1 apenas uma chance de enviar o arquivo corretamente.<br \/>\n<strong>6. N\u00e3o s\u00e3o permitidas corre\u00e7\u00f5es parciais no decorrer do m\u00f3dulo, ou seja, o famoso: \u201cProfessor, veja se minha atividade est\u00e1 certa\u201d. Isso invalida seu processo avaliativo. Lembre-se de que a interpreta\u00e7\u00e3o da atividade tamb\u00e9m faz parte da avalia\u00e7\u00e3o.<\/strong><br \/>\n7. Procure sanar suas d\u00favidas junto \u00e0 media\u00e7\u00e3o em tempo h\u00e1bil sobre o conte\u00fado exigido na atividade, de modo que consiga realizar sua participa\u00e7\u00e3o de forma satisfat\u00f3ria.<br \/>\n8. Atente-se ao prazo de entrega e evite enviar a atividade em cima do prazo. Voc\u00ea pode ter problemas com\u00a0<em>internet<\/em>, computador,\u00a0<em>software\u00a0<\/em>etc., e os prazos n\u00e3o ser\u00e3o flexibilizados, mesmo em caso de comprova\u00e7\u00e3o.<\/div>\n","protected":false},"excerpt":{"rendered":"<p>Na atividade MAPA\u00a0da disciplina de Contabilidade Avan\u00e7ada, aplicaremos os conhecimentos relativos \u00e0 Combina\u00e7\u00e3o de Neg\u00f3cios, conforme tratado na Unidade II<\/p>\n","protected":false},"featured_media":2326,"template":"","meta":{"_monsterinsights_skip_tracking":false,"_monsterinsights_sitenote_active":false,"_monsterinsights_sitenote_note":"","_monsterinsights_sitenote_category":0},"product_brand":[],"product_cat":[168,46],"product_tag":[],"class_list":{"0":"post-6637","1":"product","2":"type-product","3":"status-publish","4":"has-post-thumbnail","6":"product_cat-51-2026","7":"product_cat-ciencias-contabeis","9":"first","10":"instock","11":"downloadable","12":"virtual","13":"purchasable","14":"product-type-simple"},"yoast_head":"<!-- This site is optimized with the Yoast SEO plugin v26.9 - https:\/\/yoast.com\/product\/yoast-seo-wordpress\/ -->\n<title>MAPA - CCONT - CONTABILIDADE AVAN\u00c7ADA - 51_2026<\/title>\n<meta name=\"description\" content=\"Atividade MAPA - CCONT - CONTABILIDADE AVAN\u00c7ADA - 51_2026 &#8902; Unicesumar. Baixe agora mesmo um Mapa Pronto resolvido!\" \/>\n<meta name=\"robots\" content=\"index, follow, max-snippet:-1, max-image-preview:large, max-video-preview:-1\" \/>\n<link rel=\"canonical\" href=\"https:\/\/atividademapa.com\/?product=mapa-ccont-contabilidade-avancada-51_2026\" \/>\n<meta property=\"og:locale\" content=\"pt_BR\" \/>\n<meta property=\"og:type\" content=\"article\" \/>\n<meta property=\"og:title\" content=\"MAPA - CCONT - CONTABILIDADE AVAN\u00c7ADA - 51_2026\" \/>\n<meta property=\"og:description\" content=\"Atividade MAPA - CCONT - CONTABILIDADE AVAN\u00c7ADA - 51_2026 &#8902; Unicesumar. Baixe agora mesmo um Mapa Pronto resolvido!\" \/>\n<meta property=\"og:url\" content=\"https:\/\/atividademapa.com\/?product=mapa-ccont-contabilidade-avancada-51_2026\" \/>\n<meta property=\"og:site_name\" content=\"Atividade Mapa\" \/>\n<meta property=\"article:modified_time\" content=\"2026-02-28T00:00:46+00:00\" \/>\n<meta property=\"og:image\" content=\"https:\/\/atividademapa.com\/wp-content\/uploads\/2023\/03\/Atividade-M.A.P.A-3.png\" \/>\n\t<meta property=\"og:image:width\" content=\"300\" \/>\n\t<meta property=\"og:image:height\" content=\"300\" \/>\n\t<meta property=\"og:image:type\" content=\"image\/png\" \/>\n<meta name=\"twitter:card\" content=\"summary_large_image\" \/>\n<meta name=\"twitter:label1\" content=\"Est. tempo de leitura\" \/>\n\t<meta name=\"twitter:data1\" content=\"4 minutos\" \/>\n<script type=\"application\/ld+json\" class=\"yoast-schema-graph\">{\"@context\":\"https:\/\/schema.org\",\"@graph\":[{\"@type\":\"WebPage\",\"@id\":\"https:\/\/atividademapa.com\/?product=mapa-ccont-contabilidade-avancada-51_2026\",\"url\":\"https:\/\/atividademapa.com\/?product=mapa-ccont-contabilidade-avancada-51_2026\",\"name\":\"MAPA - CCONT - CONTABILIDADE AVAN\u00c7ADA - 51_2026\",\"isPartOf\":{\"@id\":\"https:\/\/atividademapa.com\/#website\"},\"primaryImageOfPage\":{\"@id\":\"https:\/\/atividademapa.com\/?product=mapa-ccont-contabilidade-avancada-51_2026#primaryimage\"},\"image\":{\"@id\":\"https:\/\/atividademapa.com\/?product=mapa-ccont-contabilidade-avancada-51_2026#primaryimage\"},\"thumbnailUrl\":\"https:\/\/i0.wp.com\/atividademapa.com\/wp-content\/uploads\/2023\/03\/Atividade-M.A.P.A-3.png?fit=300%2C300&ssl=1\",\"datePublished\":\"2026-02-28T00:00:45+00:00\",\"dateModified\":\"2026-02-28T00:00:46+00:00\",\"description\":\"Atividade MAPA - CCONT - CONTABILIDADE AVAN\u00c7ADA - 51_2026 &#8902; Unicesumar. Baixe agora mesmo um Mapa Pronto resolvido!\",\"breadcrumb\":{\"@id\":\"https:\/\/atividademapa.com\/?product=mapa-ccont-contabilidade-avancada-51_2026#breadcrumb\"},\"inLanguage\":\"pt-BR\",\"potentialAction\":[{\"@type\":\"ReadAction\",\"target\":[\"https:\/\/atividademapa.com\/?product=mapa-ccont-contabilidade-avancada-51_2026\"]}]},{\"@type\":\"ImageObject\",\"inLanguage\":\"pt-BR\",\"@id\":\"https:\/\/atividademapa.com\/?product=mapa-ccont-contabilidade-avancada-51_2026#primaryimage\",\"url\":\"https:\/\/i0.wp.com\/atividademapa.com\/wp-content\/uploads\/2023\/03\/Atividade-M.A.P.A-3.png?fit=300%2C300&ssl=1\",\"contentUrl\":\"https:\/\/i0.wp.com\/atividademapa.com\/wp-content\/uploads\/2023\/03\/Atividade-M.A.P.A-3.png?fit=300%2C300&ssl=1\",\"width\":300,\"height\":300,\"caption\":\"Mapa Unicesumar Atividade\"},{\"@type\":\"BreadcrumbList\",\"@id\":\"https:\/\/atividademapa.com\/?product=mapa-ccont-contabilidade-avancada-51_2026#breadcrumb\",\"itemListElement\":[{\"@type\":\"ListItem\",\"position\":1,\"name\":\"In\u00edcio\",\"item\":\"https:\/\/atividademapa.com\/\"},{\"@type\":\"ListItem\",\"position\":2,\"name\":\"MAPAS\",\"item\":\"https:\/\/atividademapa.com\/?page_id=5\"},{\"@type\":\"ListItem\",\"position\":3,\"name\":\"MAPA &#8211; CCONT &#8211; CONTABILIDADE AVAN\u00c7ADA &#8211; 51_2026\"}]},{\"@type\":\"WebSite\",\"@id\":\"https:\/\/atividademapa.com\/#website\",\"url\":\"https:\/\/atividademapa.com\/\",\"name\":\"Atividade Mapa\",\"description\":\"StudeO | Unicesumar\",\"publisher\":{\"@id\":\"https:\/\/atividademapa.com\/#organization\"},\"potentialAction\":[{\"@type\":\"SearchAction\",\"target\":{\"@type\":\"EntryPoint\",\"urlTemplate\":\"https:\/\/atividademapa.com\/?s={search_term_string}\"},\"query-input\":{\"@type\":\"PropertyValueSpecification\",\"valueRequired\":true,\"valueName\":\"search_term_string\"}}],\"inLanguage\":\"pt-BR\"},{\"@type\":\"Organization\",\"@id\":\"https:\/\/atividademapa.com\/#organization\",\"name\":\"Atividade MAPA\",\"url\":\"https:\/\/atividademapa.com\/\",\"logo\":{\"@type\":\"ImageObject\",\"inLanguage\":\"pt-BR\",\"@id\":\"https:\/\/atividademapa.com\/#\/schema\/logo\/image\/\",\"url\":\"https:\/\/i0.wp.com\/atividademapa.com\/wp-content\/uploads\/2023\/02\/ATIVIDADE.png?fit=600%2C300&ssl=1\",\"contentUrl\":\"https:\/\/i0.wp.com\/atividademapa.com\/wp-content\/uploads\/2023\/02\/ATIVIDADE.png?fit=600%2C300&ssl=1\",\"width\":600,\"height\":300,\"caption\":\"Atividade MAPA\"},\"image\":{\"@id\":\"https:\/\/atividademapa.com\/#\/schema\/logo\/image\/\"}}]}<\/script>\n<!-- \/ Yoast SEO plugin. -->","yoast_head_json":{"title":"MAPA - CCONT - CONTABILIDADE AVAN\u00c7ADA - 51_2026","description":"Atividade MAPA - CCONT - CONTABILIDADE AVAN\u00c7ADA - 51_2026 &#8902; Unicesumar. Baixe agora mesmo um Mapa Pronto resolvido!","robots":{"index":"index","follow":"follow","max-snippet":"max-snippet:-1","max-image-preview":"max-image-preview:large","max-video-preview":"max-video-preview:-1"},"canonical":"https:\/\/atividademapa.com\/?product=mapa-ccont-contabilidade-avancada-51_2026","og_locale":"pt_BR","og_type":"article","og_title":"MAPA - CCONT - CONTABILIDADE AVAN\u00c7ADA - 51_2026","og_description":"Atividade MAPA - CCONT - CONTABILIDADE AVAN\u00c7ADA - 51_2026 &#8902; Unicesumar. Baixe agora mesmo um Mapa Pronto resolvido!","og_url":"https:\/\/atividademapa.com\/?product=mapa-ccont-contabilidade-avancada-51_2026","og_site_name":"Atividade Mapa","article_modified_time":"2026-02-28T00:00:46+00:00","og_image":[{"width":300,"height":300,"url":"https:\/\/atividademapa.com\/wp-content\/uploads\/2023\/03\/Atividade-M.A.P.A-3.png","type":"image\/png"}],"twitter_card":"summary_large_image","twitter_misc":{"Est. tempo de leitura":"4 minutos"},"schema":{"@context":"https:\/\/schema.org","@graph":[{"@type":"WebPage","@id":"https:\/\/atividademapa.com\/?product=mapa-ccont-contabilidade-avancada-51_2026","url":"https:\/\/atividademapa.com\/?product=mapa-ccont-contabilidade-avancada-51_2026","name":"MAPA - CCONT - CONTABILIDADE AVAN\u00c7ADA - 51_2026","isPartOf":{"@id":"https:\/\/atividademapa.com\/#website"},"primaryImageOfPage":{"@id":"https:\/\/atividademapa.com\/?product=mapa-ccont-contabilidade-avancada-51_2026#primaryimage"},"image":{"@id":"https:\/\/atividademapa.com\/?product=mapa-ccont-contabilidade-avancada-51_2026#primaryimage"},"thumbnailUrl":"https:\/\/i0.wp.com\/atividademapa.com\/wp-content\/uploads\/2023\/03\/Atividade-M.A.P.A-3.png?fit=300%2C300&ssl=1","datePublished":"2026-02-28T00:00:45+00:00","dateModified":"2026-02-28T00:00:46+00:00","description":"Atividade MAPA - CCONT - CONTABILIDADE AVAN\u00c7ADA - 51_2026 &#8902; Unicesumar. Baixe agora mesmo um Mapa Pronto resolvido!","breadcrumb":{"@id":"https:\/\/atividademapa.com\/?product=mapa-ccont-contabilidade-avancada-51_2026#breadcrumb"},"inLanguage":"pt-BR","potentialAction":[{"@type":"ReadAction","target":["https:\/\/atividademapa.com\/?product=mapa-ccont-contabilidade-avancada-51_2026"]}]},{"@type":"ImageObject","inLanguage":"pt-BR","@id":"https:\/\/atividademapa.com\/?product=mapa-ccont-contabilidade-avancada-51_2026#primaryimage","url":"https:\/\/i0.wp.com\/atividademapa.com\/wp-content\/uploads\/2023\/03\/Atividade-M.A.P.A-3.png?fit=300%2C300&ssl=1","contentUrl":"https:\/\/i0.wp.com\/atividademapa.com\/wp-content\/uploads\/2023\/03\/Atividade-M.A.P.A-3.png?fit=300%2C300&ssl=1","width":300,"height":300,"caption":"Mapa Unicesumar Atividade"},{"@type":"BreadcrumbList","@id":"https:\/\/atividademapa.com\/?product=mapa-ccont-contabilidade-avancada-51_2026#breadcrumb","itemListElement":[{"@type":"ListItem","position":1,"name":"In\u00edcio","item":"https:\/\/atividademapa.com\/"},{"@type":"ListItem","position":2,"name":"MAPAS","item":"https:\/\/atividademapa.com\/?page_id=5"},{"@type":"ListItem","position":3,"name":"MAPA &#8211; CCONT &#8211; CONTABILIDADE AVAN\u00c7ADA &#8211; 51_2026"}]},{"@type":"WebSite","@id":"https:\/\/atividademapa.com\/#website","url":"https:\/\/atividademapa.com\/","name":"Atividade Mapa","description":"StudeO | Unicesumar","publisher":{"@id":"https:\/\/atividademapa.com\/#organization"},"potentialAction":[{"@type":"SearchAction","target":{"@type":"EntryPoint","urlTemplate":"https:\/\/atividademapa.com\/?s={search_term_string}"},"query-input":{"@type":"PropertyValueSpecification","valueRequired":true,"valueName":"search_term_string"}}],"inLanguage":"pt-BR"},{"@type":"Organization","@id":"https:\/\/atividademapa.com\/#organization","name":"Atividade MAPA","url":"https:\/\/atividademapa.com\/","logo":{"@type":"ImageObject","inLanguage":"pt-BR","@id":"https:\/\/atividademapa.com\/#\/schema\/logo\/image\/","url":"https:\/\/i0.wp.com\/atividademapa.com\/wp-content\/uploads\/2023\/02\/ATIVIDADE.png?fit=600%2C300&ssl=1","contentUrl":"https:\/\/i0.wp.com\/atividademapa.com\/wp-content\/uploads\/2023\/02\/ATIVIDADE.png?fit=600%2C300&ssl=1","width":600,"height":300,"caption":"Atividade MAPA"},"image":{"@id":"https:\/\/atividademapa.com\/#\/schema\/logo\/image\/"}}]}},"_links":{"self":[{"href":"https:\/\/atividademapa.com\/index.php?rest_route=\/wp\/v2\/product\/6637","targetHints":{"allow":["GET"]}}],"collection":[{"href":"https:\/\/atividademapa.com\/index.php?rest_route=\/wp\/v2\/product"}],"about":[{"href":"https:\/\/atividademapa.com\/index.php?rest_route=\/wp\/v2\/types\/product"}],"version-history":[{"count":1,"href":"https:\/\/atividademapa.com\/index.php?rest_route=\/wp\/v2\/product\/6637\/revisions"}],"predecessor-version":[{"id":6639,"href":"https:\/\/atividademapa.com\/index.php?rest_route=\/wp\/v2\/product\/6637\/revisions\/6639"}],"wp:featuredmedia":[{"embeddable":true,"href":"https:\/\/atividademapa.com\/index.php?rest_route=\/wp\/v2\/media\/2326"}],"wp:attachment":[{"href":"https:\/\/atividademapa.com\/index.php?rest_route=%2Fwp%2Fv2%2Fmedia&parent=6637"}],"wp:term":[{"taxonomy":"product_brand","embeddable":true,"href":"https:\/\/atividademapa.com\/index.php?rest_route=%2Fwp%2Fv2%2Fproduct_brand&post=6637"},{"taxonomy":"product_cat","embeddable":true,"href":"https:\/\/atividademapa.com\/index.php?rest_route=%2Fwp%2Fv2%2Fproduct_cat&post=6637"},{"taxonomy":"product_tag","embeddable":true,"href":"https:\/\/atividademapa.com\/index.php?rest_route=%2Fwp%2Fv2%2Fproduct_tag&post=6637"}],"curies":[{"name":"wp","href":"https:\/\/api.w.org\/{rel}","templated":true}]}}