{"id":6643,"date":"2026-02-28T10:43:35","date_gmt":"2026-02-28T13:43:35","guid":{"rendered":"https:\/\/atividademapa.com\/?post_type=product&#038;p=6643"},"modified":"2026-02-28T10:43:36","modified_gmt":"2026-02-28T13:43:36","slug":"mapa-fisica-geral-e-experimental-i-51_2026","status":"publish","type":"product","link":"https:\/\/atividademapa.com\/?product=mapa-fisica-geral-e-experimental-i-51_2026","title":{"rendered":"MAPA &#8211; F\u00cdSICA GERAL E EXPERIMENTAL I &#8211; 51_2026"},"content":{"rendered":"<p class=\"ng-scope\"><strong>Instru\u00e7\u00f5es para realiza\u00e7\u00e3o e entrega da atividade<\/strong><\/p>\n<p>Todos os campos dever\u00e3o ser devidamente preenchidos.<br class=\"ng-scope\" \/>\u00c9 obrigat\u00f3ria a utiliza\u00e7\u00e3o deste formul\u00e1rio para a realiza\u00e7\u00e3o do MAPA (<em class=\"ng-scope\">Template<\/em>).<br class=\"ng-scope\" \/>Esta \u00e9 uma atividade individual, visto que trabalhos copiados da internet ou de outros alunos ser\u00e3o zerados.<br class=\"ng-scope\" \/>O trabalho pode ter quantas p\u00e1ginas voc\u00ea precisar para respond\u00ea-lo, desde que siga a sua estrutura. Preferencialmente, utilizar a formata\u00e7\u00e3o: fonte Arial 12, espa\u00e7amento entre linhas de 1,5 linhas e texto justificado.<br class=\"ng-scope\" \/>Ao utilizar quaisquer materiais de pesquisa, apresente as refer\u00eancias no final do trabalho em ordem alfab\u00e9tica e conforme as normas da ABNT NBR 6023:2018. Voc\u00ea pode utilizar este site para orienta\u00e7\u00e3o: https:\/\/usp.br\/sddarquivos\/aulasmetodologia\/abnt6023.pdf<br class=\"ng-scope\" \/>Ap\u00f3s inteiramente respondido, coloque um nome simples no seu arquivo para n\u00e3o haver confus\u00e3o no momento do envio. Se o nome tiver caracteres estranhos, principalmente pontos ou for muito grande, \u00e9 poss\u00edvel que a equipe de corre\u00e7\u00e3o n\u00e3o consiga abrir o seu trabalho e ele seja zerado.<br class=\"ng-scope\" \/>Voc\u00ea entregar\u00e1 apenas UM ARQUIVO com suas respostas. O trabalho deve ser enviado para corre\u00e7\u00e3o pelo seu Studeo em formato de arquivo doc\/docx ou PDF, na forma de anexo no campo de resposta da atividade MAPA. Caso voc\u00ea utilize OPEN OFFICE ou MAC, transforme o arquivo em PDF para evitar incompatibilidade.<br class=\"ng-scope\" \/>Ao final do enunciado desta atividade, aqui no Studeo, h\u00e1 uma caixa de envio de arquivo. Basta clicar e selecionar sua atividade ou arrastar o arquivo at\u00e9 ela.<br class=\"ng-scope\" \/>Antes de clicar em FINALIZAR, certifique-se de que est\u00e1 tudo certo, pois uma vez finalizado, voc\u00ea n\u00e3o poder\u00e1 mais modificar o arquivo. Sugerimos que voc\u00ea fa\u00e7a o download para conferir se est\u00e1 conforme o arquivo entregue.<\/p>\n<p class=\"ng-scope\">Em caso de d\u00favidas, entre em contato com seu Professor Mediador.<br \/>\nDesejamos a voc\u00ea um excelente trabalho.<\/p>\n<p>CONTEXTUALIZA\u00c7\u00c3O:<\/p>\n<p class=\"ng-scope\">A est\u00e1tica estuda as condi\u00e7\u00f5es para que um corpo, no estado s\u00f3lido, sob a\u00e7\u00e3o de um sistema de for\u00e7as, permane\u00e7a em equil\u00edbrio. Equil\u00edbrio significa repouso ou movimento retil\u00edneo uniforme. O repouso \u00e9 denominado equil\u00edbrio est\u00e1tico, e o movimento retil\u00edneo uniforme, equil\u00edbrio din\u00e2mico.<\/p>\n<p>Fonte: ANDRADE, L. R. A. de.\u00a0<strong>F\u00edsica geral e experimental I<\/strong>. Maring\u00e1: UniCesumar, 2019. p. 272.<\/p>\n<p>Em diversas \u00e1reas da engenharia, a precis\u00e3o na calibra\u00e7\u00e3o de equipamentos de automa\u00e7\u00e3o e o entendimento do comportamento de corpos sob for\u00e7as s\u00e3o essenciais para garantir a qualidade e a efici\u00eancia das opera\u00e7\u00f5es. Um exemplo comum ocorre em sistemas de pesagem automatizada, onde \u00e9 preciso medir de forma exata as massas de diferentes componentes ou subst\u00e2ncias para garantir que os processos ocorram de forma otimizada. Outro exemplo ocorre em sistemas de amortecimento de m\u00e1quinas ou na calibra\u00e7\u00e3o de sensores de for\u00e7a, nos quais as molas desempenham um papel essencial em garantir a precis\u00e3o e o bom funcionamento desses dispositivos.<\/p>\n<p>Imagine que voc\u00ea est\u00e1 trabalhando em uma linha de produ\u00e7\u00e3o de alimentos, onde \u00e9 preciso medir com precis\u00e3o a quantidade de ingredientes em pacotes antes de serem enviados para a distribui\u00e7\u00e3o. Para isso, voc\u00ea utiliza um dispositivo de pesagem automatizado que se baseia no princ\u00edpio de equil\u00edbrio de pratos para determinar as massas dos diferentes ingredientes. No entanto, o sistema de pesagem precisa ser calibrado corretamente para garantir que as medi\u00e7\u00f5es sejam precisas. Voc\u00ea tem dispon\u00edvel nos laborat\u00f3rios virtuais o experimento de Est\u00e1tica \u2013 Balan\u00e7a de Pratos. Ap\u00f3s realizar a leitura da apresenta\u00e7\u00e3o do experimento, do sum\u00e1rio te\u00f3rico, do roteiro e de realizar o pr\u00e9-teste, fa\u00e7a o experimento virtual e, em seguida, responda: Qual a massa obtida para os corpos 1, 2, 3 e 4? Apresente todos os c\u00e1lculos necess\u00e1rios para encontrar as respostas.<\/p>\n<p>Imagine que voc\u00ea est\u00e1 trabalhando em um laborat\u00f3rio de controle de qualidade em uma f\u00e1brica de sensores de press\u00e3o. Neste laborat\u00f3rio, molas de diferentes caracter\u00edsticas s\u00e3o utilizadas para calibrar os sensores de press\u00e3o que ser\u00e3o aplicados em sistemas automatizados, como os de pesagem que discutimos anteriormente. Sua tarefa agora \u00e9 testar e determinar a constante el\u00e1stica k de tr\u00eas molas diferentes. Essa constante k \u00e9 fundamental para o dimensionamento e controle de for\u00e7as que as molas podem exercer, al\u00e9m de ser um par\u00e2metro importante no design de sistemas automatizados, como bra\u00e7os rob\u00f3ticos que utilizam molas para controle de movimento ou em sistemas de suspens\u00e3o. Voc\u00ea tem dispon\u00edvel nos laborat\u00f3rios virtuais o experimento de Lei de Hooke. Ap\u00f3s realizar a leitura da apresenta\u00e7\u00e3o do experimento, do sum\u00e1rio te\u00f3rico, do roteiro e de realizar o pr\u00e9-teste, fa\u00e7a o experimento virtual e, em seguida, responda:<\/p>\n<p>Dados: utilize g = 9,81 m\/s\u00b2 e lembre-se de que, no seu experimento, o laborat\u00f3rio virtual pede para adicionar uma massa de 23g antes de come\u00e7ar a medir a varia\u00e7\u00e3o com os pesos adicionais, deixando a mola em um estado de equil\u00edbrio inicial, que \u00e9 o valor de X\u2080.<\/p>\n<p><strong class=\"ng-scope\">a)<\/strong>\u00a0Preencha as tabelas a seguir com os dados obtidos no experimento virtual.<br class=\"ng-scope\" \/><img data-recalc-dims=\"1\" decoding=\"async\" class=\"ng-scope\" src=\"https:\/\/i0.wp.com\/sistemasead.unicesumar.edu.br\/flex\/amfphp\/services\/Portal\/ImagemQuestionario2\/QUE_301428_638050_1.png?ssl=1\" alt=\"\" \/><br class=\"ng-scope\" \/><strong class=\"ng-scope\">b)\u00a0<\/strong>Qual o valor de k m\u00e9dio obtido para as molas 1, 2 e 3? Indique os valores com as unidades corretas.<br class=\"ng-scope\" \/><br class=\"ng-scope\" \/><strong class=\"ng-scope\">c)<\/strong>\u00a0Fa\u00e7a\u00a0<u class=\"ng-scope\">um<\/u>\u00a0gr\u00e1fico de For\u00e7a (N) versus \u0394x (m) com os dados obtidos das tr\u00eas molas. Comparando a inclina\u00e7\u00e3o das retas obtidas, o que pode ser conclu\u00eddo?<\/p>\n","protected":false},"excerpt":{"rendered":"<p>Instru\u00e7\u00f5es para realiza\u00e7\u00e3o e entrega da atividade Todos os campos dever\u00e3o ser devidamente preenchidos.\u00c9 obrigat\u00f3ria a utiliza\u00e7\u00e3o deste formul\u00e1rio para<\/p>\n","protected":false},"featured_media":2326,"template":"","meta":{"_monsterinsights_skip_tracking":false,"_monsterinsights_sitenote_active":false,"_monsterinsights_sitenote_note":"","_monsterinsights_sitenote_category":0},"product_brand":[],"product_cat":[168,152,86,45],"product_tag":[],"class_list":{"0":"post-6643","1":"product","2":"type-product","3":"status-publish","4":"has-post-thumbnail","6":"product_cat-51-2026","7":"product_cat-engenharia-da-producao","8":"product_cat-engenharia-mecanica","9":"product_cat-engenharias","11":"first","12":"instock","13":"downloadable","14":"virtual","15":"purchasable","16":"product-type-simple"},"yoast_head":"<!-- This site is optimized with the Yoast SEO plugin v26.9 - https:\/\/yoast.com\/product\/yoast-seo-wordpress\/ -->\n<title>MAPA - F\u00cdSICA GERAL E EXPERIMENTAL I - 51_2026<\/title>\n<meta name=\"description\" content=\"Atividade MAPA - F\u00cdSICA GERAL E EXPERIMENTAL I - 51_2026 &#8902; Unicesumar. Baixe agora mesmo um Mapa Pronto resolvido!\" \/>\n<meta name=\"robots\" content=\"index, follow, max-snippet:-1, max-image-preview:large, max-video-preview:-1\" \/>\n<link rel=\"canonical\" href=\"https:\/\/atividademapa.com\/?product=mapa-fisica-geral-e-experimental-i-51_2026\" \/>\n<meta property=\"og:locale\" content=\"pt_BR\" \/>\n<meta property=\"og:type\" content=\"article\" \/>\n<meta property=\"og:title\" content=\"MAPA - F\u00cdSICA GERAL E EXPERIMENTAL I - 51_2026\" \/>\n<meta property=\"og:description\" content=\"Atividade MAPA - F\u00cdSICA GERAL E EXPERIMENTAL I - 51_2026 &#8902; Unicesumar. Baixe agora mesmo um Mapa Pronto resolvido!\" \/>\n<meta property=\"og:url\" content=\"https:\/\/atividademapa.com\/?product=mapa-fisica-geral-e-experimental-i-51_2026\" \/>\n<meta property=\"og:site_name\" content=\"Atividade Mapa\" \/>\n<meta property=\"article:modified_time\" content=\"2026-02-28T13:43:36+00:00\" \/>\n<meta property=\"og:image\" content=\"https:\/\/atividademapa.com\/wp-content\/uploads\/2023\/03\/Atividade-M.A.P.A-3.png\" \/>\n\t<meta property=\"og:image:width\" content=\"300\" \/>\n\t<meta property=\"og:image:height\" content=\"300\" \/>\n\t<meta property=\"og:image:type\" content=\"image\/png\" \/>\n<meta name=\"twitter:card\" content=\"summary_large_image\" \/>\n<meta name=\"twitter:label1\" content=\"Est. tempo de leitura\" \/>\n\t<meta name=\"twitter:data1\" content=\"5 minutos\" \/>\n<script type=\"application\/ld+json\" class=\"yoast-schema-graph\">{\"@context\":\"https:\/\/schema.org\",\"@graph\":[{\"@type\":\"WebPage\",\"@id\":\"https:\/\/atividademapa.com\/?product=mapa-fisica-geral-e-experimental-i-51_2026\",\"url\":\"https:\/\/atividademapa.com\/?product=mapa-fisica-geral-e-experimental-i-51_2026\",\"name\":\"MAPA - F\u00cdSICA GERAL E EXPERIMENTAL I - 51_2026\",\"isPartOf\":{\"@id\":\"https:\/\/atividademapa.com\/#website\"},\"primaryImageOfPage\":{\"@id\":\"https:\/\/atividademapa.com\/?product=mapa-fisica-geral-e-experimental-i-51_2026#primaryimage\"},\"image\":{\"@id\":\"https:\/\/atividademapa.com\/?product=mapa-fisica-geral-e-experimental-i-51_2026#primaryimage\"},\"thumbnailUrl\":\"https:\/\/i0.wp.com\/atividademapa.com\/wp-content\/uploads\/2023\/03\/Atividade-M.A.P.A-3.png?fit=300%2C300&ssl=1\",\"datePublished\":\"2026-02-28T13:43:35+00:00\",\"dateModified\":\"2026-02-28T13:43:36+00:00\",\"description\":\"Atividade MAPA - F\u00cdSICA GERAL E EXPERIMENTAL I - 51_2026 &#8902; Unicesumar. Baixe agora mesmo um Mapa Pronto resolvido!\",\"breadcrumb\":{\"@id\":\"https:\/\/atividademapa.com\/?product=mapa-fisica-geral-e-experimental-i-51_2026#breadcrumb\"},\"inLanguage\":\"pt-BR\",\"potentialAction\":[{\"@type\":\"ReadAction\",\"target\":[\"https:\/\/atividademapa.com\/?product=mapa-fisica-geral-e-experimental-i-51_2026\"]}]},{\"@type\":\"ImageObject\",\"inLanguage\":\"pt-BR\",\"@id\":\"https:\/\/atividademapa.com\/?product=mapa-fisica-geral-e-experimental-i-51_2026#primaryimage\",\"url\":\"https:\/\/i0.wp.com\/atividademapa.com\/wp-content\/uploads\/2023\/03\/Atividade-M.A.P.A-3.png?fit=300%2C300&ssl=1\",\"contentUrl\":\"https:\/\/i0.wp.com\/atividademapa.com\/wp-content\/uploads\/2023\/03\/Atividade-M.A.P.A-3.png?fit=300%2C300&ssl=1\",\"width\":300,\"height\":300,\"caption\":\"Mapa Unicesumar Atividade\"},{\"@type\":\"BreadcrumbList\",\"@id\":\"https:\/\/atividademapa.com\/?product=mapa-fisica-geral-e-experimental-i-51_2026#breadcrumb\",\"itemListElement\":[{\"@type\":\"ListItem\",\"position\":1,\"name\":\"In\u00edcio\",\"item\":\"https:\/\/atividademapa.com\/\"},{\"@type\":\"ListItem\",\"position\":2,\"name\":\"MAPAS\",\"item\":\"https:\/\/atividademapa.com\/?page_id=5\"},{\"@type\":\"ListItem\",\"position\":3,\"name\":\"MAPA &#8211; F\u00cdSICA GERAL E EXPERIMENTAL I &#8211; 51_2026\"}]},{\"@type\":\"WebSite\",\"@id\":\"https:\/\/atividademapa.com\/#website\",\"url\":\"https:\/\/atividademapa.com\/\",\"name\":\"Atividade Mapa\",\"description\":\"StudeO | Unicesumar\",\"publisher\":{\"@id\":\"https:\/\/atividademapa.com\/#organization\"},\"potentialAction\":[{\"@type\":\"SearchAction\",\"target\":{\"@type\":\"EntryPoint\",\"urlTemplate\":\"https:\/\/atividademapa.com\/?s={search_term_string}\"},\"query-input\":{\"@type\":\"PropertyValueSpecification\",\"valueRequired\":true,\"valueName\":\"search_term_string\"}}],\"inLanguage\":\"pt-BR\"},{\"@type\":\"Organization\",\"@id\":\"https:\/\/atividademapa.com\/#organization\",\"name\":\"Atividade MAPA\",\"url\":\"https:\/\/atividademapa.com\/\",\"logo\":{\"@type\":\"ImageObject\",\"inLanguage\":\"pt-BR\",\"@id\":\"https:\/\/atividademapa.com\/#\/schema\/logo\/image\/\",\"url\":\"https:\/\/i0.wp.com\/atividademapa.com\/wp-content\/uploads\/2023\/02\/ATIVIDADE.png?fit=600%2C300&ssl=1\",\"contentUrl\":\"https:\/\/i0.wp.com\/atividademapa.com\/wp-content\/uploads\/2023\/02\/ATIVIDADE.png?fit=600%2C300&ssl=1\",\"width\":600,\"height\":300,\"caption\":\"Atividade MAPA\"},\"image\":{\"@id\":\"https:\/\/atividademapa.com\/#\/schema\/logo\/image\/\"}}]}<\/script>\n<!-- \/ Yoast SEO plugin. -->","yoast_head_json":{"title":"MAPA - F\u00cdSICA GERAL E EXPERIMENTAL I - 51_2026","description":"Atividade MAPA - F\u00cdSICA GERAL E EXPERIMENTAL I - 51_2026 &#8902; Unicesumar. Baixe agora mesmo um Mapa Pronto resolvido!","robots":{"index":"index","follow":"follow","max-snippet":"max-snippet:-1","max-image-preview":"max-image-preview:large","max-video-preview":"max-video-preview:-1"},"canonical":"https:\/\/atividademapa.com\/?product=mapa-fisica-geral-e-experimental-i-51_2026","og_locale":"pt_BR","og_type":"article","og_title":"MAPA - F\u00cdSICA GERAL E EXPERIMENTAL I - 51_2026","og_description":"Atividade MAPA - F\u00cdSICA GERAL E EXPERIMENTAL I - 51_2026 &#8902; Unicesumar. Baixe agora mesmo um Mapa Pronto resolvido!","og_url":"https:\/\/atividademapa.com\/?product=mapa-fisica-geral-e-experimental-i-51_2026","og_site_name":"Atividade Mapa","article_modified_time":"2026-02-28T13:43:36+00:00","og_image":[{"width":300,"height":300,"url":"https:\/\/atividademapa.com\/wp-content\/uploads\/2023\/03\/Atividade-M.A.P.A-3.png","type":"image\/png"}],"twitter_card":"summary_large_image","twitter_misc":{"Est. tempo de leitura":"5 minutos"},"schema":{"@context":"https:\/\/schema.org","@graph":[{"@type":"WebPage","@id":"https:\/\/atividademapa.com\/?product=mapa-fisica-geral-e-experimental-i-51_2026","url":"https:\/\/atividademapa.com\/?product=mapa-fisica-geral-e-experimental-i-51_2026","name":"MAPA - F\u00cdSICA GERAL E EXPERIMENTAL I - 51_2026","isPartOf":{"@id":"https:\/\/atividademapa.com\/#website"},"primaryImageOfPage":{"@id":"https:\/\/atividademapa.com\/?product=mapa-fisica-geral-e-experimental-i-51_2026#primaryimage"},"image":{"@id":"https:\/\/atividademapa.com\/?product=mapa-fisica-geral-e-experimental-i-51_2026#primaryimage"},"thumbnailUrl":"https:\/\/i0.wp.com\/atividademapa.com\/wp-content\/uploads\/2023\/03\/Atividade-M.A.P.A-3.png?fit=300%2C300&ssl=1","datePublished":"2026-02-28T13:43:35+00:00","dateModified":"2026-02-28T13:43:36+00:00","description":"Atividade MAPA - F\u00cdSICA GERAL E EXPERIMENTAL I - 51_2026 &#8902; Unicesumar. Baixe agora mesmo um Mapa Pronto resolvido!","breadcrumb":{"@id":"https:\/\/atividademapa.com\/?product=mapa-fisica-geral-e-experimental-i-51_2026#breadcrumb"},"inLanguage":"pt-BR","potentialAction":[{"@type":"ReadAction","target":["https:\/\/atividademapa.com\/?product=mapa-fisica-geral-e-experimental-i-51_2026"]}]},{"@type":"ImageObject","inLanguage":"pt-BR","@id":"https:\/\/atividademapa.com\/?product=mapa-fisica-geral-e-experimental-i-51_2026#primaryimage","url":"https:\/\/i0.wp.com\/atividademapa.com\/wp-content\/uploads\/2023\/03\/Atividade-M.A.P.A-3.png?fit=300%2C300&ssl=1","contentUrl":"https:\/\/i0.wp.com\/atividademapa.com\/wp-content\/uploads\/2023\/03\/Atividade-M.A.P.A-3.png?fit=300%2C300&ssl=1","width":300,"height":300,"caption":"Mapa Unicesumar Atividade"},{"@type":"BreadcrumbList","@id":"https:\/\/atividademapa.com\/?product=mapa-fisica-geral-e-experimental-i-51_2026#breadcrumb","itemListElement":[{"@type":"ListItem","position":1,"name":"In\u00edcio","item":"https:\/\/atividademapa.com\/"},{"@type":"ListItem","position":2,"name":"MAPAS","item":"https:\/\/atividademapa.com\/?page_id=5"},{"@type":"ListItem","position":3,"name":"MAPA &#8211; F\u00cdSICA GERAL E EXPERIMENTAL I &#8211; 51_2026"}]},{"@type":"WebSite","@id":"https:\/\/atividademapa.com\/#website","url":"https:\/\/atividademapa.com\/","name":"Atividade Mapa","description":"StudeO | Unicesumar","publisher":{"@id":"https:\/\/atividademapa.com\/#organization"},"potentialAction":[{"@type":"SearchAction","target":{"@type":"EntryPoint","urlTemplate":"https:\/\/atividademapa.com\/?s={search_term_string}"},"query-input":{"@type":"PropertyValueSpecification","valueRequired":true,"valueName":"search_term_string"}}],"inLanguage":"pt-BR"},{"@type":"Organization","@id":"https:\/\/atividademapa.com\/#organization","name":"Atividade MAPA","url":"https:\/\/atividademapa.com\/","logo":{"@type":"ImageObject","inLanguage":"pt-BR","@id":"https:\/\/atividademapa.com\/#\/schema\/logo\/image\/","url":"https:\/\/i0.wp.com\/atividademapa.com\/wp-content\/uploads\/2023\/02\/ATIVIDADE.png?fit=600%2C300&ssl=1","contentUrl":"https:\/\/i0.wp.com\/atividademapa.com\/wp-content\/uploads\/2023\/02\/ATIVIDADE.png?fit=600%2C300&ssl=1","width":600,"height":300,"caption":"Atividade MAPA"},"image":{"@id":"https:\/\/atividademapa.com\/#\/schema\/logo\/image\/"}}]}},"_links":{"self":[{"href":"https:\/\/atividademapa.com\/index.php?rest_route=\/wp\/v2\/product\/6643","targetHints":{"allow":["GET"]}}],"collection":[{"href":"https:\/\/atividademapa.com\/index.php?rest_route=\/wp\/v2\/product"}],"about":[{"href":"https:\/\/atividademapa.com\/index.php?rest_route=\/wp\/v2\/types\/product"}],"version-history":[{"count":1,"href":"https:\/\/atividademapa.com\/index.php?rest_route=\/wp\/v2\/product\/6643\/revisions"}],"predecessor-version":[{"id":6645,"href":"https:\/\/atividademapa.com\/index.php?rest_route=\/wp\/v2\/product\/6643\/revisions\/6645"}],"wp:featuredmedia":[{"embeddable":true,"href":"https:\/\/atividademapa.com\/index.php?rest_route=\/wp\/v2\/media\/2326"}],"wp:attachment":[{"href":"https:\/\/atividademapa.com\/index.php?rest_route=%2Fwp%2Fv2%2Fmedia&parent=6643"}],"wp:term":[{"taxonomy":"product_brand","embeddable":true,"href":"https:\/\/atividademapa.com\/index.php?rest_route=%2Fwp%2Fv2%2Fproduct_brand&post=6643"},{"taxonomy":"product_cat","embeddable":true,"href":"https:\/\/atividademapa.com\/index.php?rest_route=%2Fwp%2Fv2%2Fproduct_cat&post=6643"},{"taxonomy":"product_tag","embeddable":true,"href":"https:\/\/atividademapa.com\/index.php?rest_route=%2Fwp%2Fv2%2Fproduct_tag&post=6643"}],"curies":[{"name":"wp","href":"https:\/\/api.w.org\/{rel}","templated":true}]}}