{"id":6646,"date":"2026-02-28T12:45:01","date_gmt":"2026-02-28T15:45:01","guid":{"rendered":"https:\/\/atividademapa.com\/?post_type=product&#038;p=6646"},"modified":"2026-02-28T12:45:02","modified_gmt":"2026-02-28T15:45:02","slug":"mapa-far-farmacologia-aplicada-51_2026","status":"publish","type":"product","link":"https:\/\/atividademapa.com\/?product=mapa-far-farmacologia-aplicada-51_2026","title":{"rendered":"MAPA &#8211; FAR &#8211; FARMACOLOGIA APLICADA &#8211; 51_2026"},"content":{"rendered":"<p><strong>MAPA DE FARMACOLOGIA APLICADA<\/strong><\/p>\n<p><strong>Caro estudante!<\/strong><\/p>\n<p>Seja bem-vindo ao Material de Avalia\u00e7\u00e3o Pr\u00e1tica de Aprendizagem (MAPA) da disciplina de Farmacologia Aplicada.<\/p>\n<p><strong>Instru\u00e7\u00f5es Iniciais:<\/strong><\/p>\n<p>1. Leia o enunciado com aten\u00e7\u00e3o, verificando o que est\u00e1 sendo pedido na quest\u00e3o.<br \/>\n2.\u00a0<u>\u00c9 obrigat\u00f3rio<\/u>\u00a0utilizar o\u00a0<strong>Modelo Padr\u00e3o da Atividade MAPA<\/strong>\u00a0para realizar esta atividade. Ele se encontra em \u201cMaterial da Disciplina\u201d. Siga todas as instru\u00e7\u00f5es constantes nesse modelo.<br \/>\n3. Assista ao\u00a0<strong>V\u00eddeo de Orienta\u00e7\u00e3o da Atividade MAPA<\/strong>\u00a0que estar\u00e1 na \u201cSala do Caf\u00e9\u201d.<\/p>\n<p><strong>INTRODU\u00c7\u00c3O<\/strong><\/p>\n<p>Conforme as Diretrizes Brasileiras de Hipertens\u00e3o Arterial (2020), a hipertens\u00e3o arterial (HA) uma doen\u00e7a cr\u00f4nica n\u00e3o transmiss\u00edvel (DCNT) definida por n\u00edveis press\u00f3ricos, em que os benef\u00edcios do tratamento (n\u00e3o medicamentoso e\/ou medicamentoso) superam os riscos. Trata-se de uma condi\u00e7\u00e3o multifatorial, que depende de fatores gen\u00e9ticos\/epigen\u00e9ticos, ambientais e sociais, caracterizada por eleva\u00e7\u00e3o persistente da press\u00e3o arterial (PA), ou seja, PA sist\u00f3lica (PAS) maior ou igual a 140 mmHg e\/ou PA diast\u00f3lica (PAD) maior ou igual a 90 mmHg. Os dados de preval\u00eancia no pa\u00eds tendem a variar conforme a metodologia e as casu\u00edsticas utilizadas. Segundo a Pesquisa Nacional de Sa\u00fade de 2013, 21,4% dos adultos brasileiros autorrelataram HA, enquanto, considerando as medidas de PA aferidas e uso de medica\u00e7\u00e3o anti-hipertensiva, o percentual de adultos com PA maior ou igual que 140 por 90 mmHg chegou a 32,3%. Detectou-se que a preval\u00eancia de HA foi maior entre homens, al\u00e9m de, como esperado, aumentar com a idade por todos os crit\u00e9rios, chegando a 71,7% para os indiv\u00edduos acima de 70 anos. O tratamento com medicamentos pode ser iniciado com monoterapia ou com combina\u00e7\u00e3o de f\u00e1rmacos. \u00canfase deve ser dada ao uso de combina\u00e7\u00e3o de f\u00e1rmacos como estrat\u00e9gia preferencial para a maioria dos pacientes hipertensos, como demonstrado na figura 1 a seguir (Barroso\u00a0<em>et al<\/em>., 2020).<br \/>\n<img data-recalc-dims=\"1\" decoding=\"async\" src=\"https:\/\/i0.wp.com\/sistemasead.unicesumar.edu.br\/flex\/amfphp\/services\/Portal\/ImagemQuestionario2\/QUE_301700_636759_1.jpg?ssl=1\" alt=\"\" \/><\/p>\n<p>Fonte: adaptado de: BARROSO, W. K. S.<em>\u00a0et al.\u00a0<\/em><strong>Diretrizes Brasileiras da Hipertens\u00e3o Arterial<\/strong>, 2020. Dispon\u00edvel em: https:\/\/abccardiol.org\/article\/diretrizes-brasileiras-de-hipertensao-arterial-2020\/. Acesso em: 30 jan. 2025.<\/p>\n<p><strong>O QUE DEVO FAZER NESTA ATIVIDADE?<\/strong><\/p>\n<p>1. Estudar os conte\u00fados das aulas e livro da disciplina.<br \/>\n2. Acessar as Diretrizes Brasileiras de Hipertens\u00e3o Arterial, 2020 \u2013 dispon\u00edvel no Material da Disciplina e na Sala do Caf\u00e9.<\/p>\n<p>Considerando o contexto exposto e os materiais indicados, responda \u00e0s quest\u00f5es propostas:<\/p>\n<p>\u200b1 a) Sabendo que existem diferentes classes de f\u00e1rmacos com atividade anti-hipertensiva e baseando no material de apoio e nas Diretrizes Brasileiras de Hipertens\u00e3o,\u00a0<strong>CITE<\/strong>\u00a0as principais classes de f\u00e1rmacos utilizados no tratamento da hipertens\u00e3o: monoterapia (1), combina\u00e7\u00e3o de 2 f\u00e1rmacos (2), combina\u00e7\u00e3o de 3 f\u00e1rmacos (3), quarto f\u00e1rmaco (4) e adi\u00e7\u00e3o de mais f\u00e1rmacos (5)<br \/>\n1 b) Quais classes de medicamentos a combina\u00e7\u00e3o \u00e9 contraindicada? Por qu\u00ea?<\/p>\n<p>2) Elabore um mapa mental\u00a0<u>objetivo<\/u>, focando nos anti-hipertensivos, indicando a classe dos anti-hipertensivos (pelo menos 5), seu mecanismo de a\u00e7\u00e3o e efeitos adversos mais importantes\/comuns.<\/p>\n<p><strong>Refer\u00eancias bibliogr\u00e1ficas<\/strong><br \/>\nATEN\u00c7\u00c3O: Insira as refer\u00eancias bibliogr\u00e1ficas de todos os materiais utilizados na pesquisa, incluindo os indicados no MAPA, no formato ABNT.<\/p>\n<p><strong>ORIENTA\u00c7\u00d5ES FINAIS<\/strong><br \/>\n&#8211; O arquivo deve ser enviado \u00fanica e exclusivamente pelo seu Studeo, no campo \u201cMAPA\u201d desta disciplina. Toda e qualquer outra forma de entrega desta atividade n\u00e3o \u00e9 considerada.<br \/>\n&#8211;\u00a0<strong>SOMENTE UM ARQUIVO PODE SER ANEXADO NO STUDEO<\/strong><br \/>\n&#8211; Coloque um nome simples no seu arquivo. Se o nome tiver caracteres estranhos (principalmente pontos) ou for muito grande, a equipe de corre\u00e7\u00e3o pode n\u00e3o conseguir abrir o seu trabalho, e ele pode ser zerado.<br \/>\n&#8211; Sugerimos que envie o arquivo em PDF para evitar incompatibilidades e arquivos corrompidos.<br \/>\n&#8211;\u00a0<strong>VERIFIQUE SE VOC\u00ca EST\u00c1 ENVIANDO O ARQUIVO CORRETO<\/strong>! Identifique o arquivo com o seu primeiro e \u00faltimo nome e a disciplina para evitar que voc\u00ea troque o arquivo na hora de anexar. Ex: MAPA_Farmacolgia Aplicada_ Jose.pdf<br \/>\n&#8211; Antes de clicar em FINALIZAR, certifique-se de que est\u00e1 tudo certo, pois, uma vez finalizado, voc\u00ea n\u00e3o poder\u00e1 mais modificar o arquivo. Sugerimos que voc\u00ea clique no link gerado da sua atividade e fa\u00e7a o download para conferir.<br \/>\n&#8211; Salve o comprovante de envio da atividade, clicando em Imprimir, acima do cabe\u00e7alho da atividade.<\/p>\n<p><strong>Bom trabalho!<\/strong><\/p>\n","protected":false},"excerpt":{"rendered":"<p>MAPA DE FARMACOLOGIA APLICADA Caro estudante! Seja bem-vindo ao Material de Avalia\u00e7\u00e3o Pr\u00e1tica de Aprendizagem (MAPA) da disciplina de Farmacologia<\/p>\n","protected":false},"featured_media":2326,"template":"","meta":{"_monsterinsights_skip_tracking":false,"_monsterinsights_sitenote_active":false,"_monsterinsights_sitenote_note":"","_monsterinsights_sitenote_category":0},"product_brand":[],"product_cat":[172,31],"product_tag":[],"class_list":{"0":"post-6646","1":"product","2":"type-product","3":"status-publish","4":"has-post-thumbnail","6":"product_cat-2026-1","7":"product_cat-farmacia","9":"first","10":"instock","11":"downloadable","12":"virtual","13":"purchasable","14":"product-type-simple"},"yoast_head":"<!-- This site is optimized with the Yoast SEO plugin v26.9 - https:\/\/yoast.com\/product\/yoast-seo-wordpress\/ -->\n<title>MAPA - FAR - FARMACOLOGIA APLICADA - 51_2026<\/title>\n<meta name=\"description\" content=\"Atividade MAPA - FAR - FARMACOLOGIA APLICADA - 51_2026 &#8902; Unicesumar. Baixe agora mesmo um Mapa Pronto resolvido!\" \/>\n<meta name=\"robots\" content=\"index, follow, max-snippet:-1, max-image-preview:large, max-video-preview:-1\" \/>\n<link rel=\"canonical\" href=\"https:\/\/atividademapa.com\/?product=mapa-far-farmacologia-aplicada-51_2026\" \/>\n<meta property=\"og:locale\" content=\"pt_BR\" \/>\n<meta property=\"og:type\" content=\"article\" \/>\n<meta property=\"og:title\" content=\"MAPA - FAR - FARMACOLOGIA APLICADA - 51_2026\" \/>\n<meta property=\"og:description\" content=\"Atividade MAPA - FAR - FARMACOLOGIA APLICADA - 51_2026 &#8902; Unicesumar. Baixe agora mesmo um Mapa Pronto resolvido!\" \/>\n<meta property=\"og:url\" content=\"https:\/\/atividademapa.com\/?product=mapa-far-farmacologia-aplicada-51_2026\" \/>\n<meta property=\"og:site_name\" content=\"Atividade Mapa\" \/>\n<meta property=\"article:modified_time\" content=\"2026-02-28T15:45:02+00:00\" \/>\n<meta property=\"og:image\" content=\"https:\/\/atividademapa.com\/wp-content\/uploads\/2023\/03\/Atividade-M.A.P.A-3.png\" \/>\n\t<meta property=\"og:image:width\" content=\"300\" \/>\n\t<meta property=\"og:image:height\" content=\"300\" \/>\n\t<meta property=\"og:image:type\" content=\"image\/png\" \/>\n<meta name=\"twitter:card\" content=\"summary_large_image\" \/>\n<meta name=\"twitter:label1\" content=\"Est. tempo de leitura\" \/>\n\t<meta name=\"twitter:data1\" content=\"4 minutos\" \/>\n<script type=\"application\/ld+json\" class=\"yoast-schema-graph\">{\"@context\":\"https:\/\/schema.org\",\"@graph\":[{\"@type\":\"WebPage\",\"@id\":\"https:\/\/atividademapa.com\/?product=mapa-far-farmacologia-aplicada-51_2026\",\"url\":\"https:\/\/atividademapa.com\/?product=mapa-far-farmacologia-aplicada-51_2026\",\"name\":\"MAPA - FAR - FARMACOLOGIA APLICADA - 51_2026\",\"isPartOf\":{\"@id\":\"https:\/\/atividademapa.com\/#website\"},\"primaryImageOfPage\":{\"@id\":\"https:\/\/atividademapa.com\/?product=mapa-far-farmacologia-aplicada-51_2026#primaryimage\"},\"image\":{\"@id\":\"https:\/\/atividademapa.com\/?product=mapa-far-farmacologia-aplicada-51_2026#primaryimage\"},\"thumbnailUrl\":\"https:\/\/i0.wp.com\/atividademapa.com\/wp-content\/uploads\/2023\/03\/Atividade-M.A.P.A-3.png?fit=300%2C300&ssl=1\",\"datePublished\":\"2026-02-28T15:45:01+00:00\",\"dateModified\":\"2026-02-28T15:45:02+00:00\",\"description\":\"Atividade MAPA - FAR - FARMACOLOGIA APLICADA - 51_2026 &#8902; Unicesumar. Baixe agora mesmo um Mapa Pronto resolvido!\",\"breadcrumb\":{\"@id\":\"https:\/\/atividademapa.com\/?product=mapa-far-farmacologia-aplicada-51_2026#breadcrumb\"},\"inLanguage\":\"pt-BR\",\"potentialAction\":[{\"@type\":\"ReadAction\",\"target\":[\"https:\/\/atividademapa.com\/?product=mapa-far-farmacologia-aplicada-51_2026\"]}]},{\"@type\":\"ImageObject\",\"inLanguage\":\"pt-BR\",\"@id\":\"https:\/\/atividademapa.com\/?product=mapa-far-farmacologia-aplicada-51_2026#primaryimage\",\"url\":\"https:\/\/i0.wp.com\/atividademapa.com\/wp-content\/uploads\/2023\/03\/Atividade-M.A.P.A-3.png?fit=300%2C300&ssl=1\",\"contentUrl\":\"https:\/\/i0.wp.com\/atividademapa.com\/wp-content\/uploads\/2023\/03\/Atividade-M.A.P.A-3.png?fit=300%2C300&ssl=1\",\"width\":300,\"height\":300,\"caption\":\"Mapa Unicesumar Atividade\"},{\"@type\":\"BreadcrumbList\",\"@id\":\"https:\/\/atividademapa.com\/?product=mapa-far-farmacologia-aplicada-51_2026#breadcrumb\",\"itemListElement\":[{\"@type\":\"ListItem\",\"position\":1,\"name\":\"In\u00edcio\",\"item\":\"https:\/\/atividademapa.com\/\"},{\"@type\":\"ListItem\",\"position\":2,\"name\":\"MAPAS\",\"item\":\"https:\/\/atividademapa.com\/?page_id=5\"},{\"@type\":\"ListItem\",\"position\":3,\"name\":\"MAPA &#8211; FAR &#8211; FARMACOLOGIA APLICADA &#8211; 51_2026\"}]},{\"@type\":\"WebSite\",\"@id\":\"https:\/\/atividademapa.com\/#website\",\"url\":\"https:\/\/atividademapa.com\/\",\"name\":\"Atividade Mapa\",\"description\":\"StudeO | Unicesumar\",\"publisher\":{\"@id\":\"https:\/\/atividademapa.com\/#organization\"},\"potentialAction\":[{\"@type\":\"SearchAction\",\"target\":{\"@type\":\"EntryPoint\",\"urlTemplate\":\"https:\/\/atividademapa.com\/?s={search_term_string}\"},\"query-input\":{\"@type\":\"PropertyValueSpecification\",\"valueRequired\":true,\"valueName\":\"search_term_string\"}}],\"inLanguage\":\"pt-BR\"},{\"@type\":\"Organization\",\"@id\":\"https:\/\/atividademapa.com\/#organization\",\"name\":\"Atividade MAPA\",\"url\":\"https:\/\/atividademapa.com\/\",\"logo\":{\"@type\":\"ImageObject\",\"inLanguage\":\"pt-BR\",\"@id\":\"https:\/\/atividademapa.com\/#\/schema\/logo\/image\/\",\"url\":\"https:\/\/i0.wp.com\/atividademapa.com\/wp-content\/uploads\/2023\/02\/ATIVIDADE.png?fit=600%2C300&ssl=1\",\"contentUrl\":\"https:\/\/i0.wp.com\/atividademapa.com\/wp-content\/uploads\/2023\/02\/ATIVIDADE.png?fit=600%2C300&ssl=1\",\"width\":600,\"height\":300,\"caption\":\"Atividade MAPA\"},\"image\":{\"@id\":\"https:\/\/atividademapa.com\/#\/schema\/logo\/image\/\"}}]}<\/script>\n<!-- \/ Yoast SEO plugin. -->","yoast_head_json":{"title":"MAPA - FAR - FARMACOLOGIA APLICADA - 51_2026","description":"Atividade MAPA - FAR - FARMACOLOGIA APLICADA - 51_2026 &#8902; Unicesumar. Baixe agora mesmo um Mapa Pronto resolvido!","robots":{"index":"index","follow":"follow","max-snippet":"max-snippet:-1","max-image-preview":"max-image-preview:large","max-video-preview":"max-video-preview:-1"},"canonical":"https:\/\/atividademapa.com\/?product=mapa-far-farmacologia-aplicada-51_2026","og_locale":"pt_BR","og_type":"article","og_title":"MAPA - FAR - FARMACOLOGIA APLICADA - 51_2026","og_description":"Atividade MAPA - FAR - FARMACOLOGIA APLICADA - 51_2026 &#8902; Unicesumar. Baixe agora mesmo um Mapa Pronto resolvido!","og_url":"https:\/\/atividademapa.com\/?product=mapa-far-farmacologia-aplicada-51_2026","og_site_name":"Atividade Mapa","article_modified_time":"2026-02-28T15:45:02+00:00","og_image":[{"width":300,"height":300,"url":"https:\/\/atividademapa.com\/wp-content\/uploads\/2023\/03\/Atividade-M.A.P.A-3.png","type":"image\/png"}],"twitter_card":"summary_large_image","twitter_misc":{"Est. tempo de leitura":"4 minutos"},"schema":{"@context":"https:\/\/schema.org","@graph":[{"@type":"WebPage","@id":"https:\/\/atividademapa.com\/?product=mapa-far-farmacologia-aplicada-51_2026","url":"https:\/\/atividademapa.com\/?product=mapa-far-farmacologia-aplicada-51_2026","name":"MAPA - FAR - FARMACOLOGIA APLICADA - 51_2026","isPartOf":{"@id":"https:\/\/atividademapa.com\/#website"},"primaryImageOfPage":{"@id":"https:\/\/atividademapa.com\/?product=mapa-far-farmacologia-aplicada-51_2026#primaryimage"},"image":{"@id":"https:\/\/atividademapa.com\/?product=mapa-far-farmacologia-aplicada-51_2026#primaryimage"},"thumbnailUrl":"https:\/\/i0.wp.com\/atividademapa.com\/wp-content\/uploads\/2023\/03\/Atividade-M.A.P.A-3.png?fit=300%2C300&ssl=1","datePublished":"2026-02-28T15:45:01+00:00","dateModified":"2026-02-28T15:45:02+00:00","description":"Atividade MAPA - FAR - FARMACOLOGIA APLICADA - 51_2026 &#8902; Unicesumar. Baixe agora mesmo um Mapa Pronto resolvido!","breadcrumb":{"@id":"https:\/\/atividademapa.com\/?product=mapa-far-farmacologia-aplicada-51_2026#breadcrumb"},"inLanguage":"pt-BR","potentialAction":[{"@type":"ReadAction","target":["https:\/\/atividademapa.com\/?product=mapa-far-farmacologia-aplicada-51_2026"]}]},{"@type":"ImageObject","inLanguage":"pt-BR","@id":"https:\/\/atividademapa.com\/?product=mapa-far-farmacologia-aplicada-51_2026#primaryimage","url":"https:\/\/i0.wp.com\/atividademapa.com\/wp-content\/uploads\/2023\/03\/Atividade-M.A.P.A-3.png?fit=300%2C300&ssl=1","contentUrl":"https:\/\/i0.wp.com\/atividademapa.com\/wp-content\/uploads\/2023\/03\/Atividade-M.A.P.A-3.png?fit=300%2C300&ssl=1","width":300,"height":300,"caption":"Mapa Unicesumar Atividade"},{"@type":"BreadcrumbList","@id":"https:\/\/atividademapa.com\/?product=mapa-far-farmacologia-aplicada-51_2026#breadcrumb","itemListElement":[{"@type":"ListItem","position":1,"name":"In\u00edcio","item":"https:\/\/atividademapa.com\/"},{"@type":"ListItem","position":2,"name":"MAPAS","item":"https:\/\/atividademapa.com\/?page_id=5"},{"@type":"ListItem","position":3,"name":"MAPA &#8211; FAR &#8211; FARMACOLOGIA APLICADA &#8211; 51_2026"}]},{"@type":"WebSite","@id":"https:\/\/atividademapa.com\/#website","url":"https:\/\/atividademapa.com\/","name":"Atividade Mapa","description":"StudeO | Unicesumar","publisher":{"@id":"https:\/\/atividademapa.com\/#organization"},"potentialAction":[{"@type":"SearchAction","target":{"@type":"EntryPoint","urlTemplate":"https:\/\/atividademapa.com\/?s={search_term_string}"},"query-input":{"@type":"PropertyValueSpecification","valueRequired":true,"valueName":"search_term_string"}}],"inLanguage":"pt-BR"},{"@type":"Organization","@id":"https:\/\/atividademapa.com\/#organization","name":"Atividade MAPA","url":"https:\/\/atividademapa.com\/","logo":{"@type":"ImageObject","inLanguage":"pt-BR","@id":"https:\/\/atividademapa.com\/#\/schema\/logo\/image\/","url":"https:\/\/i0.wp.com\/atividademapa.com\/wp-content\/uploads\/2023\/02\/ATIVIDADE.png?fit=600%2C300&ssl=1","contentUrl":"https:\/\/i0.wp.com\/atividademapa.com\/wp-content\/uploads\/2023\/02\/ATIVIDADE.png?fit=600%2C300&ssl=1","width":600,"height":300,"caption":"Atividade MAPA"},"image":{"@id":"https:\/\/atividademapa.com\/#\/schema\/logo\/image\/"}}]}},"_links":{"self":[{"href":"https:\/\/atividademapa.com\/index.php?rest_route=\/wp\/v2\/product\/6646","targetHints":{"allow":["GET"]}}],"collection":[{"href":"https:\/\/atividademapa.com\/index.php?rest_route=\/wp\/v2\/product"}],"about":[{"href":"https:\/\/atividademapa.com\/index.php?rest_route=\/wp\/v2\/types\/product"}],"version-history":[{"count":1,"href":"https:\/\/atividademapa.com\/index.php?rest_route=\/wp\/v2\/product\/6646\/revisions"}],"predecessor-version":[{"id":6648,"href":"https:\/\/atividademapa.com\/index.php?rest_route=\/wp\/v2\/product\/6646\/revisions\/6648"}],"wp:featuredmedia":[{"embeddable":true,"href":"https:\/\/atividademapa.com\/index.php?rest_route=\/wp\/v2\/media\/2326"}],"wp:attachment":[{"href":"https:\/\/atividademapa.com\/index.php?rest_route=%2Fwp%2Fv2%2Fmedia&parent=6646"}],"wp:term":[{"taxonomy":"product_brand","embeddable":true,"href":"https:\/\/atividademapa.com\/index.php?rest_route=%2Fwp%2Fv2%2Fproduct_brand&post=6646"},{"taxonomy":"product_cat","embeddable":true,"href":"https:\/\/atividademapa.com\/index.php?rest_route=%2Fwp%2Fv2%2Fproduct_cat&post=6646"},{"taxonomy":"product_tag","embeddable":true,"href":"https:\/\/atividademapa.com\/index.php?rest_route=%2Fwp%2Fv2%2Fproduct_tag&post=6646"}],"curies":[{"name":"wp","href":"https:\/\/api.w.org\/{rel}","templated":true}]}}